{"id":497,"date":"2024-11-24T00:33:17","date_gmt":"2024-11-24T00:33:17","guid":{"rendered":"https:\/\/inhidestore.com\/?post_type=product&#038;p=497"},"modified":"2025-08-18T23:13:47","modified_gmt":"2025-08-18T23:13:47","slug":"inhide-nova-auksciausios-kokybes-vyriska-odine-bomber-stiliaus-striuke","status":"publish","type":"product","link":"https:\/\/inhidestore.com\/lt\/parduotuve\/vyrams\/odine-striuke-vyrams\/inhide-nova-auksciausios-kokybes-vyriska-odine-bomber-stiliaus-striuke\/","title":{"rendered":"INHIDE Nova vyri\u0161ka auk\u0161\u010diausios kokyb\u0117s odin\u0117 bomber striuk\u0117"},"content":{"rendered":"<div class=\"product-description\" style=\"font-family: Helvetica, Arial, sans-serif;\">\n<p>INHIDE Nova vyri\u0161ka bomber striuk\u0117 \u2013 tai i\u0161skirtinis modelis, kuris i\u0161 naujo apibr\u0117\u017eia odini\u0173 striuki\u0173 mad\u0105. \u0160tai kod\u0117l tai \u2013 j\u016bs\u0173 svajoni\u0173 striuk\u0117:<\/p>\n<p><strong>Prabangiai mink\u0161ta, auk\u0161\u010diausios kokyb\u0117s oda:<\/strong> Apgaubkite save 100% avies odos prabanga \u2013 ji tokia mink\u0161ta, kad pamir\u0161ite, jog d\u0117vite odin\u0119 striuk\u0119. \u0160i striuk\u0117 sukurta taip, kad prisitaikyt\u0173 prie j\u016bs\u0173 k\u016bno ir su kiekvienu d\u0117v\u0117jimu tapt\u0173 vis labiau individuali.<\/p>\n<p><strong>J\u016bros m\u0117lyna ir balta \u2013 i\u0161rai\u0161kingas kontrastas:<\/strong> Nova modelis pasi\u017eymi \u012fsp\u016bdingu j\u016bros m\u0117lynumo korpusu ir baltomis rankov\u0117mis, sukuriant ry\u0161k\u0173 kontrast\u0105, kuris neabejotinai paliks \u012fsp\u016bd\u012f. \u0160is spalv\u0173 derinys yra toks pat universalus, kiek ir ak\u012f traukiantis, puikiai tinkantis bet kuriuo met\u0173 laiku.<\/p>\n<p><strong>Sukurta tarnauti ilgai:<\/strong> Pakankamai tvirta spontani\u0161kai kelionei, ta\u010diau rafinuota vakarui mieste \u2013 Nova auk\u0161tos kokyb\u0117s konstrukcija u\u017etikrina, kad ji atlaikys kasdienio gyvenimo i\u0161\u0161\u016bkius. Su 10\u201315 met\u0173 tarnavimo laiku, ji taps j\u016bs\u0173 ilgame\u010diu palydovu.<\/p>\n<p><strong>Tobulas prigludimas \u2013 garantuojama:<\/strong> Sukurta nepriekai\u0161tingam prigludimui, Nova pa\u0161alina \u012fprast\u0105 bomber striuki\u0173 apimt\u012f. Jos kirpimas pabr\u0117\u017eia fig\u016br\u0105, o ne j\u0105 paslepia, u\u017etikrinant, kad atrodysite puikiai ir jaustum\u0117t\u0117s komforti\u0161kai.<\/p>\n<p><strong>Tinkama d\u0117v\u0117ti visais met\u0173 laikais:<\/strong> Nesvarbu, ar tai gaivus pavasario v\u0117jelis, ar \u017evarbus rudens oras \u2013 Nova yra j\u016bs\u0173 patikima striuk\u0117. Jos kv\u0117puojanti oda puikiai tinka \u0161iltesn\u0117ms dienoms, o galimyb\u0117 derinti su kitais drabu\u017eiais (sluoksniuoti) daro j\u0105 vienodai tinkama v\u0117sesniems orams.<\/p>\n<p>Trumpai tariant, INHIDE Nova \u2013 tai ne tik dar viena striuk\u0117; tai gyvenimo b\u016bdo patobulinimas. Tai tobulas modernaus dizaino, auk\u0161\u010diausios kokyb\u0117s med\u017eiag\u0173 ir nepriekai\u0161tingo prigludimo derinys. Pasiruo\u0161\u0119 i\u0161siskirti? Nova laukia j\u016bs\u0173.<\/p>\n<p>Spalva: J\u016bros m\u0117lyna ir balta<\/p>\n<\/div>","protected":false},"excerpt":{"rendered":"<p>The INHIDE Nova Men\u2019s Bomber Jacket is a standout piece that redefines the leather jacket game. Here\u2019s why it\u2019s the [&hellip;]<\/p>","protected":false},"featured_media":145,"comment_status":"open","ping_status":"closed","template":"","meta":{"site-sidebar-layout":"default","site-content-layout":"","ast-site-content-layout":"default","site-content-style":"default","site-sidebar-style":"default","ast-global-header-display":"","ast-banner-title-visibility":"","ast-main-header-display":"","ast-hfb-above-header-display":"","ast-hfb-below-header-display":"","ast-hfb-mobile-header-display":"","site-post-title":"","ast-breadcrumbs-content":"","ast-featured-img":"","footer-sml-layout":"","theme-transparent-header-meta":"default","adv-header-id-meta":"","stick-header-meta":"","header-above-stick-meta":"","header-main-stick-meta":"","header-below-stick-meta":"","astra-migrate-meta-layouts":"set","ast-page-background-enabled":"default","ast-page-background-meta":{"desktop":{"background-color":"var(--ast-global-color-4)","background-image":"","background-repeat":"repeat","background-position":"center center","background-size":"auto","background-attachment":"scroll","background-type":"","background-media":"","overlay-type":"","overlay-color":"","overlay-opacity":"","overlay-gradient":""},"tablet":{"background-color":"","background-image":"","background-repeat":"repeat","background-position":"center center","background-size":"auto","background-attachment":"scroll","background-type":"","background-media":"","overlay-type":"","overlay-color":"","overlay-opacity":"","overlay-gradient":""},"mobile":{"background-color":"","background-image":"","background-repeat":"repeat","background-position":"center center","background-size":"auto","background-attachment":"scroll","background-type":"","background-media":"","overlay-type":"","overlay-color":"","overlay-opacity":"","overlay-gradient":""}},"ast-content-background-meta":{"desktop":{"background-color":"var(--ast-global-color-5)","background-image":"","background-repeat":"repeat","background-position":"center center","background-size":"auto","background-attachment":"scroll","background-type":"","background-media":"","overlay-type":"","overlay-color":"","overlay-opacity":"","overlay-gradient":""},"tablet":{"background-color":"var(--ast-global-color-5)","background-image":"","background-repeat":"repeat","background-position":"center center","background-size":"auto","background-attachment":"scroll","background-type":"","background-media":"","overlay-type":"","overlay-color":"","overlay-opacity":"","overlay-gradient":""},"mobile":{"background-color":"var(--ast-global-color-5)","background-image":"","background-repeat":"repeat","background-position":"center center","background-size":"auto","background-attachment":"scroll","background-type":"","background-media":"","overlay-type":"","overlay-color":"","overlay-opacity":"","overlay-gradient":""}}},"product_brand":[],"product_cat":[34],"product_tag":[],"class_list":{"0":"post-497","1":"product","2":"type-product","3":"status-publish","4":"has-post-thumbnail","6":"product_cat-leatherjacketformen","7":"desktop-align-left","8":"tablet-align-left","9":"mobile-align-left","11":"first","12":"instock","13":"shipping-taxable","14":"purchasable","15":"product-type-variable"},"_links":{"self":[{"href":"https:\/\/inhidestore.com\/lt\/wp-json\/wp\/v2\/product\/497","targetHints":{"allow":["GET"]}}],"collection":[{"href":"https:\/\/inhidestore.com\/lt\/wp-json\/wp\/v2\/product"}],"about":[{"href":"https:\/\/inhidestore.com\/lt\/wp-json\/wp\/v2\/types\/product"}],"replies":[{"embeddable":true,"href":"https:\/\/inhidestore.com\/lt\/wp-json\/wp\/v2\/comments?post=497"}],"version-history":[{"count":4,"href":"https:\/\/inhidestore.com\/lt\/wp-json\/wp\/v2\/product\/497\/revisions"}],"predecessor-version":[{"id":2702,"href":"https:\/\/inhidestore.com\/lt\/wp-json\/wp\/v2\/product\/497\/revisions\/2702"}],"wp:featuredmedia":[{"embeddable":true,"href":"https:\/\/inhidestore.com\/lt\/wp-json\/wp\/v2\/media\/145"}],"wp:attachment":[{"href":"https:\/\/inhidestore.com\/lt\/wp-json\/wp\/v2\/media?parent=497"}],"wp:term":[{"taxonomy":"product_brand","embeddable":true,"href":"https:\/\/inhidestore.com\/lt\/wp-json\/wp\/v2\/product_brand?post=497"},{"taxonomy":"product_cat","embeddable":true,"href":"https:\/\/inhidestore.com\/lt\/wp-json\/wp\/v2\/product_cat?post=497"},{"taxonomy":"product_tag","embeddable":true,"href":"https:\/\/inhidestore.com\/lt\/wp-json\/wp\/v2\/product_tag?post=497"}],"curies":[{"name":"wp","href":"https:\/\/api.w.org\/{rel}","templated":true}]}}