{"id":551,"date":"2024-11-24T00:33:20","date_gmt":"2024-11-24T00:33:20","guid":{"rendered":"https:\/\/inhidestore.com\/?post_type=product&#038;p=551"},"modified":"2025-08-18T23:10:24","modified_gmt":"2025-08-18T23:10:24","slug":"inhide-nova-moteriska-auksciausios-kokybes-odine-bomber-striuke-2","status":"publish","type":"product","link":"https:\/\/inhidestore.com\/lt\/parduotuve\/moterims\/odine-striuke-moterims\/inhide-nova-moteriska-auksciausios-kokybes-odine-bomber-striuke-2\/","title":{"rendered":"INHIDE Nova Moteri\u0161ka prabangi odin\u0117 bomber striuk\u0117"},"content":{"rendered":"<div class=\"product-description\" style=\"font-family: Helvetica, Arial, sans-serif;\">\n<p>Atnaujinkite savo stili\u0173 su INHIDE Nova moteri\u0161ka auk\u0161\u010diausios kokyb\u0117s odine bomber striuke<\/p>\n<p>Pagaminta i\u0161 100% grynos, auk\u0161\u010diausios kokyb\u0117s avikailio odos, \u0161i striuk\u0117 suteikia prabang\u0173 komfort\u0105 ir pasi\u017eymi nesenstan\u010diu stiliumi. \u0160tai kod\u0117l ji nusipelno vietos j\u016bs\u0173 spintoje:<\/p>\n<p><strong>Auk\u0161\u010diausios kokyb\u0117s med\u017eiaga:<\/strong> \u0160velni, sviesto mink\u0161tumo avikailio odos tekst\u016bra nuostabiai jau\u010diasi ant j\u016bs\u0173 odos. \u0160i striuk\u0117 ne tik atrodo stulbinamai \u2013 j\u0105 d\u0117v\u0117ti yra tiesiog nuostabu.<\/p>\n<p><strong>Auk\u0161tos kokyb\u0117s u\u017etrauktukai:<\/strong> Sukurta su auk\u0161\u010diausios kokyb\u0117s u\u017etrauktukais, kurie slysta lengvai, u\u017etikrinant ilgaam\u017ei\u0161kum\u0105 ir patog\u0173 naudojim\u0105 \u2013 daugiau joki\u0173 erzinan\u010di\u0173 u\u017estrigim\u0173 ar \u012fstrigusi\u0173 slankikli\u0173.<\/p>\n<p><strong>I\u0161skirtinis ilgaam\u017ei\u0161kumas:<\/strong> Investicija \u012f \u0161i\u0105 striuk\u0119 yra investicija \u012f ilgalaik\u012f stili\u0173. Su 10\u201315 met\u0173 tarnavimo laiku, tai patikimas drabu\u017eis, kuris tarnaus jums sezonas po sezono.<\/p>\n<p><strong>Universalumas visais met\u0173 laikais:<\/strong> Nesvarbu, ar dr\u0105siai pasitinkate \u017evarbias \u017eiemas, ar m\u0117gaujat\u0117s v\u0117siu vasaros vakaru, INHIDE Nova striuk\u0117 sukurta prisitaikyti \u2013 lengvai \u012fsiliejanti \u012f kiekvien\u0105 sezon\u0105 ir aplink\u0105.<\/p>\n<p><strong>Bomber stilius, baikeri\u0173 tvirtumas:<\/strong> Nors sukurta kaip klasikin\u0117 bomber striuk\u0117 su briaunuotais rankogaliais ir apa\u010dia, jos patvari konstrukcija leid\u017eia jai tarnauti ir kaip baikeri\u0173 striukei \u2013 pasirengusi tiek pasivaik\u0161\u010diojimams mieste, tiek atviriems keliams.<\/p>\n<p><strong>\u012esp\u016bdinga spalva:<\/strong> Ry\u0161kus m\u0117lynas atspalvis, pabr\u0117\u017etas tamsiai m\u0117lynais kontrastais, suteikia rafinuot\u0105, bet dr\u0105s\u0173 \u012fvaizd\u012f \u2013 patraukiantis d\u0117mes\u012f, bet ne per daug i\u0161\u0161aukiantis.<\/p>\n<p>Nuo pasiva\u017ein\u0117jim\u0173 motociklu iki pasivaik\u0161\u010diojim\u0173 mieste ar kavos susitikim\u0173, INHIDE Nova moteri\u0161ka auk\u0161\u010diausios kokyb\u0117s odin\u0117 bomber striuk\u0117 puikiai derina mad\u0105 ir funkcionalum\u0105.<\/p>\n<\/div>","protected":false},"excerpt":{"rendered":"<p>Elevate your style with the INHIDE Nova Women\u2019s Premium Leather Bomber Jacket Crafted from 100% pure, premium sheep leather, this [&hellip;]<\/p>","protected":false},"featured_media":105,"comment_status":"open","ping_status":"closed","template":"","meta":{"site-sidebar-layout":"default","site-content-layout":"","ast-site-content-layout":"default","site-content-style":"default","site-sidebar-style":"default","ast-global-header-display":"","ast-banner-title-visibility":"","ast-main-header-display":"","ast-hfb-above-header-display":"","ast-hfb-below-header-display":"","ast-hfb-mobile-header-display":"","site-post-title":"","ast-breadcrumbs-content":"","ast-featured-img":"","footer-sml-layout":"","theme-transparent-header-meta":"default","adv-header-id-meta":"","stick-header-meta":"","header-above-stick-meta":"","header-main-stick-meta":"","header-below-stick-meta":"","astra-migrate-meta-layouts":"set","ast-page-background-enabled":"default","ast-page-background-meta":{"desktop":{"background-color":"var(--ast-global-color-4)","background-image":"","background-repeat":"repeat","background-position":"center center","background-size":"auto","background-attachment":"scroll","background-type":"","background-media":"","overlay-type":"","overlay-color":"","overlay-opacity":"","overlay-gradient":""},"tablet":{"background-color":"","background-image":"","background-repeat":"repeat","background-position":"center center","background-size":"auto","background-attachment":"scroll","background-type":"","background-media":"","overlay-type":"","overlay-color":"","overlay-opacity":"","overlay-gradient":""},"mobile":{"background-color":"","background-image":"","background-repeat":"repeat","background-position":"center center","background-size":"auto","background-attachment":"scroll","background-type":"","background-media":"","overlay-type":"","overlay-color":"","overlay-opacity":"","overlay-gradient":""}},"ast-content-background-meta":{"desktop":{"background-color":"var(--ast-global-color-5)","background-image":"","background-repeat":"repeat","background-position":"center center","background-size":"auto","background-attachment":"scroll","background-type":"","background-media":"","overlay-type":"","overlay-color":"","overlay-opacity":"","overlay-gradient":""},"tablet":{"background-color":"var(--ast-global-color-5)","background-image":"","background-repeat":"repeat","background-position":"center center","background-size":"auto","background-attachment":"scroll","background-type":"","background-media":"","overlay-type":"","overlay-color":"","overlay-opacity":"","overlay-gradient":""},"mobile":{"background-color":"var(--ast-global-color-5)","background-image":"","background-repeat":"repeat","background-position":"center center","background-size":"auto","background-attachment":"scroll","background-type":"","background-media":"","overlay-type":"","overlay-color":"","overlay-opacity":"","overlay-gradient":""}}},"product_brand":[],"product_cat":[37],"product_tag":[],"class_list":{"0":"post-551","1":"product","2":"type-product","3":"status-publish","4":"has-post-thumbnail","6":"product_cat-leatherjacketforwomen","7":"desktop-align-left","8":"tablet-align-left","9":"mobile-align-left","11":"first","12":"instock","13":"shipping-taxable","14":"purchasable","15":"product-type-variable"},"_links":{"self":[{"href":"https:\/\/inhidestore.com\/lt\/wp-json\/wp\/v2\/product\/551","targetHints":{"allow":["GET"]}}],"collection":[{"href":"https:\/\/inhidestore.com\/lt\/wp-json\/wp\/v2\/product"}],"about":[{"href":"https:\/\/inhidestore.com\/lt\/wp-json\/wp\/v2\/types\/product"}],"replies":[{"embeddable":true,"href":"https:\/\/inhidestore.com\/lt\/wp-json\/wp\/v2\/comments?post=551"}],"version-history":[{"count":3,"href":"https:\/\/inhidestore.com\/lt\/wp-json\/wp\/v2\/product\/551\/revisions"}],"predecessor-version":[{"id":2696,"href":"https:\/\/inhidestore.com\/lt\/wp-json\/wp\/v2\/product\/551\/revisions\/2696"}],"wp:featuredmedia":[{"embeddable":true,"href":"https:\/\/inhidestore.com\/lt\/wp-json\/wp\/v2\/media\/105"}],"wp:attachment":[{"href":"https:\/\/inhidestore.com\/lt\/wp-json\/wp\/v2\/media?parent=551"}],"wp:term":[{"taxonomy":"product_brand","embeddable":true,"href":"https:\/\/inhidestore.com\/lt\/wp-json\/wp\/v2\/product_brand?post=551"},{"taxonomy":"product_cat","embeddable":true,"href":"https:\/\/inhidestore.com\/lt\/wp-json\/wp\/v2\/product_cat?post=551"},{"taxonomy":"product_tag","embeddable":true,"href":"https:\/\/inhidestore.com\/lt\/wp-json\/wp\/v2\/product_tag?post=551"}],"curies":[{"name":"wp","href":"https:\/\/api.w.org\/{rel}","templated":true}]}}