{"id":602,"date":"2024-11-24T00:33:24","date_gmt":"2024-11-24T00:33:24","guid":{"rendered":"https:\/\/inhidestore.com\/?post_type=product&#038;p=602"},"modified":"2025-08-18T22:41:05","modified_gmt":"2025-08-18T22:41:05","slug":"inhide-womens-premium-suede-leather-jacket","status":"publish","type":"product","link":"https:\/\/inhidestore.com\/lt\/parduotuve\/moterims\/odine-striuke-moterims\/inhide-womens-premium-suede-leather-jacket\/","title":{"rendered":"INHIDE Moteri\u0161ka prabangi zom\u0161in\u0117 odin\u0117 striuk\u0117"},"content":{"rendered":"<p style=\"font-family: Helvetica, Arial, sans-serif;\">Pakelkite savo garderob\u0105 \u012f nauj\u0105 lyg\u012f su INHIDE moteri\u0161ka prabangia zom\u0161ine odine striuke \u2013 nesenstanti detal\u0117, spinduliuojanti elegancija ir rafinuotumu. Pagaminta i\u0161 100% grynos ir auk\u0161\u010diausios kokyb\u0117s avikailio odos, \u0161i striuk\u0117 yra ne tik mados parei\u0161kimas, bet ir investicija \u012f ilgalaik\u012f stili\u0173.<\/p>\n<p style=\"font-family: Helvetica, Arial, sans-serif;\">Prabangi med\u017eiaga: Patirkite \u0161veln\u0173 kaip sviestas auk\u0161\u010diausios kokyb\u0117s zom\u0161os prisilietim\u0105, u\u017etikrinant\u012f neprilygstam\u0105 komfort\u0105 ir ilgaam\u017ei\u0161kum\u0105.<\/p>\n<p style=\"font-family: Helvetica, Arial, sans-serif;\">Universalus stilius: Nesvarbu, ar puo\u0161iat\u0117s vakarui mieste, ar renkat\u0117s laisvalaikio stili\u0173 dienai mieste, eleganti\u0161kas \u0161ios striuk\u0117s dizainas prisitaikys prie bet kokios progos.<\/p>\n<p style=\"font-family: Helvetica, Arial, sans-serif;\">D\u0117mesys detal\u0117ms: Kruop\u0161\u010diai ir precizi\u0161kai susi\u016bta, kiekviena si\u016bl\u0117 ir sagut\u0117 liudija apie meistri\u0161kum\u0105, slypint\u012f u\u017e \u0161io i\u0161skirtinio gaminio.<\/p>\n<p style=\"font-family: Helvetica, Arial, sans-serif;\">Pajuskite INHIDE skirtum\u0105 jau \u0161iandien ir \u017eenkite \u012f pasaul\u012f pasitik\u0117dami savimi ir elegancija.<\/p>\n<p style=\"font-family: Helvetica, Arial, sans-serif;\">Spalva: \u0160okolado ruda<\/p>","protected":false},"excerpt":{"rendered":"<p>Elevate your wardrobe with the INHIDE Women&#8217;s Premium Suede Leather Jacket \u2013 a timeless piece that exudes elegance and sophistication. [&hellip;]<\/p>","protected":false},"featured_media":149,"comment_status":"open","ping_status":"closed","template":"","meta":{"site-sidebar-layout":"default","site-content-layout":"","ast-site-content-layout":"default","site-content-style":"default","site-sidebar-style":"default","ast-global-header-display":"","ast-banner-title-visibility":"","ast-main-header-display":"","ast-hfb-above-header-display":"","ast-hfb-below-header-display":"","ast-hfb-mobile-header-display":"","site-post-title":"","ast-breadcrumbs-content":"","ast-featured-img":"","footer-sml-layout":"","theme-transparent-header-meta":"default","adv-header-id-meta":"","stick-header-meta":"","header-above-stick-meta":"","header-main-stick-meta":"","header-below-stick-meta":"","astra-migrate-meta-layouts":"set","ast-page-background-enabled":"default","ast-page-background-meta":{"desktop":{"background-color":"var(--ast-global-color-4)","background-image":"","background-repeat":"repeat","background-position":"center center","background-size":"auto","background-attachment":"scroll","background-type":"","background-media":"","overlay-type":"","overlay-color":"","overlay-opacity":"","overlay-gradient":""},"tablet":{"background-color":"","background-image":"","background-repeat":"repeat","background-position":"center center","background-size":"auto","background-attachment":"scroll","background-type":"","background-media":"","overlay-type":"","overlay-color":"","overlay-opacity":"","overlay-gradient":""},"mobile":{"background-color":"","background-image":"","background-repeat":"repeat","background-position":"center center","background-size":"auto","background-attachment":"scroll","background-type":"","background-media":"","overlay-type":"","overlay-color":"","overlay-opacity":"","overlay-gradient":""}},"ast-content-background-meta":{"desktop":{"background-color":"var(--ast-global-color-5)","background-image":"","background-repeat":"repeat","background-position":"center center","background-size":"auto","background-attachment":"scroll","background-type":"","background-media":"","overlay-type":"","overlay-color":"","overlay-opacity":"","overlay-gradient":""},"tablet":{"background-color":"var(--ast-global-color-5)","background-image":"","background-repeat":"repeat","background-position":"center center","background-size":"auto","background-attachment":"scroll","background-type":"","background-media":"","overlay-type":"","overlay-color":"","overlay-opacity":"","overlay-gradient":""},"mobile":{"background-color":"var(--ast-global-color-5)","background-image":"","background-repeat":"repeat","background-position":"center center","background-size":"auto","background-attachment":"scroll","background-type":"","background-media":"","overlay-type":"","overlay-color":"","overlay-opacity":"","overlay-gradient":""}}},"product_brand":[],"product_cat":[37],"product_tag":[],"class_list":{"0":"post-602","1":"product","2":"type-product","3":"status-publish","4":"has-post-thumbnail","6":"product_cat-leatherjacketforwomen","7":"desktop-align-left","8":"tablet-align-left","9":"mobile-align-left","11":"first","12":"instock","13":"shipping-taxable","14":"purchasable","15":"product-type-variable"},"_links":{"self":[{"href":"https:\/\/inhidestore.com\/lt\/wp-json\/wp\/v2\/product\/602","targetHints":{"allow":["GET"]}}],"collection":[{"href":"https:\/\/inhidestore.com\/lt\/wp-json\/wp\/v2\/product"}],"about":[{"href":"https:\/\/inhidestore.com\/lt\/wp-json\/wp\/v2\/types\/product"}],"replies":[{"embeddable":true,"href":"https:\/\/inhidestore.com\/lt\/wp-json\/wp\/v2\/comments?post=602"}],"version-history":[{"count":4,"href":"https:\/\/inhidestore.com\/lt\/wp-json\/wp\/v2\/product\/602\/revisions"}],"predecessor-version":[{"id":2681,"href":"https:\/\/inhidestore.com\/lt\/wp-json\/wp\/v2\/product\/602\/revisions\/2681"}],"wp:featuredmedia":[{"embeddable":true,"href":"https:\/\/inhidestore.com\/lt\/wp-json\/wp\/v2\/media\/149"}],"wp:attachment":[{"href":"https:\/\/inhidestore.com\/lt\/wp-json\/wp\/v2\/media?parent=602"}],"wp:term":[{"taxonomy":"product_brand","embeddable":true,"href":"https:\/\/inhidestore.com\/lt\/wp-json\/wp\/v2\/product_brand?post=602"},{"taxonomy":"product_cat","embeddable":true,"href":"https:\/\/inhidestore.com\/lt\/wp-json\/wp\/v2\/product_cat?post=602"},{"taxonomy":"product_tag","embeddable":true,"href":"https:\/\/inhidestore.com\/lt\/wp-json\/wp\/v2\/product_tag?post=602"}],"curies":[{"name":"wp","href":"https:\/\/api.w.org\/{rel}","templated":true}]}}