{"id":168,"date":"2024-09-06T23:06:27","date_gmt":"2024-09-06T23:06:27","guid":{"rendered":"https:\/\/inhidestore.com\/?post_type=product&#038;p=168"},"modified":"2025-08-18T23:27:02","modified_gmt":"2025-08-18T23:27:02","slug":"inhide-inspirert-ncr-ranger-cosplay-stovkape-i-semsket-skinn","status":"publish","type":"product","link":"https:\/\/inhidestore.com\/nb\/handle\/herre\/frakker\/inhide-inspirert-ncr-ranger-cosplay-stovkape-i-semsket-skinn\/","title":{"rendered":"INHIDE NCR Ranger-inspirert cosplay-st\u00f8vfrakk i semsket skinn"},"content":{"rendered":"<p>Gj\u00f8r deg klar til \u00e5 f\u00f8le det som om du har steget rett ut av \u00f8demarken med v\u00e5r INHIDE NCR Ranger Cosplay Duster Trench Coat. Her handler alt om \u00e5 bringe den legendariske NCR Ranger-viben til live!<\/p>\n<p>Denne k\u00e5pen er laget med et skarpt \u00f8ye for detaljer og treffer midt i blinken p\u00e5 den r\u00f8ffe, autentiske stilen du er ute etter. Vi har lagt sjelen v\u00e5r i hvert eneste sting for \u00e5 sikre topp kvalitet. Og la oss snakke om materialer \u2013 vi snakker rent og f\u00f8rsteklasses semsket saueskinn, s\u00e5 du vet det er ekte vare. Myk \u00e5 ta p\u00e5, men t\u00f8ff nok til \u00e5 t\u00e5le alt \u00f8demarken kaster din vei.<\/p>\n<p>Enten du rigger deg til for et cosplay-event eller bare vil rocke en skikkelig kul stil, er denne k\u00e5pen det perfekte valget. Dette er et plagg som f\u00e5r folk til \u00e5 snu seg og som garantert starter samtaler. S\u00e5 ikke n\u00f8l \u2013 slipp l\u00f8s din indre wasteland-kriger med v\u00e5r NCR Ranger Cosplay Duster Trench Coat fra INHIDE.<\/p>\n<p>Farge: Kamelbrun<\/p>","protected":false},"excerpt":{"rendered":"<p>Get ready to feel like you&#8217;ve stepped straight out of the wasteland with our INHIDE NCR Ranger Cosplay Duster Trench [&hellip;]<\/p>","protected":false},"featured_media":120,"comment_status":"open","ping_status":"closed","template":"","meta":{"site-sidebar-layout":"default","site-content-layout":"","ast-site-content-layout":"default","site-content-style":"default","site-sidebar-style":"default","ast-global-header-display":"","ast-banner-title-visibility":"","ast-main-header-display":"","ast-hfb-above-header-display":"","ast-hfb-below-header-display":"","ast-hfb-mobile-header-display":"","site-post-title":"","ast-breadcrumbs-content":"","ast-featured-img":"","footer-sml-layout":"","theme-transparent-header-meta":"default","adv-header-id-meta":"","stick-header-meta":"","header-above-stick-meta":"","header-main-stick-meta":"","header-below-stick-meta":"","astra-migrate-meta-layouts":"set","ast-page-background-enabled":"default","ast-page-background-meta":{"desktop":{"background-color":"var(--ast-global-color-4)","background-image":"","background-repeat":"repeat","background-position":"center center","background-size":"auto","background-attachment":"scroll","background-type":"","background-media":"","overlay-type":"","overlay-color":"","overlay-opacity":"","overlay-gradient":""},"tablet":{"background-color":"","background-image":"","background-repeat":"repeat","background-position":"center center","background-size":"auto","background-attachment":"scroll","background-type":"","background-media":"","overlay-type":"","overlay-color":"","overlay-opacity":"","overlay-gradient":""},"mobile":{"background-color":"","background-image":"","background-repeat":"repeat","background-position":"center center","background-size":"auto","background-attachment":"scroll","background-type":"","background-media":"","overlay-type":"","overlay-color":"","overlay-opacity":"","overlay-gradient":""}},"ast-content-background-meta":{"desktop":{"background-color":"var(--ast-global-color-5)","background-image":"","background-repeat":"repeat","background-position":"center center","background-size":"auto","background-attachment":"scroll","background-type":"","background-media":"","overlay-type":"","overlay-color":"","overlay-opacity":"","overlay-gradient":""},"tablet":{"background-color":"var(--ast-global-color-5)","background-image":"","background-repeat":"repeat","background-position":"center center","background-size":"auto","background-attachment":"scroll","background-type":"","background-media":"","overlay-type":"","overlay-color":"","overlay-opacity":"","overlay-gradient":""},"mobile":{"background-color":"var(--ast-global-color-5)","background-image":"","background-repeat":"repeat","background-position":"center center","background-size":"auto","background-attachment":"scroll","background-type":"","background-media":"","overlay-type":"","overlay-color":"","overlay-opacity":"","overlay-gradient":""}}},"product_brand":[],"product_cat":[18,17],"product_tag":[],"class_list":{"0":"post-168","1":"product","2":"type-product","3":"status-publish","4":"has-post-thumbnail","6":"product_cat-coats","7":"product_cat-men","8":"desktop-align-left","9":"tablet-align-left","10":"mobile-align-left","12":"first","13":"instock","14":"shipping-taxable","15":"purchasable","16":"product-type-variable"},"_links":{"self":[{"href":"https:\/\/inhidestore.com\/nb\/wp-json\/wp\/v2\/product\/168","targetHints":{"allow":["GET"]}}],"collection":[{"href":"https:\/\/inhidestore.com\/nb\/wp-json\/wp\/v2\/product"}],"about":[{"href":"https:\/\/inhidestore.com\/nb\/wp-json\/wp\/v2\/types\/product"}],"replies":[{"embeddable":true,"href":"https:\/\/inhidestore.com\/nb\/wp-json\/wp\/v2\/comments?post=168"}],"version-history":[{"count":3,"href":"https:\/\/inhidestore.com\/nb\/wp-json\/wp\/v2\/product\/168\/revisions"}],"predecessor-version":[{"id":3130,"href":"https:\/\/inhidestore.com\/nb\/wp-json\/wp\/v2\/product\/168\/revisions\/3130"}],"wp:featuredmedia":[{"embeddable":true,"href":"https:\/\/inhidestore.com\/nb\/wp-json\/wp\/v2\/media\/120"}],"wp:attachment":[{"href":"https:\/\/inhidestore.com\/nb\/wp-json\/wp\/v2\/media?parent=168"}],"wp:term":[{"taxonomy":"product_brand","embeddable":true,"href":"https:\/\/inhidestore.com\/nb\/wp-json\/wp\/v2\/product_brand?post=168"},{"taxonomy":"product_cat","embeddable":true,"href":"https:\/\/inhidestore.com\/nb\/wp-json\/wp\/v2\/product_cat?post=168"},{"taxonomy":"product_tag","embeddable":true,"href":"https:\/\/inhidestore.com\/nb\/wp-json\/wp\/v2\/product_tag?post=168"}],"curies":[{"name":"wp","href":"https:\/\/api.w.org\/{rel}","templated":true}]}}