{"id":413,"date":"2024-11-24T00:33:10","date_gmt":"2024-11-24T00:33:10","guid":{"rendered":"https:\/\/inhidestore.com\/?post_type=product&#038;p=413"},"modified":"2025-08-18T23:20:57","modified_gmt":"2025-08-18T23:20:57","slug":"inhide-sleekedge-premium-semsket-skinnjakke-til-herre","status":"publish","type":"product","link":"https:\/\/inhidestore.com\/nb\/handle\/herre\/skinnjakke-til-herre\/inhide-sleekedge-premium-semsket-skinnjakke-til-herre\/","title":{"rendered":"INHIDE SleekEdge Premium jakke i semsket skinn til herre"},"content":{"rendered":"<div class=\"product-description\" style=\"font-family: Helvetica, Arial, sans-serif; font-size: 16px; line-height: 1.6; color: #ffffff;\">\n<p>M\u00f8t INHIDE SleekEdge. Dette er ikke bare en skinnjakke, men et signaturplagg som garantert blir din trofaste f\u00f8lgesvenn i mange \u00e5r fremover. Vi snakker stil i et ti\u00e5r eller mer \u2013 denne t\u00f8ffingen er skapt for \u00e5 vare, med en levetid p\u00e5 10\u201315 \u00e5r.<\/p>\n<p><strong>Her er detaljene:<\/strong><\/p>\n<p><strong>Skinn av ypperste kvalitet:<\/strong> N\u00e5r vi sier 100% rent sauekinn, mener vi den fineste kvaliteten du kan f\u00e5 tak i. Det er den typen semsket skinn som hvisker luksus og roper holdbarhet. Det er ikke bare bra; det er det beste.<\/p>\n<p><strong>H\u00e5ndverk:<\/strong> Dette er ingen helt vanlig jakke. Den er et resultat av lidenskap, presisjon og en d\u00e6sj INHIDE-magi. F\u00f8lelsen av semsket skinn er like luksuri\u00f8s som den er slitesterk, takket v\u00e6re f\u00f8rsteklasses sauekinn som bare blir bedre med \u00e5rene.<\/p>\n<p><strong>Detaljer:<\/strong> Vi tar detaljene til et nytt niv\u00e5 med glidel\u00e5ser og knapper i toppklasse. De er ikke bare blanke; de er robuste.<\/p>\n<p><strong>Allsidighet:<\/strong> Biker-vibber? Absolutt. Men ikke la deg begrense \u2013 denne jakken er en ekte allrounder. Enten det er en kj\u00f8lig kveld eller en vindfull dag, er dette ditt faste valg for alle \u00e5rstider.<\/p>\n<p><strong>Perfekt passform:<\/strong> SleekEdge er skreddersydd for \u00e5 overg\u00e5 alt annet, og lover en passform som f\u00f8les spesiallaget. For n\u00e5r det kommer til skinnjakker, er riktig passform alt. Den sitter tett der den skal, er avslappet der du \u00f8nsker det, og er rett og slett fantastisk.<\/p>\n<p>So, whether you\u2019re hitting the road or just hitting the town, the INHIDE SleekEdge is your perfect partner in crime. It\u2019s not just a jacket; it\u2019s a journey. <strong>Ready to ride?<\/strong><\/p>\n<p>Color: Frozen Blue<\/p>\n<\/div>","protected":false},"excerpt":{"rendered":"<p>Meet the INHIDE SleekEdge, Not just a leather jacket, but a statement piece that\u2019s bound to become your trusty sidekick [&hellip;]<\/p>","protected":false},"featured_media":129,"comment_status":"open","ping_status":"closed","template":"","meta":{"site-sidebar-layout":"default","site-content-layout":"","ast-site-content-layout":"default","site-content-style":"default","site-sidebar-style":"default","ast-global-header-display":"","ast-banner-title-visibility":"","ast-main-header-display":"","ast-hfb-above-header-display":"","ast-hfb-below-header-display":"","ast-hfb-mobile-header-display":"","site-post-title":"","ast-breadcrumbs-content":"","ast-featured-img":"","footer-sml-layout":"","theme-transparent-header-meta":"default","adv-header-id-meta":"","stick-header-meta":"","header-above-stick-meta":"","header-main-stick-meta":"","header-below-stick-meta":"","astra-migrate-meta-layouts":"set","ast-page-background-enabled":"default","ast-page-background-meta":{"desktop":{"background-color":"var(--ast-global-color-4)","background-image":"","background-repeat":"repeat","background-position":"center center","background-size":"auto","background-attachment":"scroll","background-type":"","background-media":"","overlay-type":"","overlay-color":"","overlay-opacity":"","overlay-gradient":""},"tablet":{"background-color":"","background-image":"","background-repeat":"repeat","background-position":"center center","background-size":"auto","background-attachment":"scroll","background-type":"","background-media":"","overlay-type":"","overlay-color":"","overlay-opacity":"","overlay-gradient":""},"mobile":{"background-color":"","background-image":"","background-repeat":"repeat","background-position":"center center","background-size":"auto","background-attachment":"scroll","background-type":"","background-media":"","overlay-type":"","overlay-color":"","overlay-opacity":"","overlay-gradient":""}},"ast-content-background-meta":{"desktop":{"background-color":"var(--ast-global-color-5)","background-image":"","background-repeat":"repeat","background-position":"center center","background-size":"auto","background-attachment":"scroll","background-type":"","background-media":"","overlay-type":"","overlay-color":"","overlay-opacity":"","overlay-gradient":""},"tablet":{"background-color":"var(--ast-global-color-5)","background-image":"","background-repeat":"repeat","background-position":"center center","background-size":"auto","background-attachment":"scroll","background-type":"","background-media":"","overlay-type":"","overlay-color":"","overlay-opacity":"","overlay-gradient":""},"mobile":{"background-color":"var(--ast-global-color-5)","background-image":"","background-repeat":"repeat","background-position":"center center","background-size":"auto","background-attachment":"scroll","background-type":"","background-media":"","overlay-type":"","overlay-color":"","overlay-opacity":"","overlay-gradient":""}}},"product_brand":[],"product_cat":[34],"product_tag":[],"class_list":{"0":"post-413","1":"product","2":"type-product","3":"status-publish","4":"has-post-thumbnail","6":"product_cat-leatherjacketformen","7":"desktop-align-left","8":"tablet-align-left","9":"mobile-align-left","11":"first","12":"instock","13":"shipping-taxable","14":"purchasable","15":"product-type-variable"},"_links":{"self":[{"href":"https:\/\/inhidestore.com\/nb\/wp-json\/wp\/v2\/product\/413","targetHints":{"allow":["GET"]}}],"collection":[{"href":"https:\/\/inhidestore.com\/nb\/wp-json\/wp\/v2\/product"}],"about":[{"href":"https:\/\/inhidestore.com\/nb\/wp-json\/wp\/v2\/types\/product"}],"replies":[{"embeddable":true,"href":"https:\/\/inhidestore.com\/nb\/wp-json\/wp\/v2\/comments?post=413"}],"version-history":[{"count":5,"href":"https:\/\/inhidestore.com\/nb\/wp-json\/wp\/v2\/product\/413\/revisions"}],"predecessor-version":[{"id":3084,"href":"https:\/\/inhidestore.com\/nb\/wp-json\/wp\/v2\/product\/413\/revisions\/3084"}],"wp:featuredmedia":[{"embeddable":true,"href":"https:\/\/inhidestore.com\/nb\/wp-json\/wp\/v2\/media\/129"}],"wp:attachment":[{"href":"https:\/\/inhidestore.com\/nb\/wp-json\/wp\/v2\/media?parent=413"}],"wp:term":[{"taxonomy":"product_brand","embeddable":true,"href":"https:\/\/inhidestore.com\/nb\/wp-json\/wp\/v2\/product_brand?post=413"},{"taxonomy":"product_cat","embeddable":true,"href":"https:\/\/inhidestore.com\/nb\/wp-json\/wp\/v2\/product_cat?post=413"},{"taxonomy":"product_tag","embeddable":true,"href":"https:\/\/inhidestore.com\/nb\/wp-json\/wp\/v2\/product_tag?post=413"}],"curies":[{"name":"wp","href":"https:\/\/api.w.org\/{rel}","templated":true}]}}