{"id":551,"date":"2024-11-24T00:33:20","date_gmt":"2024-11-24T00:33:20","guid":{"rendered":"https:\/\/inhidestore.com\/?post_type=product&#038;p=551"},"modified":"2025-08-18T23:10:24","modified_gmt":"2025-08-18T23:10:24","slug":"inhide-nova-premium-skinnbomberjakke-til-dame-2","status":"publish","type":"product","link":"https:\/\/inhidestore.com\/nb\/handle\/dame\/skinnjakke-til-dame\/inhide-nova-premium-skinnbomberjakke-til-dame-2\/","title":{"rendered":"INHIDE Nova premium skinnjakke i bomber-stil til dame"},"content":{"rendered":"<div class=\"product-description\" style=\"font-family: Helvetica, Arial, sans-serif;\">\n<p>L\u00f8ft stilen din med INHIDE Nova premium skinnbomberjakke til dame<\/p>\n<p>Denne jakken er laget av 100% rent, f\u00f8rsteklasses saueskinn, og tilbyr luksuri\u00f8s komfort med et tidl\u00f8st preg. Her er grunnen til at den fortjener en plass i garderoben din:<\/p>\n<p><strong>F\u00f8rsteklasses materiale:<\/strong> Den sm\u00f8rmyke, glatte teksturen i saueskinnet f\u00f8les fantastisk mot huden. Denne jakken ser ikke bare fantastisk ut \u2013 den f\u00f8les utrolig \u00e5 ha p\u00e5 seg.<\/p>\n<p><strong>Glidel\u00e5ser av h\u00f8y kvalitet:<\/strong> Designet med f\u00f8rsteklasses glidel\u00e5ser som glir uanstrengt, og som gir b\u00e5de holdbarhet og brukervennlighet \u2013 ingen flere frustrerende hakk eller glidel\u00e5ser som sitter fast.<\/p>\n<p><strong>Eksepsjonell lang levetid:<\/strong> En investering i denne jakken er en investering i langvarig stil. Med en levetid p\u00e5 10\u201315 \u00e5r er den et p\u00e5litelig n\u00f8kkelplagg som vil vare sesong etter sesong.<\/p>\n<p><strong>Allsidighet for alle \u00e5rstider:<\/strong> Enten du trosser kalde vintre eller nyter en sval sommerkveld, er INHIDE Nova-jakken skapt for \u00e5 tilpasse seg \u2013 og glir uanstrengt inn i enhver sesong og anledning.<\/p>\n<p><strong>Bomber-stil, biker-styrke:<\/strong> Selv om den er utformet som en klassisk bomberjakke med ribbestrikkede mansjetter og fald, gj\u00f8r den slitesterke konstruksjonen at den ogs\u00e5 fungerer som en bikerjakke \u2013 klar for b\u00e5de byvandring og landeveien.<\/p>\n<p><strong>I\u00f8ynefallende farge:<\/strong> Den livlige bl\u00e5fargen, fremhevet med m\u00f8rkebl\u00e5 kontraster, gir et raffinert, men dristig utseende \u2013 i\u00f8ynefallende uten \u00e5 bli for prangende.<\/p>\n<p>Fra motorsykkelturer til byvandringer eller kaffedater \u2013 INHIDE Nova premium skinnbomberjakke for dame balanserer mote og funksjon p\u00e5 en perfekt m\u00e5te.<\/p>\n<\/div>","protected":false},"excerpt":{"rendered":"<p>Elevate your style with the INHIDE Nova Women\u2019s Premium Leather Bomber Jacket Crafted from 100% pure, premium sheep leather, this [&hellip;]<\/p>","protected":false},"featured_media":105,"comment_status":"open","ping_status":"closed","template":"","meta":{"site-sidebar-layout":"default","site-content-layout":"","ast-site-content-layout":"default","site-content-style":"default","site-sidebar-style":"default","ast-global-header-display":"","ast-banner-title-visibility":"","ast-main-header-display":"","ast-hfb-above-header-display":"","ast-hfb-below-header-display":"","ast-hfb-mobile-header-display":"","site-post-title":"","ast-breadcrumbs-content":"","ast-featured-img":"","footer-sml-layout":"","theme-transparent-header-meta":"default","adv-header-id-meta":"","stick-header-meta":"","header-above-stick-meta":"","header-main-stick-meta":"","header-below-stick-meta":"","astra-migrate-meta-layouts":"set","ast-page-background-enabled":"default","ast-page-background-meta":{"desktop":{"background-color":"var(--ast-global-color-4)","background-image":"","background-repeat":"repeat","background-position":"center center","background-size":"auto","background-attachment":"scroll","background-type":"","background-media":"","overlay-type":"","overlay-color":"","overlay-opacity":"","overlay-gradient":""},"tablet":{"background-color":"","background-image":"","background-repeat":"repeat","background-position":"center center","background-size":"auto","background-attachment":"scroll","background-type":"","background-media":"","overlay-type":"","overlay-color":"","overlay-opacity":"","overlay-gradient":""},"mobile":{"background-color":"","background-image":"","background-repeat":"repeat","background-position":"center center","background-size":"auto","background-attachment":"scroll","background-type":"","background-media":"","overlay-type":"","overlay-color":"","overlay-opacity":"","overlay-gradient":""}},"ast-content-background-meta":{"desktop":{"background-color":"var(--ast-global-color-5)","background-image":"","background-repeat":"repeat","background-position":"center center","background-size":"auto","background-attachment":"scroll","background-type":"","background-media":"","overlay-type":"","overlay-color":"","overlay-opacity":"","overlay-gradient":""},"tablet":{"background-color":"var(--ast-global-color-5)","background-image":"","background-repeat":"repeat","background-position":"center center","background-size":"auto","background-attachment":"scroll","background-type":"","background-media":"","overlay-type":"","overlay-color":"","overlay-opacity":"","overlay-gradient":""},"mobile":{"background-color":"var(--ast-global-color-5)","background-image":"","background-repeat":"repeat","background-position":"center center","background-size":"auto","background-attachment":"scroll","background-type":"","background-media":"","overlay-type":"","overlay-color":"","overlay-opacity":"","overlay-gradient":""}}},"product_brand":[],"product_cat":[37],"product_tag":[],"class_list":{"0":"post-551","1":"product","2":"type-product","3":"status-publish","4":"has-post-thumbnail","6":"product_cat-leatherjacketforwomen","7":"desktop-align-left","8":"tablet-align-left","9":"mobile-align-left","11":"first","12":"instock","13":"shipping-taxable","14":"purchasable","15":"product-type-variable"},"_links":{"self":[{"href":"https:\/\/inhidestore.com\/nb\/wp-json\/wp\/v2\/product\/551","targetHints":{"allow":["GET"]}}],"collection":[{"href":"https:\/\/inhidestore.com\/nb\/wp-json\/wp\/v2\/product"}],"about":[{"href":"https:\/\/inhidestore.com\/nb\/wp-json\/wp\/v2\/types\/product"}],"replies":[{"embeddable":true,"href":"https:\/\/inhidestore.com\/nb\/wp-json\/wp\/v2\/comments?post=551"}],"version-history":[{"count":3,"href":"https:\/\/inhidestore.com\/nb\/wp-json\/wp\/v2\/product\/551\/revisions"}],"predecessor-version":[{"id":2696,"href":"https:\/\/inhidestore.com\/nb\/wp-json\/wp\/v2\/product\/551\/revisions\/2696"}],"wp:featuredmedia":[{"embeddable":true,"href":"https:\/\/inhidestore.com\/nb\/wp-json\/wp\/v2\/media\/105"}],"wp:attachment":[{"href":"https:\/\/inhidestore.com\/nb\/wp-json\/wp\/v2\/media?parent=551"}],"wp:term":[{"taxonomy":"product_brand","embeddable":true,"href":"https:\/\/inhidestore.com\/nb\/wp-json\/wp\/v2\/product_brand?post=551"},{"taxonomy":"product_cat","embeddable":true,"href":"https:\/\/inhidestore.com\/nb\/wp-json\/wp\/v2\/product_cat?post=551"},{"taxonomy":"product_tag","embeddable":true,"href":"https:\/\/inhidestore.com\/nb\/wp-json\/wp\/v2\/product_tag?post=551"}],"curies":[{"name":"wp","href":"https:\/\/api.w.org\/{rel}","templated":true}]}}