{"id":593,"date":"2024-11-24T00:33:24","date_gmt":"2024-11-24T00:33:24","guid":{"rendered":"https:\/\/inhidestore.com\/?post_type=product&#038;p=593"},"modified":"2025-08-18T23:00:10","modified_gmt":"2025-08-18T23:00:10","slug":"inhide-royal-miss-premium-skinnjakke-til-dame","status":"publish","type":"product","link":"https:\/\/inhidestore.com\/nb\/handle\/dame\/skinnjakke-til-dame\/inhide-royal-miss-premium-skinnjakke-til-dame\/","title":{"rendered":"INHIDE Royal Miss Premium skinnjakke til dame"},"content":{"rendered":"<p style=\"font-family: Helvetica, Arial, sans-serif;\">Unn deg luksusen med INHIDE Premium skinnjakke for dame i saueskinn, et must for den motebevisste kvinnen. Laget av 100% rent saueskinn, er denne jakken selve symbolet p\u00e5 b\u00e5de komfort og slitestyrke. Den sm\u00f8rmyke teksturen er behagelig mot huden, mens den robuste kvaliteten lover lang levetid.<\/p>\n<p style=\"font-family: Helvetica, Arial, sans-serif;\"><strong>Elegant design:<\/strong> Jakkens m\u00f8rkebl\u00e5 nyanse og asymmetriske glidel\u00e5slukking gir en moderne vri p\u00e5 en klassisk stil.<\/p>\n<p style=\"font-family: Helvetica, Arial, sans-serif;\"><strong>Sofistikerte detaljer:<\/strong> Prydet med gullfargede detaljer, trykknapper og glidel\u00e5ser p\u00e5 mansjettene, gir den en tilpasningsdyktig passform og en stilig finish.<\/p>\n<p style=\"font-family: Helvetica, Arial, sans-serif;\"><strong>Allsidig mote:<\/strong> Perfekt for \u00e5 l\u00f8fte ethvert antrekk \u2013 den g\u00e5r s\u00f8ml\u00f8st fra dag til kveld og s\u00f8rger for at du ser uanstrengt stilig ut.<\/p>\n<p style=\"font-family: Helvetica, Arial, sans-serif;\">Opplev den perfekte kombinasjonen av stil og kvalitet med denne uts\u00f8kte skinnjakken, et tidl\u00f8st tilskudd til garderoben din.<\/p>\n<p style=\"font-family: Helvetica, Arial, sans-serif;\"><strong>Farge:<\/strong> M\u00f8rkebl\u00e5<\/p>","protected":false},"excerpt":{"rendered":"<p>Indulge in the luxury of INHIDE Women&#8217;s Premium Sheep Leather Jacket, a must-have for the fashion-forward woman. Crafted from 100% [&hellip;]<\/p>","protected":false},"featured_media":124,"comment_status":"open","ping_status":"closed","template":"","meta":{"site-sidebar-layout":"default","site-content-layout":"","ast-site-content-layout":"default","site-content-style":"default","site-sidebar-style":"default","ast-global-header-display":"","ast-banner-title-visibility":"","ast-main-header-display":"","ast-hfb-above-header-display":"","ast-hfb-below-header-display":"","ast-hfb-mobile-header-display":"","site-post-title":"","ast-breadcrumbs-content":"","ast-featured-img":"","footer-sml-layout":"","theme-transparent-header-meta":"default","adv-header-id-meta":"","stick-header-meta":"","header-above-stick-meta":"","header-main-stick-meta":"","header-below-stick-meta":"","astra-migrate-meta-layouts":"set","ast-page-background-enabled":"default","ast-page-background-meta":{"desktop":{"background-color":"var(--ast-global-color-4)","background-image":"","background-repeat":"repeat","background-position":"center center","background-size":"auto","background-attachment":"scroll","background-type":"","background-media":"","overlay-type":"","overlay-color":"","overlay-opacity":"","overlay-gradient":""},"tablet":{"background-color":"","background-image":"","background-repeat":"repeat","background-position":"center center","background-size":"auto","background-attachment":"scroll","background-type":"","background-media":"","overlay-type":"","overlay-color":"","overlay-opacity":"","overlay-gradient":""},"mobile":{"background-color":"","background-image":"","background-repeat":"repeat","background-position":"center center","background-size":"auto","background-attachment":"scroll","background-type":"","background-media":"","overlay-type":"","overlay-color":"","overlay-opacity":"","overlay-gradient":""}},"ast-content-background-meta":{"desktop":{"background-color":"var(--ast-global-color-5)","background-image":"","background-repeat":"repeat","background-position":"center center","background-size":"auto","background-attachment":"scroll","background-type":"","background-media":"","overlay-type":"","overlay-color":"","overlay-opacity":"","overlay-gradient":""},"tablet":{"background-color":"var(--ast-global-color-5)","background-image":"","background-repeat":"repeat","background-position":"center center","background-size":"auto","background-attachment":"scroll","background-type":"","background-media":"","overlay-type":"","overlay-color":"","overlay-opacity":"","overlay-gradient":""},"mobile":{"background-color":"var(--ast-global-color-5)","background-image":"","background-repeat":"repeat","background-position":"center center","background-size":"auto","background-attachment":"scroll","background-type":"","background-media":"","overlay-type":"","overlay-color":"","overlay-opacity":"","overlay-gradient":""}}},"product_brand":[],"product_cat":[37],"product_tag":[],"class_list":{"0":"post-593","1":"product","2":"type-product","3":"status-publish","4":"has-post-thumbnail","6":"product_cat-leatherjacketforwomen","7":"desktop-align-left","8":"tablet-align-left","9":"mobile-align-left","11":"first","12":"instock","13":"shipping-taxable","14":"purchasable","15":"product-type-variable"},"_links":{"self":[{"href":"https:\/\/inhidestore.com\/nb\/wp-json\/wp\/v2\/product\/593","targetHints":{"allow":["GET"]}}],"collection":[{"href":"https:\/\/inhidestore.com\/nb\/wp-json\/wp\/v2\/product"}],"about":[{"href":"https:\/\/inhidestore.com\/nb\/wp-json\/wp\/v2\/types\/product"}],"replies":[{"embeddable":true,"href":"https:\/\/inhidestore.com\/nb\/wp-json\/wp\/v2\/comments?post=593"}],"version-history":[{"count":3,"href":"https:\/\/inhidestore.com\/nb\/wp-json\/wp\/v2\/product\/593\/revisions"}],"predecessor-version":[{"id":2684,"href":"https:\/\/inhidestore.com\/nb\/wp-json\/wp\/v2\/product\/593\/revisions\/2684"}],"wp:featuredmedia":[{"embeddable":true,"href":"https:\/\/inhidestore.com\/nb\/wp-json\/wp\/v2\/media\/124"}],"wp:attachment":[{"href":"https:\/\/inhidestore.com\/nb\/wp-json\/wp\/v2\/media?parent=593"}],"wp:term":[{"taxonomy":"product_brand","embeddable":true,"href":"https:\/\/inhidestore.com\/nb\/wp-json\/wp\/v2\/product_brand?post=593"},{"taxonomy":"product_cat","embeddable":true,"href":"https:\/\/inhidestore.com\/nb\/wp-json\/wp\/v2\/product_cat?post=593"},{"taxonomy":"product_tag","embeddable":true,"href":"https:\/\/inhidestore.com\/nb\/wp-json\/wp\/v2\/product_tag?post=593"}],"curies":[{"name":"wp","href":"https:\/\/api.w.org\/{rel}","templated":true}]}}