{"id":2288,"date":"2025-01-28T05:12:12","date_gmt":"2025-01-28T05:12:12","guid":{"rendered":"https:\/\/inhidestore.com\/?page_id=2288"},"modified":"2025-01-28T05:12:12","modified_gmt":"2025-01-28T05:12:12","slug":"regulamin","status":"publish","type":"page","link":"https:\/\/inhidestore.com\/pl\/regulamin\/","title":{"rendered":"Regulamin"},"content":{"rendered":"<p><strong>Data wej\u015bcia w \u017cycie:<\/strong> \u015aroda, 22 stycznia 2025 r.<\/p>\n\n\n\n<p>Witaj w Inhide! Niniejszy Regulamin okre\u015bla zasady Twojego dost\u0119pu do naszej strony internetowej, us\u0142ug i produkt\u00f3w oraz korzystania z nich. Korzystaj\u0105c z naszej witryny lub dokonuj\u0105c zakupu, zgadzasz si\u0119 na przestrzeganie niniejszych warunk\u00f3w. Prosimy o dok\u0142adne zapoznanie si\u0119 z nimi przed kontynuowaniem.<\/p>\n\n\n\n<hr class=\"wp-block-separator has-alpha-channel-opacity\"\/>\n\n\n\n<h3 class=\"wp-block-heading\"><strong>1. Akceptacja Regulaminu<\/strong><\/h3>\n\n\n\n<p>Uzyskuj\u0105c dost\u0119p do naszej strony internetowej, potwierdzasz, \u017ce przeczyta\u0142e\u015b, zrozumia\u0142e\u015b i zgodzi\u0142e\u015b si\u0119 na przestrzeganie niniejszych warunk\u00f3w. Je\u015bli si\u0119 nie zgadzasz, musisz powstrzyma\u0107 si\u0119 od korzystania z naszej strony internetowej.<\/p>\n\n\n\n<hr class=\"wp-block-separator has-alpha-channel-opacity\"\/>\n\n\n\n<h3 class=\"wp-block-heading\"><strong>2. Wymagania<\/strong><\/h3>\n\n\n\n<ul class=\"wp-block-list\">\n<li>Musisz mie\u0107 uko\u0144czone 13 lat, aby korzysta\u0107 z naszej strony internetowej.<\/li>\n\n\n\n<li>Korzystaj\u0105c z naszych us\u0142ug, potwierdzasz, \u017ce wszystkie podane przez Ciebie informacje s\u0105 dok\u0142adne i kompletne.<\/li>\n<\/ul>\n\n\n\n<hr class=\"wp-block-separator has-alpha-channel-opacity\"\/>\n\n\n\n<h3 class=\"wp-block-heading\"><strong>3. Produkty na Zam\u00f3wienie<\/strong><\/h3>\n\n\n\n<ul class=\"wp-block-list\">\n<li>Wszystkie kurtki sk\u00f3rzane sprzedawane w Inhide s\u0105 szyte na zam\u00f3wienie.<\/li>\n\n\n\n<li>Czas produkcji wynosi zazwyczaj 7\u201312 dni roboczych.<\/li>\n\n\n\n<li>Po rozpocz\u0119ciu produkcji zmiany ani anulowanie zam\u00f3wienia nie s\u0105 mo\u017cliwe.<\/li>\n<\/ul>\n\n\n\n<hr class=\"wp-block-separator has-alpha-channel-opacity\"\/>\n\n\n\n<h3 class=\"wp-block-heading\"><strong>4. Ceny i P\u0142atno\u015bci<\/strong><\/h3>\n\n\n\n<ul class=\"wp-block-list\">\n<li>Wszystkie ceny wy\u015bwietlane na stronie internetowej s\u0105 podane w [waluta].<\/li>\n\n\n\n<li>P\u0142atno\u015bci s\u0105 bezpiecznie przetwarzane za po\u015brednictwem PayPal. Sklep Inhide nie przechowuje ani nie ma dost\u0119pu do danych Twojej karty kredytowej, poniewa\u017c te informacje s\u0105 obs\u0142ugiwane bezpo\u015brednio przez PayPal.<\/li>\n\n\n\n<li>Podatki, c\u0142a lub op\u0142aty celne mog\u0105 obowi\u0105zywa\u0107 w zale\u017cno\u015bci od Twojej lokalizacji i b\u0119d\u0105 Twoj\u0105 odpowiedzialno\u015bci\u0105.<\/li>\n<\/ul>\n\n\n\n<hr class=\"wp-block-separator has-alpha-channel-opacity\"\/>\n\n\n\n<h3 class=\"wp-block-heading\"><strong>5. Wysy\u0142ka i Dostawa<\/strong><\/h3>\n\n\n\n<ul class=\"wp-block-list\">\n<li>Oferujemy darmow\u0105 wysy\u0142k\u0119 na ca\u0142y \u015bwiat!.<\/li>\n\n\n\n<li>Szacowany czas dostawy r\u00f3\u017cni si\u0119 w zale\u017cno\u015bci od Twojej lokalizacji, ale zazwyczaj wynosi 5\u201310 dni roboczych po zako\u0144czeniu produkcji.<\/li>\n\n\n\n<li>Op\u00f3\u017anienia spowodowane przez s\u0142u\u017cby celne, przewo\u017anik\u00f3w lub inne nieprzewidziane okoliczno\u015bci nie le\u017c\u0105 w gestii Sklepu Inhide.<\/li>\n<\/ul>\n\n\n\n<hr class=\"wp-block-separator has-alpha-channel-opacity\"\/>\n\n\n\n<h3 class=\"wp-block-heading\"><strong>6. Zwroty i Reklamacje<\/strong><\/h3>\n\n\n\n<ul class=\"wp-block-list\">\n<li>Oferujemy 14-dniow\u0105, bezproblemow\u0105 polityk\u0119 wymiany w przypadku rozbie\u017cno\u015bci rozmiar\u00f3w, wad produkcyjnych lub b\u0142\u0119d\u00f3w firmy.<\/li>\n\n\n\n<li>W przypadku b\u0142\u0119d\u00f3w klienta, takich jak niew\u0142a\u015bciwy wyb\u00f3r rozmiaru, koszty wysy\u0142ki w celu wymiany b\u0119d\u0105 Twoj\u0105 odpowiedzialno\u015bci\u0105.<\/li>\n\n\n\n<li>Zwroty pieni\u0119dzy, je\u015bli maj\u0105 zastosowanie, b\u0119d\u0105 obci\u0105\u017cone op\u0142at\u0105 za ponowne magazynowanie w wysoko\u015bci 25%, je\u015bli zwrot wynika z b\u0142\u0119du klienta.<\/li>\n\n\n\n<li>Zapoznaj si\u0119 z naszym szczeg\u00f3\u0142owym <a href=\"https:\/\/inhidestore.com\/pl\/refund_returns\/\">Polityka Zwrot\u00f3w i Reklamacji<\/a> aby uzyska\u0107 wi\u0119cej informacji.<\/li>\n<\/ul>\n\n\n\n<hr class=\"wp-block-separator has-alpha-channel-opacity\"\/>\n\n\n\n<h3 class=\"wp-block-heading\"><strong>7. W\u0142asno\u015b\u0107 Intelektualna<\/strong><\/h3>\n\n\n\n<ul class=\"wp-block-list\">\n<li>Ca\u0142a zawarto\u015b\u0107 tej strony internetowej, w tym teksty, obrazy, logotypy i projekty, jest wy\u0142\u0105czn\u0105 w\u0142asno\u015bci\u0105 Inhide.<\/li>\n\n\n\n<li>Nie mo\u017cesz powiela\u0107, rozpowszechnia\u0107 ani w inny spos\u00f3b wykorzystywa\u0107 \u017cadnej zawarto\u015bci bez uprzedniej pisemnej zgody.<\/li>\n<\/ul>\n\n\n\n<hr class=\"wp-block-separator has-alpha-channel-opacity\"\/>\n\n\n\n<h3 class=\"wp-block-heading\"><strong>8. Ograniczenie Odpowiedzialno\u015bci<\/strong><\/h3>\n\n\n\n<ul class=\"wp-block-list\">\n<li>Inhide nie ponosi odpowiedzialno\u015bci za jakiekolwiek szkody lub straty wynikaj\u0105ce z korzystania lub niemo\u017cno\u015bci korzystania z naszej strony internetowej lub us\u0142ug.<\/li>\n\n\n\n<li>Obejmuje to, ale nie ogranicza si\u0119 do, szk\u00f3d bezpo\u015brednich, po\u015brednich, przypadkowych lub wynikowych.<\/li>\n<\/ul>\n\n\n\n<hr class=\"wp-block-separator has-alpha-channel-opacity\"\/>\n\n\n\n<h3 class=\"wp-block-heading\"><strong>9. Post\u0119powanie U\u017cytkownika<\/strong><\/h3>\n\n\n\n<p>Zgadzasz si\u0119 nie:<\/p>\n\n\n\n<ul class=\"wp-block-list\">\n<li>U\u017cywa\u0107 strony internetowej do cel\u00f3w niezgodnych z prawem lub nieautoryzowanych.<\/li>\n\n\n\n<li>Pr\u00f3bowa\u0107 zak\u0142\u00f3ca\u0107 prawid\u0142owe funkcjonowanie strony internetowej.<\/li>\n\n\n\n<li>Przesy\u0142a\u0107 szkodliwego kodu, spamu lub niechcianych wiadomo\u015bci.<\/li>\n<\/ul>\n\n\n\n<hr class=\"wp-block-separator has-alpha-channel-opacity\"\/>\n\n\n\n<h3 class=\"wp-block-heading\"><strong>10. Polityka Prywatno\u015bci<\/strong><\/h3>\n\n\n\n<p>Korzystanie z witryny reguluje r\u00f3wnie\u017c nasza <a>Polityka Prywatno\u015bci<\/a>, kt\u00f3ra wyja\u015bnia, w jaki spos\u00f3b zbieramy, wykorzystujemy i chronimy Twoje dane osobowe.<\/p>\n\n\n\n<hr class=\"wp-block-separator has-alpha-channel-opacity\"\/>\n\n\n\n<h3 class=\"wp-block-heading\"><strong>11. Linki do Stron Trzecich<\/strong><\/h3>\n\n\n\n<ul class=\"wp-block-list\">\n<li>Nasza strona internetowa nie zawiera link\u00f3w do stron internetowych os\u00f3b trzecich.<\/li>\n\n\n\n<li>Wszelkie dzia\u0142ania zwi\u0105zane z p\u0142atno\u015bciami s\u0105 przeprowadzane bezpo\u015brednio za po\u015brednictwem bezpiecznej platformy PayPal.<\/li>\n<\/ul>\n\n\n\n<hr class=\"wp-block-separator has-alpha-channel-opacity\"\/>\n\n\n\n<h3 class=\"wp-block-heading\"><strong>12. Zmiany w Regulaminie<\/strong><\/h3>\n\n\n\n<ul class=\"wp-block-list\">\n<li>Zastrzegamy sobie prawo do modyfikowania lub aktualizowania niniejszego Regulaminu w dowolnym momencie.<\/li>\n\n\n\n<li>O istotnych zmianach b\u0119dziemy informowa\u0107 za po\u015brednictwem poczty elektronicznej lub og\u0142oszenia na stronie internetowej.<\/li>\n<\/ul>\n\n\n\n<hr class=\"wp-block-separator has-alpha-channel-opacity\"\/>\n\n\n\n<h3 class=\"wp-block-heading\"><strong>13. Prawo W\u0142a\u015bciwe<\/strong><\/h3>\n\n\n\n<p>Niniejsze warunki podlegaj\u0105 i s\u0105 interpretowane zgodnie z prawem Pakistanu.<\/p>\n\n\n\n<hr class=\"wp-block-separator has-alpha-channel-opacity\"\/>\n\n\n\n<h3 class=\"wp-block-heading\"><strong>14. Skontaktuj si\u0119 z Nami<\/strong><\/h3>\n\n\n\n<p>W przypadku pyta\u0144 lub w\u0105tpliwo\u015bci dotycz\u0105cych niniejszych warunk\u00f3w, prosimy o kontakt:<\/p>\n\n\n\n<ul class=\"wp-block-list\">\n<li><strong>E-mail:<\/strong> <a>customerservice@inhidestore.com<\/a><\/li>\n\n\n\n<li><strong>Telefon:<\/strong> +92 330-225-4099<\/li>\n<\/ul>\n\n\n\n<p>Korzystaj\u0105c z tej strony internetowej, u\u017cytkownik potwierdza, \u017ce zapozna\u0142 si\u0119 z niniejszym Regulaminem, zrozumia\u0142 go i akceptuje.<\/p>\n\n\n\n<p><\/p>","protected":false},"excerpt":{"rendered":"<p>Effective Date: Wednesday, 22nd January, 2025 Welcome to Inhide! These Terms of Use govern your access to and use of [&hellip;]<\/p>","protected":false},"author":1,"featured_media":0,"parent":0,"menu_order":0,"comment_status":"closed","ping_status":"closed","template":"","meta":{"site-sidebar-layout":"default","site-content-layout":"","ast-site-content-layout":"","site-content-style":"default","site-sidebar-style":"default","ast-global-header-display":"","ast-banner-title-visibility":"","ast-main-header-display":"","ast-hfb-above-header-display":"","ast-hfb-below-header-display":"","ast-hfb-mobile-header-display":"","site-post-title":"","ast-breadcrumbs-content":"","ast-featured-img":"","footer-sml-layout":"","theme-transparent-header-meta":"","adv-header-id-meta":"","stick-header-meta":"","header-above-stick-meta":"","header-main-stick-meta":"","header-below-stick-meta":"","astra-migrate-meta-layouts":"default","ast-page-background-enabled":"default","ast-page-background-meta":{"desktop":{"background-color":"var(--ast-global-color-4)","background-image":"","background-repeat":"repeat","background-position":"center center","background-size":"auto","background-attachment":"scroll","background-type":"","background-media":"","overlay-type":"","overlay-color":"","overlay-opacity":"","overlay-gradient":""},"tablet":{"background-color":"","background-image":"","background-repeat":"repeat","background-position":"center center","background-size":"auto","background-attachment":"scroll","background-type":"","background-media":"","overlay-type":"","overlay-color":"","overlay-opacity":"","overlay-gradient":""},"mobile":{"background-color":"","background-image":"","background-repeat":"repeat","background-position":"center center","background-size":"auto","background-attachment":"scroll","background-type":"","background-media":"","overlay-type":"","overlay-color":"","overlay-opacity":"","overlay-gradient":""}},"ast-content-background-meta":{"desktop":{"background-color":"var(--ast-global-color-5)","background-image":"","background-repeat":"repeat","background-position":"center center","background-size":"auto","background-attachment":"scroll","background-type":"","background-media":"","overlay-type":"","overlay-color":"","overlay-opacity":"","overlay-gradient":""},"tablet":{"background-color":"var(--ast-global-color-5)","background-image":"","background-repeat":"repeat","background-position":"center center","background-size":"auto","background-attachment":"scroll","background-type":"","background-media":"","overlay-type":"","overlay-color":"","overlay-opacity":"","overlay-gradient":""},"mobile":{"background-color":"var(--ast-global-color-5)","background-image":"","background-repeat":"repeat","background-position":"center center","background-size":"auto","background-attachment":"scroll","background-type":"","background-media":"","overlay-type":"","overlay-color":"","overlay-opacity":"","overlay-gradient":""}},"footnotes":""},"class_list":["post-2288","page","type-page","status-publish","hentry"],"_links":{"self":[{"href":"https:\/\/inhidestore.com\/pl\/wp-json\/wp\/v2\/pages\/2288","targetHints":{"allow":["GET"]}}],"collection":[{"href":"https:\/\/inhidestore.com\/pl\/wp-json\/wp\/v2\/pages"}],"about":[{"href":"https:\/\/inhidestore.com\/pl\/wp-json\/wp\/v2\/types\/page"}],"author":[{"embeddable":true,"href":"https:\/\/inhidestore.com\/pl\/wp-json\/wp\/v2\/users\/1"}],"replies":[{"embeddable":true,"href":"https:\/\/inhidestore.com\/pl\/wp-json\/wp\/v2\/comments?post=2288"}],"version-history":[{"count":2,"href":"https:\/\/inhidestore.com\/pl\/wp-json\/wp\/v2\/pages\/2288\/revisions"}],"predecessor-version":[{"id":2298,"href":"https:\/\/inhidestore.com\/pl\/wp-json\/wp\/v2\/pages\/2288\/revisions\/2298"}],"wp:attachment":[{"href":"https:\/\/inhidestore.com\/pl\/wp-json\/wp\/v2\/media?parent=2288"}],"curies":[{"name":"wp","href":"https:\/\/api.w.org\/{rel}","templated":true}]}}