{"id":366,"date":"2024-09-23T23:38:58","date_gmt":"2024-09-23T23:38:58","guid":{"rendered":"https:\/\/inhidestore.com\/?page_id=366"},"modified":"2025-05-31T15:36:08","modified_gmt":"2025-05-31T15:36:08","slug":"nasza-historia","status":"publish","type":"page","link":"https:\/\/inhidestore.com\/pl\/nasza-historia\/","title":{"rendered":"Nasza Historia"},"content":{"rendered":"<p>Wszystko zacz\u0119\u0142o si\u0119 w ma\u0142ym warsztacie, gdzie zapach szlachetnej sk\u00f3ry miesza\u0142 si\u0119 z ambicj\u0105 i wyobra\u017ani\u0105. W tej skromnej przestrzeni, <strong>Inhide<\/strong> narodzi\u0142a si\u0119\u2014marka stworzona nie tylko po to, by produkowa\u0107 kurtki, ale by tworzy\u0107 trwa\u0142e dziedzictwo, kt\u00f3re mo\u017cesz nosi\u0107.<\/p>\n\n\n\n<p>W Inhide wierzymy, \u017ce sk\u00f3rzana kurtka to co\u015b wi\u0119cej ni\u017c tylko ubranie. To towarzysz. Stra\u017cnik wspomnie\u0144. Druga sk\u00f3ra, kt\u00f3ra towarzyszy Ci w najwa\u017cniejszych chwilach \u017cycia\u2014spokojnych kawach, nocnych przeja\u017cd\u017ckach, odwa\u017cnych pocz\u0105tkach.<\/p>\n\n\n\n<p>Ka\u017cdy element, kt\u00f3ry tworzymy, jest \u015bwiadectwem ponadczasowego designu i \u015bwiadomego rzemios\u0142a. R\u0119cznie szyte przez do\u015bwiadczonych rzemie\u015blnik\u00f3w, nasze kurtki s\u0105 wykonane z <strong>etycznie pozyskiwanej, sk\u00f3ry najwy\u017cszej jako\u015bci<\/strong>\u2014takiej, kt\u00f3ra pi\u0119knie si\u0119 starzeje i nabiera charakteru, i z czasem opowiada w\u0142asn\u0105 histori\u0119.<\/p>\n\n\n\n<p>Ale Inhide to nie tylko jako\u015b\u0107. To tak\u017ce <strong>to\u017csamo\u015b\u0107<\/strong>. Projektujemy dla indywidualist\u00f3w, kt\u00f3rzy wyr\u00f3\u017cniaj\u0105 si\u0119 z t\u0142umu. Nasze kolekcje \u0142\u0105cz\u0105 klasyczne fasony z nowoczesnym akcentem, oferuj\u0105c elementy, kt\u00f3re wydaj\u0105 si\u0119 zar\u00f3wno znajome, jak i \u015bwie\u017ce. Niezale\u017cnie od tego, czy ubierasz si\u0119 elegancko, czy relaksujesz, znajdziesz kurtk\u0119 Inhide, kt\u00f3ra pasuje nie tylko do Twojego cia\u0142a, ale i do Twojego ducha.<\/p>\n\n\n\n<p>Zakorzeniona w uczciwo\u015bci, nap\u0119dzana dba\u0142o\u015bci\u0105 o detale i ch\u0119ci\u0105 wyra\u017cania siebie\u2014<strong>Inhide jest dla tych, kt\u00f3rzy nosz\u0105 pewno\u015b\u0107 siebie jak drug\u0105 sk\u00f3r\u0119.<\/strong>.<\/p>\n\n\n\n<p>To co\u015b wi\u0119cej ni\u017c moda.<br><strong>To Twoja historia, na nowo zdefiniowana.<\/strong><\/p>","protected":false},"excerpt":{"rendered":"<p>It all began in a small workshop, where the scent of rich leather mingled with ambition and imagination. In that [&hellip;]<\/p>","protected":false},"author":1,"featured_media":0,"parent":0,"menu_order":0,"comment_status":"closed","ping_status":"closed","template":"","meta":{"site-sidebar-layout":"default","site-content-layout":"","ast-site-content-layout":"","site-content-style":"default","site-sidebar-style":"default","ast-global-header-display":"","ast-banner-title-visibility":"","ast-main-header-display":"","ast-hfb-above-header-display":"","ast-hfb-below-header-display":"","ast-hfb-mobile-header-display":"","site-post-title":"","ast-breadcrumbs-content":"","ast-featured-img":"","footer-sml-layout":"","theme-transparent-header-meta":"","adv-header-id-meta":"","stick-header-meta":"","header-above-stick-meta":"","header-main-stick-meta":"","header-below-stick-meta":"","astra-migrate-meta-layouts":"default","ast-page-background-enabled":"default","ast-page-background-meta":{"desktop":{"background-color":"var(--ast-global-color-4)","background-image":"","background-repeat":"repeat","background-position":"center center","background-size":"auto","background-attachment":"scroll","background-type":"","background-media":"","overlay-type":"","overlay-color":"","overlay-opacity":"","overlay-gradient":""},"tablet":{"background-color":"","background-image":"","background-repeat":"repeat","background-position":"center center","background-size":"auto","background-attachment":"scroll","background-type":"","background-media":"","overlay-type":"","overlay-color":"","overlay-opacity":"","overlay-gradient":""},"mobile":{"background-color":"","background-image":"","background-repeat":"repeat","background-position":"center center","background-size":"auto","background-attachment":"scroll","background-type":"","background-media":"","overlay-type":"","overlay-color":"","overlay-opacity":"","overlay-gradient":""}},"ast-content-background-meta":{"desktop":{"background-color":"var(--ast-global-color-5)","background-image":"","background-repeat":"repeat","background-position":"center center","background-size":"auto","background-attachment":"scroll","background-type":"","background-media":"","overlay-type":"","overlay-color":"","overlay-opacity":"","overlay-gradient":""},"tablet":{"background-color":"var(--ast-global-color-5)","background-image":"","background-repeat":"repeat","background-position":"center center","background-size":"auto","background-attachment":"scroll","background-type":"","background-media":"","overlay-type":"","overlay-color":"","overlay-opacity":"","overlay-gradient":""},"mobile":{"background-color":"var(--ast-global-color-5)","background-image":"","background-repeat":"repeat","background-position":"center center","background-size":"auto","background-attachment":"scroll","background-type":"","background-media":"","overlay-type":"","overlay-color":"","overlay-opacity":"","overlay-gradient":""}},"footnotes":""},"class_list":["post-366","page","type-page","status-publish","hentry"],"_links":{"self":[{"href":"https:\/\/inhidestore.com\/pl\/wp-json\/wp\/v2\/pages\/366","targetHints":{"allow":["GET"]}}],"collection":[{"href":"https:\/\/inhidestore.com\/pl\/wp-json\/wp\/v2\/pages"}],"about":[{"href":"https:\/\/inhidestore.com\/pl\/wp-json\/wp\/v2\/types\/page"}],"author":[{"embeddable":true,"href":"https:\/\/inhidestore.com\/pl\/wp-json\/wp\/v2\/users\/1"}],"replies":[{"embeddable":true,"href":"https:\/\/inhidestore.com\/pl\/wp-json\/wp\/v2\/comments?post=366"}],"version-history":[{"count":3,"href":"https:\/\/inhidestore.com\/pl\/wp-json\/wp\/v2\/pages\/366\/revisions"}],"predecessor-version":[{"id":2736,"href":"https:\/\/inhidestore.com\/pl\/wp-json\/wp\/v2\/pages\/366\/revisions\/2736"}],"wp:attachment":[{"href":"https:\/\/inhidestore.com\/pl\/wp-json\/wp\/v2\/media?parent=366"}],"curies":[{"name":"wp","href":"https:\/\/api.w.org\/{rel}","templated":true}]}}