{"id":497,"date":"2024-11-24T00:33:17","date_gmt":"2024-11-24T00:33:17","guid":{"rendered":"https:\/\/inhidestore.com\/?post_type=product&#038;p=497"},"modified":"2025-08-18T23:13:47","modified_gmt":"2025-08-18T23:13:47","slug":"meska-skorzana-kurtka-bomberka-premium-inhide-nova","status":"publish","type":"product","link":"https:\/\/inhidestore.com\/pl\/sklep\/mezczyzni\/meskie-kurtki-skorzane\/meska-skorzana-kurtka-bomberka-premium-inhide-nova\/","title":{"rendered":"INHIDE Nova M\u0119ska Sk\u00f3rzana Kurtka Bomberka Premium"},"content":{"rendered":"<div class=\"product-description\" style=\"font-family: Helvetica, Arial, sans-serif;\">\n<p>M\u0119ska kurtka bomberka INHIDE Nova to wyj\u0105tkowy element garderoby, kt\u00f3ry na nowo definiuje \u015bwiat kurtek sk\u00f3rzanych. Oto dlaczego to kurtka Twoich marze\u0144:<\/p>\n<p><strong>Niezwykle mi\u0119kka sk\u00f3ra premium:<\/strong> Otul si\u0119 luksusem 100% sk\u00f3ry owczej, tak mi\u0119kkiej, \u017ce zapomnisz, \u017ce masz na sobie sk\u00f3rzan\u0105 kurtk\u0119. Zosta\u0142a zaprojektowana tak, by dopasowa\u0107 si\u0119 do Twojego cia\u0142a, staj\u0105c si\u0119 coraz bardziej spersonalizowan\u0105 z ka\u017cdym za\u0142o\u017ceniem.<\/p>\n<p><strong>Kontrast granatu i bieli:<\/strong> Nova wyr\u00f3\u017cnia si\u0119 efektownym granatowym korpusem w po\u0142\u0105czeniu z bia\u0142ymi r\u0119kawami, tworz\u0105c ostry kontrast, kt\u00f3ry z pewno\u015bci\u0105 pozwoli Ci si\u0119 wyr\u00f3\u017cni\u0107. Ta kolorystyka jest r\u00f3wnie wszechstronna, co przyci\u0105gaj\u0105ca wzrok, idealna na ka\u017cd\u0105 por\u0119 roku.<\/p>\n<p><strong>Stworzona, by trwa\u0107:<\/strong> Wystarczaj\u0105co wytrzyma\u0142a na spontaniczn\u0105 podr\u00f3\u017c, a jednocze\u015bnie elegancka na wieczorne wyj\u015bcie \u2013 wysokiej jako\u015bci konstrukcja Nova gwarantuje, \u017ce sprosta trudom codziennego \u017cycia. Z \u017cywotno\u015bci\u0105 od 10 do 15 lat, to towarzysz na d\u0142ugie lata.<\/p>\n<p><strong>Idealne dopasowanie, gwarantowane:<\/strong> Zaprojektowana z my\u015bl\u0105 o perfekcyjnym dopasowaniu, Nova eliminuje typow\u0105 dla bomberek obj\u0119to\u015b\u0107. Kr\u00f3j ma podkre\u015bla\u0107 sylwetk\u0119, a nie j\u0105 ukrywa\u0107, zapewniaj\u0105c, \u017ce wygl\u0105dasz \u015bwietnie i czujesz si\u0119 doskonale.<\/p>\n<p><strong>Uniwersalno\u015b\u0107 na ka\u017cd\u0105 por\u0119 roku:<\/strong> Niezale\u017cnie od tego, czy to rze\u015bki wiatr wiosny, czy ch\u0142odne powietrze jesieni, Nova to Twoja kurtka na ka\u017cd\u0105 okazj\u0119. Jej oddychaj\u0105ca sk\u00f3ra sprawia, \u017ce jest idealna na cieplejsze dni, a mo\u017cliwo\u015b\u0107 noszenia warstwowego sprawia, \u017ce r\u00f3wnie dobrze sprawdzi si\u0119 w ch\u0142odniejsze dni.<\/p>\n<p>Kr\u00f3tko m\u00f3wi\u0105c, INHIDE Nova to nie tylko kolejna kurtka; to ulepszenie stylu \u017cycia. To idealne po\u0142\u0105czenie nowoczesnego designu, materia\u0142\u00f3w premium i nienagannego dopasowania. Gotowy, by zrobi\u0107 wra\u017cenie? Nova czeka na Ciebie.<\/p>\n<p>Kolor: Granatowy i Bia\u0142y<\/p>\n<\/div>","protected":false},"excerpt":{"rendered":"<p>The INHIDE Nova Men\u2019s Bomber Jacket is a standout piece that redefines the leather jacket game. Here\u2019s why it\u2019s the [&hellip;]<\/p>","protected":false},"featured_media":145,"comment_status":"open","ping_status":"closed","template":"","meta":{"site-sidebar-layout":"default","site-content-layout":"","ast-site-content-layout":"default","site-content-style":"default","site-sidebar-style":"default","ast-global-header-display":"","ast-banner-title-visibility":"","ast-main-header-display":"","ast-hfb-above-header-display":"","ast-hfb-below-header-display":"","ast-hfb-mobile-header-display":"","site-post-title":"","ast-breadcrumbs-content":"","ast-featured-img":"","footer-sml-layout":"","theme-transparent-header-meta":"default","adv-header-id-meta":"","stick-header-meta":"","header-above-stick-meta":"","header-main-stick-meta":"","header-below-stick-meta":"","astra-migrate-meta-layouts":"set","ast-page-background-enabled":"default","ast-page-background-meta":{"desktop":{"background-color":"var(--ast-global-color-4)","background-image":"","background-repeat":"repeat","background-position":"center center","background-size":"auto","background-attachment":"scroll","background-type":"","background-media":"","overlay-type":"","overlay-color":"","overlay-opacity":"","overlay-gradient":""},"tablet":{"background-color":"","background-image":"","background-repeat":"repeat","background-position":"center center","background-size":"auto","background-attachment":"scroll","background-type":"","background-media":"","overlay-type":"","overlay-color":"","overlay-opacity":"","overlay-gradient":""},"mobile":{"background-color":"","background-image":"","background-repeat":"repeat","background-position":"center center","background-size":"auto","background-attachment":"scroll","background-type":"","background-media":"","overlay-type":"","overlay-color":"","overlay-opacity":"","overlay-gradient":""}},"ast-content-background-meta":{"desktop":{"background-color":"var(--ast-global-color-5)","background-image":"","background-repeat":"repeat","background-position":"center center","background-size":"auto","background-attachment":"scroll","background-type":"","background-media":"","overlay-type":"","overlay-color":"","overlay-opacity":"","overlay-gradient":""},"tablet":{"background-color":"var(--ast-global-color-5)","background-image":"","background-repeat":"repeat","background-position":"center center","background-size":"auto","background-attachment":"scroll","background-type":"","background-media":"","overlay-type":"","overlay-color":"","overlay-opacity":"","overlay-gradient":""},"mobile":{"background-color":"var(--ast-global-color-5)","background-image":"","background-repeat":"repeat","background-position":"center center","background-size":"auto","background-attachment":"scroll","background-type":"","background-media":"","overlay-type":"","overlay-color":"","overlay-opacity":"","overlay-gradient":""}}},"product_brand":[],"product_cat":[34],"product_tag":[],"class_list":{"0":"post-497","1":"product","2":"type-product","3":"status-publish","4":"has-post-thumbnail","6":"product_cat-leatherjacketformen","7":"desktop-align-left","8":"tablet-align-left","9":"mobile-align-left","11":"first","12":"instock","13":"shipping-taxable","14":"purchasable","15":"product-type-variable"},"_links":{"self":[{"href":"https:\/\/inhidestore.com\/pl\/wp-json\/wp\/v2\/product\/497","targetHints":{"allow":["GET"]}}],"collection":[{"href":"https:\/\/inhidestore.com\/pl\/wp-json\/wp\/v2\/product"}],"about":[{"href":"https:\/\/inhidestore.com\/pl\/wp-json\/wp\/v2\/types\/product"}],"replies":[{"embeddable":true,"href":"https:\/\/inhidestore.com\/pl\/wp-json\/wp\/v2\/comments?post=497"}],"version-history":[{"count":4,"href":"https:\/\/inhidestore.com\/pl\/wp-json\/wp\/v2\/product\/497\/revisions"}],"predecessor-version":[{"id":2702,"href":"https:\/\/inhidestore.com\/pl\/wp-json\/wp\/v2\/product\/497\/revisions\/2702"}],"wp:featuredmedia":[{"embeddable":true,"href":"https:\/\/inhidestore.com\/pl\/wp-json\/wp\/v2\/media\/145"}],"wp:attachment":[{"href":"https:\/\/inhidestore.com\/pl\/wp-json\/wp\/v2\/media?parent=497"}],"wp:term":[{"taxonomy":"product_brand","embeddable":true,"href":"https:\/\/inhidestore.com\/pl\/wp-json\/wp\/v2\/product_brand?post=497"},{"taxonomy":"product_cat","embeddable":true,"href":"https:\/\/inhidestore.com\/pl\/wp-json\/wp\/v2\/product_cat?post=497"},{"taxonomy":"product_tag","embeddable":true,"href":"https:\/\/inhidestore.com\/pl\/wp-json\/wp\/v2\/product_tag?post=497"}],"curies":[{"name":"wp","href":"https:\/\/api.w.org\/{rel}","templated":true}]}}