{"id":521,"date":"2024-11-24T00:33:17","date_gmt":"2024-11-24T00:33:17","guid":{"rendered":"https:\/\/inhidestore.com\/?post_type=product&#038;p=521"},"modified":"2025-08-18T23:11:28","modified_gmt":"2025-08-18T23:11:28","slug":"inhide-sleekedge-meska-kurtka-zamszowa-premium-8","status":"publish","type":"product","link":"https:\/\/inhidestore.com\/pl\/sklep\/mezczyzni\/meskie-kurtki-skorzane\/inhide-sleekedge-meska-kurtka-zamszowa-premium-8\/","title":{"rendered":"INHIDE SleekEdge M\u0119ska Kurtka Sk\u00f3rzana Zamszowa Premium"},"content":{"rendered":"<div class=\"product-description\" style=\"font-family: Helvetica, Arial, sans-serif;\">\n<p>Poznaj INHIDE SleekEdge: to nie tylko sk\u00f3rzana kurtka, ale wyrazisty element garderoby, kt\u00f3ry z pewno\u015bci\u0105 stanie si\u0119 Twoim wiernym towarzyszem na lata. M\u00f3wimy o dekadzie lub wi\u0119cej w wielkim stylu \u2013 ten twardziel zosta\u0142 stworzony, by s\u0142u\u017cy\u0107 Ci przez 10\u201315 lat. Oto szczeg\u00f3\u0142y:<\/p>\n<p><strong>Najwy\u017cszej Jako\u015bci Sk\u00f3ra:<\/strong> Kiedy m\u00f3wimy o 100% czystej sk\u00f3rze owczej, mamy na my\u015bli najwy\u017csz\u0105 jako\u015b\u0107, jak\u0105 mo\u017cesz mie\u0107. To zamsz, kt\u00f3ry szepcze luksusem i krzyczy trwa\u0142o\u015bci\u0105. To nie tylko dobra jako\u015b\u0107; to najlepsza.<\/p>\n<p><strong>Wykonanie:<\/strong> To nie jest zwyk\u0142a kurtka. To owoc pasji, precyzji i odrobiny magii INHIDE. Zamsz jest tak luksusowy, jak i trwa\u0142y, dzi\u0119ki najwy\u017cszej jako\u015bci sk\u00f3rze owczej, kt\u00f3ra z czasem tylko zyskuje.<\/p>\n<p><strong>Kolor:<\/strong> Granat \u2013 bo klasyka nigdy nie wychodzi z mody. To kolor, kt\u00f3ry przyci\u0105ga spojrzenia i staje si\u0119 pocz\u0105tkiem niejednej rozmowy.<\/p>\n<p><strong>Szczeg\u00f3\u0142y:<\/strong> Stawiamy na jako\u015b\u0107, u\u017cywaj\u0105c najwy\u017cszej klasy zamk\u00f3w i guzik\u00f3w. Nie s\u0105 tylko b\u0142yszcz\u0105ce; s\u0105 solidne.<\/p>\n<p><strong>Wszechstronno\u015b\u0107:<\/strong> Motocyklowy styl? Zgadza si\u0119. Ale nie szufladkuj jej \u2013 ta kurtka jest wszechstronna. Niezale\u017cnie od tego, czy to ch\u0142odny wiecz\u00f3r, czy wietrzny dzie\u0144, to Tw\u00f3j wyb\u00f3r na ka\u017cd\u0105 por\u0119 roku.<\/p>\n<p><strong>Idealne Dopasowanie:<\/strong> Skrojona tak, by wyr\u00f3\u017cnia\u0107 si\u0119 na tle innych, SleekEdge obiecuje dopasowanie, kt\u00f3re sprawia wra\u017cenie szytego na miar\u0119. Bo je\u015bli chodzi o sk\u00f3rzane kurtki, odpowiednie dopasowanie robi ca\u0142\u0105 r\u00f3\u017cnic\u0119. Jest dopasowana tam, gdzie powinna, lu\u017ana tam, gdzie chcesz, i og\u00f3lnie rzecz bior\u0105c, fantastyczna.<\/p>\n<p>Wi\u0119c, niezale\u017cnie od tego, czy wyruszasz w drog\u0119, czy po prostu wychodzisz na miasto, INHIDE SleekEdge to Tw\u00f3j idealny towarzysz. To nie tylko kurtka; to podr\u00f3\u017c. Gotowy na t\u0119 podr\u00f3\u017c?<\/p>\n<\/div>","protected":false},"excerpt":{"rendered":"<p>Meet the INHIDE SleekEdge: Not just a leather jacket, but a statement piece that\u2019s bound to become your trusty sidekick [&hellip;]<\/p>","protected":false},"featured_media":142,"comment_status":"open","ping_status":"closed","template":"","meta":{"site-sidebar-layout":"default","site-content-layout":"","ast-site-content-layout":"default","site-content-style":"default","site-sidebar-style":"default","ast-global-header-display":"","ast-banner-title-visibility":"","ast-main-header-display":"","ast-hfb-above-header-display":"","ast-hfb-below-header-display":"","ast-hfb-mobile-header-display":"","site-post-title":"","ast-breadcrumbs-content":"","ast-featured-img":"","footer-sml-layout":"","theme-transparent-header-meta":"default","adv-header-id-meta":"","stick-header-meta":"","header-above-stick-meta":"","header-main-stick-meta":"","header-below-stick-meta":"","astra-migrate-meta-layouts":"set","ast-page-background-enabled":"default","ast-page-background-meta":{"desktop":{"background-color":"var(--ast-global-color-4)","background-image":"","background-repeat":"repeat","background-position":"center center","background-size":"auto","background-attachment":"scroll","background-type":"","background-media":"","overlay-type":"","overlay-color":"","overlay-opacity":"","overlay-gradient":""},"tablet":{"background-color":"","background-image":"","background-repeat":"repeat","background-position":"center center","background-size":"auto","background-attachment":"scroll","background-type":"","background-media":"","overlay-type":"","overlay-color":"","overlay-opacity":"","overlay-gradient":""},"mobile":{"background-color":"","background-image":"","background-repeat":"repeat","background-position":"center center","background-size":"auto","background-attachment":"scroll","background-type":"","background-media":"","overlay-type":"","overlay-color":"","overlay-opacity":"","overlay-gradient":""}},"ast-content-background-meta":{"desktop":{"background-color":"var(--ast-global-color-5)","background-image":"","background-repeat":"repeat","background-position":"center center","background-size":"auto","background-attachment":"scroll","background-type":"","background-media":"","overlay-type":"","overlay-color":"","overlay-opacity":"","overlay-gradient":""},"tablet":{"background-color":"var(--ast-global-color-5)","background-image":"","background-repeat":"repeat","background-position":"center center","background-size":"auto","background-attachment":"scroll","background-type":"","background-media":"","overlay-type":"","overlay-color":"","overlay-opacity":"","overlay-gradient":""},"mobile":{"background-color":"var(--ast-global-color-5)","background-image":"","background-repeat":"repeat","background-position":"center center","background-size":"auto","background-attachment":"scroll","background-type":"","background-media":"","overlay-type":"","overlay-color":"","overlay-opacity":"","overlay-gradient":""}}},"product_brand":[],"product_cat":[34],"product_tag":[],"class_list":{"0":"post-521","1":"product","2":"type-product","3":"status-publish","4":"has-post-thumbnail","6":"product_cat-leatherjacketformen","7":"desktop-align-left","8":"tablet-align-left","9":"mobile-align-left","11":"first","12":"instock","13":"shipping-taxable","14":"purchasable","15":"product-type-variable"},"_links":{"self":[{"href":"https:\/\/inhidestore.com\/pl\/wp-json\/wp\/v2\/product\/521","targetHints":{"allow":["GET"]}}],"collection":[{"href":"https:\/\/inhidestore.com\/pl\/wp-json\/wp\/v2\/product"}],"about":[{"href":"https:\/\/inhidestore.com\/pl\/wp-json\/wp\/v2\/types\/product"}],"replies":[{"embeddable":true,"href":"https:\/\/inhidestore.com\/pl\/wp-json\/wp\/v2\/comments?post=521"}],"version-history":[{"count":2,"href":"https:\/\/inhidestore.com\/pl\/wp-json\/wp\/v2\/product\/521\/revisions"}],"predecessor-version":[{"id":2698,"href":"https:\/\/inhidestore.com\/pl\/wp-json\/wp\/v2\/product\/521\/revisions\/2698"}],"wp:featuredmedia":[{"embeddable":true,"href":"https:\/\/inhidestore.com\/pl\/wp-json\/wp\/v2\/media\/142"}],"wp:attachment":[{"href":"https:\/\/inhidestore.com\/pl\/wp-json\/wp\/v2\/media?parent=521"}],"wp:term":[{"taxonomy":"product_brand","embeddable":true,"href":"https:\/\/inhidestore.com\/pl\/wp-json\/wp\/v2\/product_brand?post=521"},{"taxonomy":"product_cat","embeddable":true,"href":"https:\/\/inhidestore.com\/pl\/wp-json\/wp\/v2\/product_cat?post=521"},{"taxonomy":"product_tag","embeddable":true,"href":"https:\/\/inhidestore.com\/pl\/wp-json\/wp\/v2\/product_tag?post=521"}],"curies":[{"name":"wp","href":"https:\/\/api.w.org\/{rel}","templated":true}]}}