{"id":551,"date":"2024-11-24T00:33:20","date_gmt":"2024-11-24T00:33:20","guid":{"rendered":"https:\/\/inhidestore.com\/?post_type=product&#038;p=551"},"modified":"2025-08-18T23:10:24","modified_gmt":"2025-08-18T23:10:24","slug":"damska-skorzana-bomberka-premium-inhide-nova-2","status":"publish","type":"product","link":"https:\/\/inhidestore.com\/pl\/sklep\/kobieta\/skorzana-kurtka-damska\/damska-skorzana-bomberka-premium-inhide-nova-2\/","title":{"rendered":"INHIDE Nova Damska Kurtka Sk\u00f3rzana Bomberka Premium"},"content":{"rendered":"<div class=\"product-description\" style=\"font-family: Helvetica, Arial, sans-serif;\">\n<p>Podkre\u015bl sw\u00f3j styl z damsk\u0105 kurtk\u0105 bomberk\u0105 ze sk\u00f3ry premium INHIDE Nova.<\/p>\n<p>Wykonana w 100% z czystej, najwy\u017cszej jako\u015bci sk\u00f3ry owczej, ta kurtka zapewnia luksusowy komfort i ponadczasowy urok. Oto dlaczego zas\u0142uguje na miejsce w Twojej garderobie:<\/p>\n<p><strong>Materia\u0142 najwy\u017cszej jako\u015bci:<\/strong> Ma\u015blano-mi\u0119kka, g\u0142adka tekstura sk\u00f3ry owczej jest niezwykle przyjemna dla sk\u00f3ry. Ta kurtka nie tylko wygl\u0105da ol\u015bniewaj\u0105co \u2014 jej noszenie to czysta przyjemno\u015b\u0107.<\/p>\n<p><strong>Wysokiej jako\u015bci zamki b\u0142yskawiczne:<\/strong> Wyposa\u017cona w zamki premium, kt\u00f3re p\u0142ynnie si\u0119 przesuwaj\u0105, zapewniaj\u0105c zar\u00f3wno trwa\u0142o\u015b\u0107, jak i \u0142atwo\u015b\u0107 u\u017cytkowania \u2014 koniec z irytuj\u0105cym zacinaniem si\u0119 czy blokowaniem suwak\u00f3w.<\/p>\n<p><strong>Wyj\u0105tkowa trwa\u0142o\u015b\u0107:<\/strong> Inwestycja w t\u0119 kurtk\u0119 to inwestycja w d\u0142ugotrwa\u0142y styl. Z \u017cywotno\u015bci\u0105 10\u201315 lat, to niezawodny element garderoby, kt\u00f3ry pos\u0142u\u017cy Ci sezon po sezonie.<\/p>\n<p><strong>Wszechstronno\u015b\u0107 na ka\u017cd\u0105 por\u0119 roku:<\/strong> Niezale\u017cnie od tego, czy stawiasz czo\u0142a mro\u017anym zimom, czy cieszysz si\u0119 rze\u015bkim letnim wieczorem, kurtka INHIDE Nova jest stworzona, by si\u0119 dopasowa\u0107 \u2014 bez wysi\u0142ku wpasowuj\u0105c si\u0119 w ka\u017cd\u0105 por\u0119 roku i ka\u017cd\u0105 okazj\u0119.<\/p>\n<p><strong>Styl bomberki, wytrzyma\u0142o\u015b\u0107 kurtki motocyklowej:<\/strong> Cho\u0107 stylizowana na klasyczn\u0105 bomberk\u0119 ze \u015bci\u0105gaczami przy mankietach i u do\u0142u, jej trwa\u0142a konstrukcja pozwala jej s\u0142u\u017cy\u0107 r\u00f3wnie\u017c jako kurtka motocyklowa \u2014 gotowa zar\u00f3wno na miejskie spacery, jak i otwart\u0105 drog\u0119.<\/p>\n<p><strong>Wyrazisty kolor:<\/strong> \u017bywy odcie\u0144 niebieskiego, podkre\u015blony granatowymi kontrastami, zapewnia wyrafinowany, a jednocze\u015bnie odwa\u017cny wygl\u0105d \u2014 przyci\u0105gaj\u0105cy uwag\u0119, ale nie krzykliwy.<\/p>\n<p>Od przeja\u017cd\u017cek motocyklowych, przez miejskie spacery, po spotkania przy kawie, damska kurtka bomberka ze sk\u00f3ry premium INHIDE Nova doskonale \u0142\u0105czy mod\u0119 z funkcjonalno\u015bci\u0105.<\/p>\n<\/div>","protected":false},"excerpt":{"rendered":"<p>Elevate your style with the INHIDE Nova Women\u2019s Premium Leather Bomber Jacket Crafted from 100% pure, premium sheep leather, this [&hellip;]<\/p>","protected":false},"featured_media":105,"comment_status":"open","ping_status":"closed","template":"","meta":{"site-sidebar-layout":"default","site-content-layout":"","ast-site-content-layout":"default","site-content-style":"default","site-sidebar-style":"default","ast-global-header-display":"","ast-banner-title-visibility":"","ast-main-header-display":"","ast-hfb-above-header-display":"","ast-hfb-below-header-display":"","ast-hfb-mobile-header-display":"","site-post-title":"","ast-breadcrumbs-content":"","ast-featured-img":"","footer-sml-layout":"","theme-transparent-header-meta":"default","adv-header-id-meta":"","stick-header-meta":"","header-above-stick-meta":"","header-main-stick-meta":"","header-below-stick-meta":"","astra-migrate-meta-layouts":"set","ast-page-background-enabled":"default","ast-page-background-meta":{"desktop":{"background-color":"var(--ast-global-color-4)","background-image":"","background-repeat":"repeat","background-position":"center center","background-size":"auto","background-attachment":"scroll","background-type":"","background-media":"","overlay-type":"","overlay-color":"","overlay-opacity":"","overlay-gradient":""},"tablet":{"background-color":"","background-image":"","background-repeat":"repeat","background-position":"center center","background-size":"auto","background-attachment":"scroll","background-type":"","background-media":"","overlay-type":"","overlay-color":"","overlay-opacity":"","overlay-gradient":""},"mobile":{"background-color":"","background-image":"","background-repeat":"repeat","background-position":"center center","background-size":"auto","background-attachment":"scroll","background-type":"","background-media":"","overlay-type":"","overlay-color":"","overlay-opacity":"","overlay-gradient":""}},"ast-content-background-meta":{"desktop":{"background-color":"var(--ast-global-color-5)","background-image":"","background-repeat":"repeat","background-position":"center center","background-size":"auto","background-attachment":"scroll","background-type":"","background-media":"","overlay-type":"","overlay-color":"","overlay-opacity":"","overlay-gradient":""},"tablet":{"background-color":"var(--ast-global-color-5)","background-image":"","background-repeat":"repeat","background-position":"center center","background-size":"auto","background-attachment":"scroll","background-type":"","background-media":"","overlay-type":"","overlay-color":"","overlay-opacity":"","overlay-gradient":""},"mobile":{"background-color":"var(--ast-global-color-5)","background-image":"","background-repeat":"repeat","background-position":"center center","background-size":"auto","background-attachment":"scroll","background-type":"","background-media":"","overlay-type":"","overlay-color":"","overlay-opacity":"","overlay-gradient":""}}},"product_brand":[],"product_cat":[37],"product_tag":[],"class_list":{"0":"post-551","1":"product","2":"type-product","3":"status-publish","4":"has-post-thumbnail","6":"product_cat-leatherjacketforwomen","7":"desktop-align-left","8":"tablet-align-left","9":"mobile-align-left","11":"first","12":"instock","13":"shipping-taxable","14":"purchasable","15":"product-type-variable"},"_links":{"self":[{"href":"https:\/\/inhidestore.com\/pl\/wp-json\/wp\/v2\/product\/551","targetHints":{"allow":["GET"]}}],"collection":[{"href":"https:\/\/inhidestore.com\/pl\/wp-json\/wp\/v2\/product"}],"about":[{"href":"https:\/\/inhidestore.com\/pl\/wp-json\/wp\/v2\/types\/product"}],"replies":[{"embeddable":true,"href":"https:\/\/inhidestore.com\/pl\/wp-json\/wp\/v2\/comments?post=551"}],"version-history":[{"count":3,"href":"https:\/\/inhidestore.com\/pl\/wp-json\/wp\/v2\/product\/551\/revisions"}],"predecessor-version":[{"id":2696,"href":"https:\/\/inhidestore.com\/pl\/wp-json\/wp\/v2\/product\/551\/revisions\/2696"}],"wp:featuredmedia":[{"embeddable":true,"href":"https:\/\/inhidestore.com\/pl\/wp-json\/wp\/v2\/media\/105"}],"wp:attachment":[{"href":"https:\/\/inhidestore.com\/pl\/wp-json\/wp\/v2\/media?parent=551"}],"wp:term":[{"taxonomy":"product_brand","embeddable":true,"href":"https:\/\/inhidestore.com\/pl\/wp-json\/wp\/v2\/product_brand?post=551"},{"taxonomy":"product_cat","embeddable":true,"href":"https:\/\/inhidestore.com\/pl\/wp-json\/wp\/v2\/product_cat?post=551"},{"taxonomy":"product_tag","embeddable":true,"href":"https:\/\/inhidestore.com\/pl\/wp-json\/wp\/v2\/product_tag?post=551"}],"curies":[{"name":"wp","href":"https:\/\/api.w.org\/{rel}","templated":true}]}}