{"id":584,"date":"2024-11-24T00:33:22","date_gmt":"2024-11-24T00:33:22","guid":{"rendered":"https:\/\/inhidestore.com\/?post_type=product&#038;p=584"},"modified":"2025-08-18T23:03:15","modified_gmt":"2025-08-18T23:03:15","slug":"damska-kurtka-skorzana-premium-inhide-roxy-2","status":"publish","type":"product","link":"https:\/\/inhidestore.com\/pl\/sklep\/kobieta\/skorzana-kurtka-damska\/damska-kurtka-skorzana-premium-inhide-roxy-2\/","title":{"rendered":"INHIDE Roxy Damska Kurtka Sk\u00f3rzana Premium"},"content":{"rendered":"<p style=\"font-family: Helvetica, Arial, sans-serif;\">Przedstawiamy INHIDE Roxy, bordow\u0105 sk\u00f3rzan\u0105 kurtk\u0119 damsk\u0105, kt\u00f3ra jest idealnym po\u0142\u0105czeniem luksusu i buntu. Wykonana z niezwykle mi\u0119kkiej, 100% sk\u00f3ry owczej \u2013 tak mi\u0119kkiej, \u017ce a\u017c trudno uwierzy\u0107! Le\u017cy jak druga sk\u00f3ra. G\u0142\u0119boki bordowy kolor jest odwa\u017cny jak zach\u00f3d s\u0142o\u0144ca na pustyni, podkre\u015blony z\u0142otymi guzikami i zamkami, kt\u00f3re l\u015bni\u0105 jak odkryty skarb.<\/p>\n<p style=\"font-family: Helvetica, Arial, sans-serif;\">To nie jest zwyk\u0142a kurtka; to ponadczasowy element garderoby, stworzony, by towarzyszy\u0107 Ci w modzie przez ponad dekad\u0119. Idealna do narzucenia na letni\u0105 sukienk\u0119 na wieczorne wyj\u015bcie w ciep\u0142y wiecz\u00f3r, lub jako warstwa chroni\u0105ca przed zimowym wiatrem. Masz ochot\u0119 na przygod\u0119? Roxy \u015bwietnie sprawdzi si\u0119 r\u00f3wnie\u017c jako osza\u0142amiaj\u0105ca kurtka motocyklowa, czyni\u0105c Ci\u0119 najbardziej stylow\u0105 buntowniczk\u0105 na dw\u00f3ch k\u00f3\u0142kach.<\/p>\n<p style=\"font-family: Helvetica, Arial, sans-serif;\">Przygotuj si\u0119 na to, by przyci\u0105ga\u0107 spojrzenia z INHIDE. To tam, gdzie elegancja spotyka si\u0119 z pazurem.<\/p>\n<p style=\"font-family: Helvetica, Arial, sans-serif;\">Kolor: Bordowy<\/p>","protected":false},"excerpt":{"rendered":"<p>Introducing the INHIDE Roxy, a maroon leather jacket for women that&#8217;s a perfect blend of luxury and rebellion. Made from [&hellip;]<\/p>","protected":false},"featured_media":135,"comment_status":"open","ping_status":"closed","template":"","meta":{"site-sidebar-layout":"default","site-content-layout":"","ast-site-content-layout":"default","site-content-style":"default","site-sidebar-style":"default","ast-global-header-display":"","ast-banner-title-visibility":"","ast-main-header-display":"","ast-hfb-above-header-display":"","ast-hfb-below-header-display":"","ast-hfb-mobile-header-display":"","site-post-title":"","ast-breadcrumbs-content":"","ast-featured-img":"","footer-sml-layout":"","theme-transparent-header-meta":"default","adv-header-id-meta":"","stick-header-meta":"","header-above-stick-meta":"","header-main-stick-meta":"","header-below-stick-meta":"","astra-migrate-meta-layouts":"set","ast-page-background-enabled":"default","ast-page-background-meta":{"desktop":{"background-color":"var(--ast-global-color-4)","background-image":"","background-repeat":"repeat","background-position":"center center","background-size":"auto","background-attachment":"scroll","background-type":"","background-media":"","overlay-type":"","overlay-color":"","overlay-opacity":"","overlay-gradient":""},"tablet":{"background-color":"","background-image":"","background-repeat":"repeat","background-position":"center center","background-size":"auto","background-attachment":"scroll","background-type":"","background-media":"","overlay-type":"","overlay-color":"","overlay-opacity":"","overlay-gradient":""},"mobile":{"background-color":"","background-image":"","background-repeat":"repeat","background-position":"center center","background-size":"auto","background-attachment":"scroll","background-type":"","background-media":"","overlay-type":"","overlay-color":"","overlay-opacity":"","overlay-gradient":""}},"ast-content-background-meta":{"desktop":{"background-color":"var(--ast-global-color-5)","background-image":"","background-repeat":"repeat","background-position":"center center","background-size":"auto","background-attachment":"scroll","background-type":"","background-media":"","overlay-type":"","overlay-color":"","overlay-opacity":"","overlay-gradient":""},"tablet":{"background-color":"var(--ast-global-color-5)","background-image":"","background-repeat":"repeat","background-position":"center center","background-size":"auto","background-attachment":"scroll","background-type":"","background-media":"","overlay-type":"","overlay-color":"","overlay-opacity":"","overlay-gradient":""},"mobile":{"background-color":"var(--ast-global-color-5)","background-image":"","background-repeat":"repeat","background-position":"center center","background-size":"auto","background-attachment":"scroll","background-type":"","background-media":"","overlay-type":"","overlay-color":"","overlay-opacity":"","overlay-gradient":""}}},"product_brand":[],"product_cat":[37],"product_tag":[],"class_list":{"0":"post-584","1":"product","2":"type-product","3":"status-publish","4":"has-post-thumbnail","6":"product_cat-leatherjacketforwomen","7":"desktop-align-left","8":"tablet-align-left","9":"mobile-align-left","11":"first","12":"instock","13":"shipping-taxable","14":"purchasable","15":"product-type-variable"},"_links":{"self":[{"href":"https:\/\/inhidestore.com\/pl\/wp-json\/wp\/v2\/product\/584","targetHints":{"allow":["GET"]}}],"collection":[{"href":"https:\/\/inhidestore.com\/pl\/wp-json\/wp\/v2\/product"}],"about":[{"href":"https:\/\/inhidestore.com\/pl\/wp-json\/wp\/v2\/types\/product"}],"replies":[{"embeddable":true,"href":"https:\/\/inhidestore.com\/pl\/wp-json\/wp\/v2\/comments?post=584"}],"version-history":[{"count":3,"href":"https:\/\/inhidestore.com\/pl\/wp-json\/wp\/v2\/product\/584\/revisions"}],"predecessor-version":[{"id":3071,"href":"https:\/\/inhidestore.com\/pl\/wp-json\/wp\/v2\/product\/584\/revisions\/3071"}],"wp:featuredmedia":[{"embeddable":true,"href":"https:\/\/inhidestore.com\/pl\/wp-json\/wp\/v2\/media\/135"}],"wp:attachment":[{"href":"https:\/\/inhidestore.com\/pl\/wp-json\/wp\/v2\/media?parent=584"}],"wp:term":[{"taxonomy":"product_brand","embeddable":true,"href":"https:\/\/inhidestore.com\/pl\/wp-json\/wp\/v2\/product_brand?post=584"},{"taxonomy":"product_cat","embeddable":true,"href":"https:\/\/inhidestore.com\/pl\/wp-json\/wp\/v2\/product_cat?post=584"},{"taxonomy":"product_tag","embeddable":true,"href":"https:\/\/inhidestore.com\/pl\/wp-json\/wp\/v2\/product_tag?post=584"}],"curies":[{"name":"wp","href":"https:\/\/api.w.org\/{rel}","templated":true}]}}