{"id":602,"date":"2024-11-24T00:33:24","date_gmt":"2024-11-24T00:33:24","guid":{"rendered":"https:\/\/inhidestore.com\/?post_type=product&#038;p=602"},"modified":"2025-08-18T22:41:05","modified_gmt":"2025-08-18T22:41:05","slug":"damska-kurtka-zamszowa-premium-inhide","status":"publish","type":"product","link":"https:\/\/inhidestore.com\/pl\/sklep\/kobieta\/skorzana-kurtka-damska\/damska-kurtka-zamszowa-premium-inhide\/","title":{"rendered":"INHIDE Damska Kurtka Sk\u00f3rzana Zamszowa Premium"},"content":{"rendered":"<p style=\"font-family: Helvetica, Arial, sans-serif;\">Wzboga\u0107 swoj\u0105 garderob\u0119 damsk\u0105 kurtk\u0105 sk\u00f3rzan\u0105 zamszow\u0105 premium INHIDE \u2013 ponadczasowym elementem, kt\u00f3ry emanuje elegancj\u0105 i wyrafinowaniem. Wykonana z 100% czystej, wysokogatunkowej sk\u00f3ry owczej, ta kurtka to nie tylko modowy akcent, to inwestycja w trwa\u0142y styl.<\/p>\n<p style=\"font-family: Helvetica, Arial, sans-serif;\">Luksusowy Materia\u0142: Poczuj ma\u015blan\u0105 mi\u0119kko\u015b\u0107 wysokiej jako\u015bci zamszu, zapewniaj\u0105cego niezr\u00f3wnany komfort i trwa\u0142o\u015b\u0107.<\/p>\n<p style=\"font-family: Helvetica, Arial, sans-serif;\">Wszechstronny Styl: Niezale\u017cnie od tego, czy ubierasz si\u0119 elegancko na wieczorne wyj\u015bcie, czy stawiasz na luz podczas dnia w mie\u015bcie, elegancki design tej kurtki dopasuje si\u0119 do ka\u017cdej okazji.<\/p>\n<p style=\"font-family: Helvetica, Arial, sans-serif;\">Dba\u0142o\u015b\u0107 o Szczeg\u00f3\u0142y: Starannie uszyta z precyzj\u0105, ka\u017cdy szew i guzik \u015bwiadczy o mistrzostwie rzemie\u015blniczym stoj\u0105cym za tym wyj\u0105tkowym dzie\u0142em.<\/p>\n<p style=\"font-family: Helvetica, Arial, sans-serif;\">Poczuj r\u00f3\u017cnic\u0119 INHIDE ju\u017c dzi\u015b i wyjd\u017a na miasto z pewno\u015bci\u0105 siebie i gracj\u0105.<\/p>\n<p style=\"font-family: Helvetica, Arial, sans-serif;\">Kolor: Czekoladowy Br\u0105z<\/p>","protected":false},"excerpt":{"rendered":"<p>Elevate your wardrobe with the INHIDE Women&#8217;s Premium Suede Leather Jacket \u2013 a timeless piece that exudes elegance and sophistication. [&hellip;]<\/p>","protected":false},"featured_media":149,"comment_status":"open","ping_status":"closed","template":"","meta":{"site-sidebar-layout":"default","site-content-layout":"","ast-site-content-layout":"default","site-content-style":"default","site-sidebar-style":"default","ast-global-header-display":"","ast-banner-title-visibility":"","ast-main-header-display":"","ast-hfb-above-header-display":"","ast-hfb-below-header-display":"","ast-hfb-mobile-header-display":"","site-post-title":"","ast-breadcrumbs-content":"","ast-featured-img":"","footer-sml-layout":"","theme-transparent-header-meta":"default","adv-header-id-meta":"","stick-header-meta":"","header-above-stick-meta":"","header-main-stick-meta":"","header-below-stick-meta":"","astra-migrate-meta-layouts":"set","ast-page-background-enabled":"default","ast-page-background-meta":{"desktop":{"background-color":"var(--ast-global-color-4)","background-image":"","background-repeat":"repeat","background-position":"center center","background-size":"auto","background-attachment":"scroll","background-type":"","background-media":"","overlay-type":"","overlay-color":"","overlay-opacity":"","overlay-gradient":""},"tablet":{"background-color":"","background-image":"","background-repeat":"repeat","background-position":"center center","background-size":"auto","background-attachment":"scroll","background-type":"","background-media":"","overlay-type":"","overlay-color":"","overlay-opacity":"","overlay-gradient":""},"mobile":{"background-color":"","background-image":"","background-repeat":"repeat","background-position":"center center","background-size":"auto","background-attachment":"scroll","background-type":"","background-media":"","overlay-type":"","overlay-color":"","overlay-opacity":"","overlay-gradient":""}},"ast-content-background-meta":{"desktop":{"background-color":"var(--ast-global-color-5)","background-image":"","background-repeat":"repeat","background-position":"center center","background-size":"auto","background-attachment":"scroll","background-type":"","background-media":"","overlay-type":"","overlay-color":"","overlay-opacity":"","overlay-gradient":""},"tablet":{"background-color":"var(--ast-global-color-5)","background-image":"","background-repeat":"repeat","background-position":"center center","background-size":"auto","background-attachment":"scroll","background-type":"","background-media":"","overlay-type":"","overlay-color":"","overlay-opacity":"","overlay-gradient":""},"mobile":{"background-color":"var(--ast-global-color-5)","background-image":"","background-repeat":"repeat","background-position":"center center","background-size":"auto","background-attachment":"scroll","background-type":"","background-media":"","overlay-type":"","overlay-color":"","overlay-opacity":"","overlay-gradient":""}}},"product_brand":[],"product_cat":[37],"product_tag":[],"class_list":{"0":"post-602","1":"product","2":"type-product","3":"status-publish","4":"has-post-thumbnail","6":"product_cat-leatherjacketforwomen","7":"desktop-align-left","8":"tablet-align-left","9":"mobile-align-left","11":"first","12":"instock","13":"shipping-taxable","14":"purchasable","15":"product-type-variable"},"_links":{"self":[{"href":"https:\/\/inhidestore.com\/pl\/wp-json\/wp\/v2\/product\/602","targetHints":{"allow":["GET"]}}],"collection":[{"href":"https:\/\/inhidestore.com\/pl\/wp-json\/wp\/v2\/product"}],"about":[{"href":"https:\/\/inhidestore.com\/pl\/wp-json\/wp\/v2\/types\/product"}],"replies":[{"embeddable":true,"href":"https:\/\/inhidestore.com\/pl\/wp-json\/wp\/v2\/comments?post=602"}],"version-history":[{"count":4,"href":"https:\/\/inhidestore.com\/pl\/wp-json\/wp\/v2\/product\/602\/revisions"}],"predecessor-version":[{"id":2681,"href":"https:\/\/inhidestore.com\/pl\/wp-json\/wp\/v2\/product\/602\/revisions\/2681"}],"wp:featuredmedia":[{"embeddable":true,"href":"https:\/\/inhidestore.com\/pl\/wp-json\/wp\/v2\/media\/149"}],"wp:attachment":[{"href":"https:\/\/inhidestore.com\/pl\/wp-json\/wp\/v2\/media?parent=602"}],"wp:term":[{"taxonomy":"product_brand","embeddable":true,"href":"https:\/\/inhidestore.com\/pl\/wp-json\/wp\/v2\/product_brand?post=602"},{"taxonomy":"product_cat","embeddable":true,"href":"https:\/\/inhidestore.com\/pl\/wp-json\/wp\/v2\/product_cat?post=602"},{"taxonomy":"product_tag","embeddable":true,"href":"https:\/\/inhidestore.com\/pl\/wp-json\/wp\/v2\/product_tag?post=602"}],"curies":[{"name":"wp","href":"https:\/\/api.w.org\/{rel}","templated":true}]}}