{"id":2274,"date":"2025-01-22T21:18:48","date_gmt":"2025-01-22T21:18:48","guid":{"rendered":"https:\/\/inhidestore.com\/?page_id=2274"},"modified":"2025-07-17T22:53:51","modified_gmt":"2025-07-17T22:53:51","slug":"dopravne-podmienky","status":"publish","type":"page","link":"https:\/\/inhidestore.com\/sk\/dopravne-podmienky\/","title":{"rendered":"Dopravn\u00e9 podmienky"},"content":{"rendered":"<p>V Inhide sme hrd\u00ed na to, \u017ee dod\u00e1vame pr\u00e9miov\u00e9 ko\u017een\u00e9 bundy z\u00e1kazn\u00edkom po celom svete. Na\u0161e Podmienky doru\u010denia podrobne opisuj\u00fa, ako spracov\u00e1vame, vybavujeme a doru\u010dujeme va\u0161e objedn\u00e1vky. Venujte pros\u00edm chv\u00ed\u013eu pre\u010d\u00edtaniu inform\u00e1ci\u00ed ni\u017e\u0161ie, aby ste pochopili, ako zabezpe\u010dujeme bezprobl\u00e9mov\u00e9 doru\u010denie.<\/p>\n\n\n\n<hr class=\"wp-block-separator has-alpha-channel-opacity\"\/>\n\n\n\n<p><strong>Remeseln\u00e1 v\u00fdroba na objedn\u00e1vku<\/strong><\/p>\n\n\n\n<p>Ka\u017ed\u00e1 bunda Inhide je vyroben\u00e1 s l\u00e1skou, prec\u00edznos\u0165ou a d\u00f4razom na detail. Ke\u010f\u017ee na\u0161e bundy vyr\u00e1bame na objedn\u00e1vku, neskladujeme vopred vyroben\u00e9 kusy. To n\u00e1m umo\u017e\u0148uje poskytn\u00fa\u0165 v\u00e1m produkt, ktor\u00fd sp\u013a\u0148a va\u0161e \u0161pecifick\u00e9 preferencie a z\u00e1rove\u0148 udr\u017eiava na\u0161e vysok\u00e9 \u0161tandardy kvality.<\/p>\n\n\n\n<ul class=\"wp-block-list\">\n<li><strong>Doba v\u00fdroby:<\/strong><br>V\u00fdroba va\u0161ej bundy zvy\u010dajne trv\u00e1<strong> 5-8 pracovn\u00fdch dn\u00ed<\/strong> k\u00fdm je pripraven\u00e1 na odoslanie. To zah\u0155\u0148a \u010das potrebn\u00fd na v\u00fdber materi\u00e1lu, kraj\u010d\u00edrsku pr\u00e1cu a d\u00f4kladn\u00e9 kontroly kvality.<\/li>\n\n\n\n<li><strong>Objedn\u00e1vky na mieru:<\/strong><br>Ak va\u0161a objedn\u00e1vka zah\u0155\u0148a ak\u00e9ko\u013evek \u00fapravy na mieru, upozor\u0148ujeme, \u017ee doba v\u00fdroby sa m\u00f4\u017ee mierne l\u00ed\u0161i\u0165 v z\u00e1vislosti od zlo\u017eitosti dizajnu.<\/li>\n<\/ul>\n\n\n\n<hr class=\"wp-block-separator has-alpha-channel-opacity\"\/>\n\n\n\n<p><strong>Celosvetov\u00e1 doprava zdarma<\/strong><\/p>\n\n\n\n<p>Ver\u00edme v zjednodu\u0161enie v\u00e1\u0161ho n\u00e1kupn\u00e9ho z\u00e1\u017eitku. Preto pon\u00fakame <strong>dopravu zdarma do cel\u00e9ho sveta<\/strong> na v\u0161etky objedn\u00e1vky. \u010ci u\u017e ste v Severnej Amerike, Eur\u00f3pe, \u00c1zii alebo kdeko\u013evek inde, ne\u00fa\u010dtujeme \u017eiadne skryt\u00e9 poplatky za dopravu.<\/p>\n\n\n\n<hr class=\"wp-block-separator has-alpha-channel-opacity\"\/>\n\n\n\n<p><strong>Predpokladan\u00e9 dodacie lehoty<\/strong><\/p>\n\n\n\n<p>Akon\u00e1hle je va\u0161a bunda vyroben\u00e1 a odoslan\u00e1, dodacie lehoty bud\u00fa z\u00e1visie\u0165 od va\u0161ej polohy. Tu je to, \u010do m\u00f4\u017eete o\u010dak\u00e1va\u0165:<\/p>\n\n\n\n<ul class=\"wp-block-list\">\n<li><strong>Severn\u00e1 Amerika:<\/strong> 3-5 pracovn\u00fdch dn\u00ed<\/li>\n\n\n\n<li><strong>Eur\u00f3pa:<\/strong> 3-5 pracovn\u00fdch dn\u00ed<\/li>\n\n\n\n<li><strong>\u00c1zia-Pacifik:<\/strong> 3-5 pracovn\u00fdch dn\u00ed<\/li>\n\n\n\n<li><strong>Zvy\u0161ok sveta:<\/strong> 3-5 pracovn\u00fdch dn\u00ed<\/li>\n<\/ul>\n\n\n\n<p>Upozor\u0148ujeme, \u017ee toto s\u00fa predpokladan\u00e9 dodacie lehoty a m\u00f4\u017eu sa l\u00ed\u0161i\u0165 v d\u00f4sledku vonkaj\u0161\u00edch faktorov, ako je coln\u00e9 konanie alebo me\u0161kania miestnych kuri\u00e9rskych slu\u017eieb.<\/p>\n\n\n\n<hr class=\"wp-block-separator has-alpha-channel-opacity\"\/>\n\n\n\n<p><strong>Sledovanie objedn\u00e1vky<\/strong><\/p>\n\n\n\n<p>Akon\u00e1hle bude va\u0161a objedn\u00e1vka odoslan\u00e1, dostanete e-mail s \u010d\u00edslom sledovania a pokynmi, ako sledova\u0165 va\u0161u z\u00e1sielku. To v\u00e1m umo\u017en\u00ed sledova\u0165 priebeh va\u0161ej objedn\u00e1vky v re\u00e1lnom \u010dase.<\/p>\n\n\n\n<hr class=\"wp-block-separator has-alpha-channel-opacity\"\/>\n\n\n\n<p><strong>Clo, poplatky a dane<\/strong><\/p>\n\n\n\n<p>Hoci pon\u00fakame dopravu zdarma, z\u00e1kazn\u00edci m\u00f4\u017eu by\u0165 zodpovedn\u00ed za <strong>DPH\/predajn\u00e9 dane, dovozn\u00e9 cl\u00e1 alebo in\u00e9 poplatky<\/strong> ulo\u017een\u00e9 miestnymi coln\u00fdmi \u00faradmi. Tieto poplatky sa l\u00ed\u0161ia pod\u013ea krajiny a nie s\u00fa zahrnut\u00e9 v cene va\u0161ej objedn\u00e1vky.<\/p>\n\n\n\n<p>Odpor\u00fa\u010dame skontrolova\u0165 si na miestnom colnom \u00farade inform\u00e1cie o pr\u00edslu\u0161n\u00fdch poplatkoch.<\/p>\n\n\n\n<hr class=\"wp-block-separator has-alpha-channel-opacity\"\/>\n\n\n\n<p><strong>Nedoru\u010dite\u013en\u00e9 bal\u00edky<\/strong><\/p>\n\n\n\n<p>Ak sa bal\u00edk vr\u00e1ti k n\u00e1m z d\u00f4vodu nespr\u00e1vnych alebo ne\u00fapln\u00fdch dodac\u00edch \u00fadajov poskytnut\u00fdch z\u00e1kazn\u00edkom, odmietnutia zaplati\u0165 coln\u00e9 poplatky alebo neprevzatia z\u00e1sielky:<\/p>\n\n\n\n<ul class=\"wp-block-list\">\n<li>Budeme v\u00e1s kontaktova\u0165, aby sme dohodli op\u00e4tovn\u00e9 odoslanie.<\/li>\n\n\n\n<li>Ak\u00e9ko\u013evek dodato\u010dn\u00e9 n\u00e1klady na dopravu bud\u00fa zodpovednos\u0165ou z\u00e1kazn\u00edka.<\/li>\n<\/ul>\n\n\n\n<hr class=\"wp-block-separator has-alpha-channel-opacity\"\/>\n\n\n\n<p><strong>Po\u0161koden\u00e9 alebo ch\u00fdbaj\u00face z\u00e1sielky<\/strong><\/p>\n\n\n\n<p>Rob\u00edme v\u0161etky opatrenia, aby va\u0161a bunda dorazila v perfektnom stave. Ak v\u0161ak va\u0161a objedn\u00e1vka doraz\u00ed po\u0161koden\u00e1 alebo sa strat\u00ed po\u010das prepravy:<\/p>\n\n\n\n<ul class=\"wp-block-list\">\n<li>Okam\u017eite n\u00e1s informujte na customerservice@inhidestore.com<\/li>\n\n\n\n<li>Poskytnite fotografie bal\u00edka (ak je po\u0161koden\u00fd) a v\u0161etky relevantn\u00e9 detaily.<\/li>\n<\/ul>\n\n\n\n<p>Okam\u017eite pre\u0161etr\u00edme probl\u00e9m a zabezpe\u010d\u00edme n\u00e1hradu alebo vhodn\u00e9 rie\u0161enie.<\/p>\n\n\n\n<hr class=\"wp-block-separator has-alpha-channel-opacity\"\/>\n\n\n\n<p><strong>Obmedzenia doru\u010denia<\/strong><\/p>\n\n\n\n<p>Hoci doru\u010dujeme do cel\u00e9ho sveta, niektor\u00e9 vzdialen\u00e9 alebo obmedzen\u00e9 oblasti m\u00f4\u017eu ma\u0165 dlh\u0161ie dodacie lehoty alebo obmedzen\u00e9 kuri\u00e9rske slu\u017eby. V tak\u00fdchto pr\u00edpadoch v\u00e1s budeme priamo kontaktova\u0165, aby sme zabezpe\u010dili doru\u010denie va\u0161ej objedn\u00e1vky.<\/p>\n\n\n\n<hr class=\"wp-block-separator has-alpha-channel-opacity\"\/>\n\n\n\n<p><strong>Me\u0161kania doru\u010denia po\u010das sviatkov<\/strong><\/p>\n\n\n\n<p>Po\u010das hlavn\u00fdch sviato\u010dn\u00fdch sez\u00f3n sa m\u00f4\u017eu \u010dasy v\u00fdroby a doru\u010denia mierne pred\u013a\u017ei\u0165 z d\u00f4vodu zv\u00fd\u0161en\u00e9ho dopytu. Aby sme zabezpe\u010dili v\u010dasn\u00e9 doru\u010denie, odpor\u00fa\u010dame zada\u0165 va\u0161e objedn\u00e1vky s dostato\u010dn\u00fdm predstihom pred hlavn\u00fdmi sviatkami.<\/p>\n\n\n\n<hr class=\"wp-block-separator has-alpha-channel-opacity\"\/>\n\n\n\n<p><strong>Z\u00e1kazn\u00edcka podpora<\/strong><\/p>\n\n\n\n<p>Ak m\u00e1te ak\u00e9ko\u013evek ot\u00e1zky alebo obavy t\u00fdkaj\u00face sa va\u0161ej objedn\u00e1vky alebo n\u00e1\u0161ho procesu doru\u010denia, nev\u00e1hajte n\u00e1s kontaktova\u0165:<\/p>\n\n\n\n<ul class=\"wp-block-list\">\n<li><strong>E-mail:<\/strong> customerservice@inhidestore.com<\/li>\n\n\n\n<li><strong>Telef\u00f3n:<\/strong> +92 330-225-4099<\/li>\n<\/ul>\n\n\n\n<hr class=\"wp-block-separator has-alpha-channel-opacity\"\/>\n\n\n\n<p>V Inhide sme odhodlan\u00ed poskytova\u0165 v\u00fdnimo\u010dn\u00e9 slu\u017eby a doru\u010dova\u0165 kvalitn\u00e9 ko\u017een\u00e9 bundy a\u017e k va\u0161im dver\u00e1m. \u010eakujeme, \u017ee ste si n\u00e1s vybrali ako v\u00e1\u0161ho d\u00f4veryhodn\u00e9ho partnera v \u0161t\u00fdle!<\/p>\n\n\n\n<p><\/p>","protected":false},"excerpt":{"rendered":"<p>At Inhide, we pride ourselves on delivering premium leather jackets to customers worldwide. Our Shipping Policy outlines the details of [&hellip;]<\/p>","protected":false},"author":1,"featured_media":0,"parent":0,"menu_order":0,"comment_status":"closed","ping_status":"closed","template":"","meta":{"site-sidebar-layout":"default","site-content-layout":"","ast-site-content-layout":"","site-content-style":"default","site-sidebar-style":"default","ast-global-header-display":"","ast-banner-title-visibility":"","ast-main-header-display":"","ast-hfb-above-header-display":"","ast-hfb-below-header-display":"","ast-hfb-mobile-header-display":"","site-post-title":"","ast-breadcrumbs-content":"","ast-featured-img":"","footer-sml-layout":"","theme-transparent-header-meta":"","adv-header-id-meta":"","stick-header-meta":"","header-above-stick-meta":"","header-main-stick-meta":"","header-below-stick-meta":"","astra-migrate-meta-layouts":"default","ast-page-background-enabled":"default","ast-page-background-meta":{"desktop":{"background-color":"var(--ast-global-color-4)","background-image":"","background-repeat":"repeat","background-position":"center center","background-size":"auto","background-attachment":"scroll","background-type":"","background-media":"","overlay-type":"","overlay-color":"","overlay-opacity":"","overlay-gradient":""},"tablet":{"background-color":"","background-image":"","background-repeat":"repeat","background-position":"center center","background-size":"auto","background-attachment":"scroll","background-type":"","background-media":"","overlay-type":"","overlay-color":"","overlay-opacity":"","overlay-gradient":""},"mobile":{"background-color":"","background-image":"","background-repeat":"repeat","background-position":"center center","background-size":"auto","background-attachment":"scroll","background-type":"","background-media":"","overlay-type":"","overlay-color":"","overlay-opacity":"","overlay-gradient":""}},"ast-content-background-meta":{"desktop":{"background-color":"var(--ast-global-color-5)","background-image":"","background-repeat":"repeat","background-position":"center center","background-size":"auto","background-attachment":"scroll","background-type":"","background-media":"","overlay-type":"","overlay-color":"","overlay-opacity":"","overlay-gradient":""},"tablet":{"background-color":"var(--ast-global-color-5)","background-image":"","background-repeat":"repeat","background-position":"center center","background-size":"auto","background-attachment":"scroll","background-type":"","background-media":"","overlay-type":"","overlay-color":"","overlay-opacity":"","overlay-gradient":""},"mobile":{"background-color":"var(--ast-global-color-5)","background-image":"","background-repeat":"repeat","background-position":"center center","background-size":"auto","background-attachment":"scroll","background-type":"","background-media":"","overlay-type":"","overlay-color":"","overlay-opacity":"","overlay-gradient":""}},"footnotes":""},"class_list":["post-2274","page","type-page","status-publish","hentry"],"_links":{"self":[{"href":"https:\/\/inhidestore.com\/sk\/wp-json\/wp\/v2\/pages\/2274","targetHints":{"allow":["GET"]}}],"collection":[{"href":"https:\/\/inhidestore.com\/sk\/wp-json\/wp\/v2\/pages"}],"about":[{"href":"https:\/\/inhidestore.com\/sk\/wp-json\/wp\/v2\/types\/page"}],"author":[{"embeddable":true,"href":"https:\/\/inhidestore.com\/sk\/wp-json\/wp\/v2\/users\/1"}],"replies":[{"embeddable":true,"href":"https:\/\/inhidestore.com\/sk\/wp-json\/wp\/v2\/comments?post=2274"}],"version-history":[{"count":2,"href":"https:\/\/inhidestore.com\/sk\/wp-json\/wp\/v2\/pages\/2274\/revisions"}],"predecessor-version":[{"id":3064,"href":"https:\/\/inhidestore.com\/sk\/wp-json\/wp\/v2\/pages\/2274\/revisions\/3064"}],"wp:attachment":[{"href":"https:\/\/inhidestore.com\/sk\/wp-json\/wp\/v2\/media?parent=2274"}],"curies":[{"name":"wp","href":"https:\/\/api.w.org\/{rel}","templated":true}]}}