{"id":2288,"date":"2025-01-28T05:12:12","date_gmt":"2025-01-28T05:12:12","guid":{"rendered":"https:\/\/inhidestore.com\/?page_id=2288"},"modified":"2025-01-28T05:12:12","modified_gmt":"2025-01-28T05:12:12","slug":"obchodne-podmienky","status":"publish","type":"page","link":"https:\/\/inhidestore.com\/sk\/obchodne-podmienky\/","title":{"rendered":"Podmienky pou\u017e\u00edvania"},"content":{"rendered":"<p><strong>D\u00e1tum \u00fa\u010dinnosti:<\/strong> Streda, 22. janu\u00e1ra 2025<\/p>\n\n\n\n<p>Vitajte v Inhide! Tieto Podmienky pou\u017e\u00edvania upravuj\u00fa v\u00e1\u0161 pr\u00edstup a pou\u017e\u00edvanie na\u0161ej webovej str\u00e1nky, slu\u017eieb a produktov. Pou\u017e\u00edvan\u00edm na\u0161ej str\u00e1nky alebo uskuto\u010dnen\u00edm n\u00e1kupu s\u00fahlas\u00edte s dodr\u017eiavan\u00edm t\u00fdchto podmienok. Pros\u00edm, pre\u010d\u00edtajte si ich pozorne, ne\u017e budete pokra\u010dova\u0165.<\/p>\n\n\n\n<hr class=\"wp-block-separator has-alpha-channel-opacity\"\/>\n\n\n\n<h3 class=\"wp-block-heading\"><strong>1. Prijatie podmienok<\/strong><\/h3>\n\n\n\n<p>Pr\u00edstupom na na\u0161u webov\u00fa str\u00e1nku potvrdzujete, \u017ee ste si pre\u010d\u00edtali, porozumeli a s\u00fahlas\u00edte s dodr\u017eiavan\u00edm t\u00fdchto podmienok. Ak s nimi nes\u00fahlas\u00edte, mus\u00edte sa zdr\u017ea\u0165 pou\u017e\u00edvania na\u0161ej webovej str\u00e1nky.<\/p>\n\n\n\n<hr class=\"wp-block-separator has-alpha-channel-opacity\"\/>\n\n\n\n<h3 class=\"wp-block-heading\"><strong>2. Sp\u00f4sobilos\u0165<\/strong><\/h3>\n\n\n\n<ul class=\"wp-block-list\">\n<li>Na pou\u017e\u00edvanie na\u0161ej webovej str\u00e1nky mus\u00edte ma\u0165 aspo\u0148 13 rokov.<\/li>\n\n\n\n<li>Pou\u017e\u00edvan\u00edm na\u0161ich slu\u017eieb potvrdzujete, \u017ee v\u0161etky vami poskytnut\u00e9 inform\u00e1cie s\u00fa presn\u00e9 a \u00fapln\u00e9.<\/li>\n<\/ul>\n\n\n\n<hr class=\"wp-block-separator has-alpha-channel-opacity\"\/>\n\n\n\n<h3 class=\"wp-block-heading\"><strong>3. Produkty vyr\u00e1ban\u00e9 na objedn\u00e1vku<\/strong><\/h3>\n\n\n\n<ul class=\"wp-block-list\">\n<li>V\u0161etky ko\u017een\u00e9 bundy pred\u00e1van\u00e9 na Inhide s\u00fa vyr\u00e1ban\u00e9 na objedn\u00e1vku.<\/li>\n\n\n\n<li>Doba v\u00fdroby je zvy\u010dajne 7\u201312 pracovn\u00fdch dn\u00ed.<\/li>\n\n\n\n<li>Po za\u010dat\u00ed v\u00fdroby u\u017e nie je mo\u017en\u00e9 vykon\u00e1va\u0165 zmeny ani storn\u00e1.<\/li>\n<\/ul>\n\n\n\n<hr class=\"wp-block-separator has-alpha-channel-opacity\"\/>\n\n\n\n<h3 class=\"wp-block-heading\"><strong>4. Ceny a platba<\/strong><\/h3>\n\n\n\n<ul class=\"wp-block-list\">\n<li>V\u0161etky ceny zobrazen\u00e9 na webovej str\u00e1nke s\u00fa v [mena].<\/li>\n\n\n\n<li>Platby s\u00fa bezpe\u010dne spracov\u00e1van\u00e9 prostredn\u00edctvom slu\u017eby PayPal. Inhide Store neuchov\u00e1va ani nem\u00e1 pr\u00edstup k \u00fadajom va\u0161ej kreditnej karty, preto\u017ee tieto inform\u00e1cie spracov\u00e1va priamo PayPal.<\/li>\n\n\n\n<li>Dane, cl\u00e1 alebo coln\u00e9 poplatky sa m\u00f4\u017eu vz\u0165ahova\u0165 v z\u00e1vislosti od va\u0161ej polohy a bud\u00fa va\u0161ou zodpovednos\u0165ou.<\/li>\n<\/ul>\n\n\n\n<hr class=\"wp-block-separator has-alpha-channel-opacity\"\/>\n\n\n\n<h3 class=\"wp-block-heading\"><strong>5. Doprava a doru\u010denie<\/strong><\/h3>\n\n\n\n<ul class=\"wp-block-list\">\n<li>Pon\u00fakame celosvetov\u00fa dopravu zadarmo.<\/li>\n\n\n\n<li>Odhadovan\u00e9 \u010dasy doru\u010denia sa l\u00ed\u0161ia v z\u00e1vislosti od va\u0161ej polohy, ale zvy\u010dajne trvaj\u00fa 5\u201310 pracovn\u00fdch dn\u00ed po dokon\u010den\u00ed v\u00fdroby.<\/li>\n\n\n\n<li>Oneskorenia sp\u00f4soben\u00e9 coln\u00fdmi \u00faradmi, prepravn\u00fdmi spolo\u010dnos\u0165ami alebo in\u00fdmi nepredv\u00eddan\u00fdmi okolnos\u0165ami nie s\u00fa zodpovednos\u0165ou Inhide Store.<\/li>\n<\/ul>\n\n\n\n<hr class=\"wp-block-separator has-alpha-channel-opacity\"\/>\n\n\n\n<h3 class=\"wp-block-heading\"><strong>6. Vr\u00e1tenie tovaru a pe\u0148az\u00ed<\/strong><\/h3>\n\n\n\n<ul class=\"wp-block-list\">\n<li>Pon\u00fakame 14-d\u0148ov\u00fa bezprobl\u00e9mov\u00fa politiku v\u00fdmeny v pr\u00edpade nezrovnalost\u00ed vo ve\u013ekosti, v\u00fdrobn\u00fdch ch\u00fdb alebo ch\u00fdb spolo\u010dnosti.<\/li>\n\n\n\n<li>V pr\u00edpade ch\u00fdb z\u00e1kazn\u00edka, ako je nespr\u00e1vny v\u00fdber ve\u013ekosti, bud\u00fa n\u00e1klady na dopravu pri v\u00fdmene va\u0161ou zodpovednos\u0165ou.<\/li>\n\n\n\n<li>Vr\u00e1tenie pe\u0148az\u00ed, ak je to uplatnite\u013en\u00e9, bude spoplatnen\u00e9 poplatkom za op\u00e4tovn\u00e9 naskladnenie vo v\u00fd\u0161ke 25%, ak je vr\u00e1tenie sp\u00f4soben\u00e9 chybou z\u00e1kazn\u00edka.<\/li>\n\n\n\n<li>Pozrite si na\u0161e podrobn\u00e9 <a href=\"https:\/\/inhidestore.com\/sk\/vratenie-tovaru-a-penazi\/\">Z\u00e1sady vr\u00e1tenia tovaru a pe\u0148az\u00ed<\/a> pre viac inform\u00e1ci\u00ed.<\/li>\n<\/ul>\n\n\n\n<hr class=\"wp-block-separator has-alpha-channel-opacity\"\/>\n\n\n\n<h3 class=\"wp-block-heading\"><strong>7. Du\u0161evn\u00e9 vlastn\u00edctvo<\/strong><\/h3>\n\n\n\n<ul class=\"wp-block-list\">\n<li>V\u0161etok obsah na tejto webovej str\u00e1nke, vr\u00e1tane textu, obr\u00e1zkov, log a dizajnov, je v\u00fdhradn\u00fdm vlastn\u00edctvom Inhide.<\/li>\n\n\n\n<li>Nesmiete reprodukova\u0165, distribuova\u0165 ani inak vyu\u017e\u00edva\u0165 \u017eiadny obsah bez predch\u00e1dzaj\u00faceho p\u00edsomn\u00e9ho s\u00fahlasu.<\/li>\n<\/ul>\n\n\n\n<hr class=\"wp-block-separator has-alpha-channel-opacity\"\/>\n\n\n\n<h3 class=\"wp-block-heading\"><strong>8. Obmedzenie zodpovednosti<\/strong><\/h3>\n\n\n\n<ul class=\"wp-block-list\">\n<li>Inhide nezodpoved\u00e1 za \u017eiadne \u0161kody alebo straty vypl\u00fdvaj\u00face z pou\u017e\u00edvania alebo neschopnosti pou\u017e\u00edva\u0165 na\u0161u webov\u00fa str\u00e1nku alebo slu\u017eby.<\/li>\n\n\n\n<li>To zah\u0155\u0148a, ale nie je obmedzen\u00e9 na, priame, nepriame, n\u00e1hodn\u00e9 alebo n\u00e1sledn\u00e9 \u0161kody.<\/li>\n<\/ul>\n\n\n\n<hr class=\"wp-block-separator has-alpha-channel-opacity\"\/>\n\n\n\n<h3 class=\"wp-block-heading\"><strong>9. Spr\u00e1vanie pou\u017e\u00edvate\u013ea<\/strong><\/h3>\n\n\n\n<p>S\u00fahlas\u00edte, \u017ee nebudete:<\/p>\n\n\n\n<ul class=\"wp-block-list\">\n<li>Pou\u017e\u00edva\u0165 webov\u00fa str\u00e1nku na ak\u00e9ko\u013evek nez\u00e1konn\u00e9 alebo neopr\u00e1vnen\u00e9 \u00fa\u010dely.<\/li>\n\n\n\n<li>Pok\u00fa\u0161a\u0165 sa zasahova\u0165 do spr\u00e1vneho fungovania webovej str\u00e1nky.<\/li>\n\n\n\n<li>Pren\u00e1\u0161a\u0165 \u0161kodliv\u00fd k\u00f3d, spam alebo nevy\u017eiadan\u00e9 spr\u00e1vy.<\/li>\n<\/ul>\n\n\n\n<hr class=\"wp-block-separator has-alpha-channel-opacity\"\/>\n\n\n\n<h3 class=\"wp-block-heading\"><strong>10. Z\u00e1sady ochrany osobn\u00fdch \u00fadajov<\/strong><\/h3>\n\n\n\n<p>Va\u0161e pou\u017e\u00edvanie webovej str\u00e1nky sa riadi aj na\u0161imi <a>Z\u00e1sady ochrany osobn\u00fdch \u00fadajov<\/a>, ktor\u00e9 vysvet\u013euj\u00fa, ako zhroma\u017e\u010fujeme, pou\u017e\u00edvame a chr\u00e1nime va\u0161e osobn\u00e9 \u00fadaje.<\/p>\n\n\n\n<hr class=\"wp-block-separator has-alpha-channel-opacity\"\/>\n\n\n\n<h3 class=\"wp-block-heading\"><strong>11. Odkazy tret\u00edch str\u00e1n<\/strong><\/h3>\n\n\n\n<ul class=\"wp-block-list\">\n<li>Na\u0161a webov\u00e1 str\u00e1nka neobsahuje odkazy na webov\u00e9 str\u00e1nky tret\u00edch str\u00e1n.<\/li>\n\n\n\n<li>V\u0161etky aktivity s\u00favisiace s platbami sa uskuto\u010d\u0148uj\u00fa priamo prostredn\u00edctvom zabezpe\u010denej platformy PayPal.<\/li>\n<\/ul>\n\n\n\n<hr class=\"wp-block-separator has-alpha-channel-opacity\"\/>\n\n\n\n<h3 class=\"wp-block-heading\"><strong>12. Zmeny podmienok<\/strong><\/h3>\n\n\n\n<ul class=\"wp-block-list\">\n<li>Vyhradzujeme si pr\u00e1vo kedyko\u013evek upravi\u0165 alebo aktualizova\u0165 tieto Podmienky pou\u017e\u00edvania.<\/li>\n\n\n\n<li>V\u00fdznamn\u00e9 zmeny bud\u00fa ozn\u00e1men\u00e9 e-mailom alebo prostredn\u00edctvom ozn\u00e1menia na webovej str\u00e1nke.<\/li>\n<\/ul>\n\n\n\n<hr class=\"wp-block-separator has-alpha-channel-opacity\"\/>\n\n\n\n<h3 class=\"wp-block-heading\"><strong>13. Rozhodn\u00e9 pr\u00e1vo<\/strong><\/h3>\n\n\n\n<p>Tieto podmienky sa riadia a vykladaj\u00fa v s\u00falade so z\u00e1konmi Pakistanu.<\/p>\n\n\n\n<hr class=\"wp-block-separator has-alpha-channel-opacity\"\/>\n\n\n\n<h3 class=\"wp-block-heading\"><strong>14. Kontaktujte n\u00e1s<\/strong><\/h3>\n\n\n\n<p>V pr\u00edpade ot\u00e1zok alebo ob\u00e1v t\u00fdkaj\u00facich sa t\u00fdchto podmienok n\u00e1s pros\u00edm kontaktujte:<\/p>\n\n\n\n<ul class=\"wp-block-list\">\n<li><strong>E-mail:<\/strong> <a>customerservice@inhidestore.com<\/a><\/li>\n\n\n\n<li><strong>Telef\u00f3n:<\/strong> +92 330-225-4099<\/li>\n<\/ul>\n\n\n\n<p>Pou\u017e\u00edvan\u00edm tejto webovej str\u00e1nky potvrdzujete, \u017ee ste si pre\u010d\u00edtali, porozumeli a s\u00fahlas\u00edte s t\u00fdmito Podmienkami pou\u017e\u00edvania.<\/p>\n\n\n\n<p><\/p>","protected":false},"excerpt":{"rendered":"<p>Effective Date: Wednesday, 22nd January, 2025 Welcome to Inhide! These Terms of Use govern your access to and use of [&hellip;]<\/p>","protected":false},"author":1,"featured_media":0,"parent":0,"menu_order":0,"comment_status":"closed","ping_status":"closed","template":"","meta":{"site-sidebar-layout":"default","site-content-layout":"","ast-site-content-layout":"","site-content-style":"default","site-sidebar-style":"default","ast-global-header-display":"","ast-banner-title-visibility":"","ast-main-header-display":"","ast-hfb-above-header-display":"","ast-hfb-below-header-display":"","ast-hfb-mobile-header-display":"","site-post-title":"","ast-breadcrumbs-content":"","ast-featured-img":"","footer-sml-layout":"","theme-transparent-header-meta":"","adv-header-id-meta":"","stick-header-meta":"","header-above-stick-meta":"","header-main-stick-meta":"","header-below-stick-meta":"","astra-migrate-meta-layouts":"default","ast-page-background-enabled":"default","ast-page-background-meta":{"desktop":{"background-color":"var(--ast-global-color-4)","background-image":"","background-repeat":"repeat","background-position":"center center","background-size":"auto","background-attachment":"scroll","background-type":"","background-media":"","overlay-type":"","overlay-color":"","overlay-opacity":"","overlay-gradient":""},"tablet":{"background-color":"","background-image":"","background-repeat":"repeat","background-position":"center center","background-size":"auto","background-attachment":"scroll","background-type":"","background-media":"","overlay-type":"","overlay-color":"","overlay-opacity":"","overlay-gradient":""},"mobile":{"background-color":"","background-image":"","background-repeat":"repeat","background-position":"center center","background-size":"auto","background-attachment":"scroll","background-type":"","background-media":"","overlay-type":"","overlay-color":"","overlay-opacity":"","overlay-gradient":""}},"ast-content-background-meta":{"desktop":{"background-color":"var(--ast-global-color-5)","background-image":"","background-repeat":"repeat","background-position":"center center","background-size":"auto","background-attachment":"scroll","background-type":"","background-media":"","overlay-type":"","overlay-color":"","overlay-opacity":"","overlay-gradient":""},"tablet":{"background-color":"var(--ast-global-color-5)","background-image":"","background-repeat":"repeat","background-position":"center center","background-size":"auto","background-attachment":"scroll","background-type":"","background-media":"","overlay-type":"","overlay-color":"","overlay-opacity":"","overlay-gradient":""},"mobile":{"background-color":"var(--ast-global-color-5)","background-image":"","background-repeat":"repeat","background-position":"center center","background-size":"auto","background-attachment":"scroll","background-type":"","background-media":"","overlay-type":"","overlay-color":"","overlay-opacity":"","overlay-gradient":""}},"footnotes":""},"class_list":["post-2288","page","type-page","status-publish","hentry"],"_links":{"self":[{"href":"https:\/\/inhidestore.com\/sk\/wp-json\/wp\/v2\/pages\/2288","targetHints":{"allow":["GET"]}}],"collection":[{"href":"https:\/\/inhidestore.com\/sk\/wp-json\/wp\/v2\/pages"}],"about":[{"href":"https:\/\/inhidestore.com\/sk\/wp-json\/wp\/v2\/types\/page"}],"author":[{"embeddable":true,"href":"https:\/\/inhidestore.com\/sk\/wp-json\/wp\/v2\/users\/1"}],"replies":[{"embeddable":true,"href":"https:\/\/inhidestore.com\/sk\/wp-json\/wp\/v2\/comments?post=2288"}],"version-history":[{"count":2,"href":"https:\/\/inhidestore.com\/sk\/wp-json\/wp\/v2\/pages\/2288\/revisions"}],"predecessor-version":[{"id":2298,"href":"https:\/\/inhidestore.com\/sk\/wp-json\/wp\/v2\/pages\/2288\/revisions\/2298"}],"wp:attachment":[{"href":"https:\/\/inhidestore.com\/sk\/wp-json\/wp\/v2\/media?parent=2288"}],"curies":[{"name":"wp","href":"https:\/\/api.w.org\/{rel}","templated":true}]}}