{"id":168,"date":"2024-09-06T23:06:27","date_gmt":"2024-09-06T23:06:27","guid":{"rendered":"https:\/\/inhidestore.com\/?post_type=product&#038;p=168"},"modified":"2025-08-18T23:27:02","modified_gmt":"2025-08-18T23:27:02","slug":"inhide-semisovy-kabat-duster-inspirovany-cosplayom-ncr-rangera","status":"publish","type":"product","link":"https:\/\/inhidestore.com\/sk\/obchod\/muzi\/kabaty\/inhide-semisovy-kabat-duster-inspirovany-cosplayom-ncr-rangera\/","title":{"rendered":"INHIDE: Semi\u0161ov\u00fd tren\u010dkot typu Duster in\u0161pirovan\u00fd NCR Ranger Cosplay"},"content":{"rendered":"<p>Pripravte sa na pocit, akoby ste pr\u00e1ve vyst\u00fapili z pustatiny, s na\u0161\u00edm INHIDE NCR Ranger Cosplay Duster Tren\u010dkotom. S n\u00edm o\u017eiv\u00edte t\u00fa legend\u00e1rnu atmosf\u00e9ru NCR Rangera!<\/p>\n<p>Vyroben\u00fd s prec\u00edznym d\u00f4razom na detail, tento kab\u00e1t dokonale vystihuje drsn\u00fd, autentick\u00fd vzh\u013ead, po ktorom t\u00fa\u017eite. Vlo\u017eili sme srdce do ka\u017ed\u00e9ho stehu, aby sme zaistili \u0161pi\u010dkov\u00fa kvalitu. A po\u010fme sa bavi\u0165 o materi\u00e1loch \u2013 hovor\u00edme o \u010distej a pr\u00e9miovej ov\u010dej semi\u0161ovej ko\u017ei, tak\u017ee viete, \u017ee je to skuto\u010dn\u00e1 vec. Jemn\u00fd na dotyk, no dostato\u010dne odoln\u00fd, aby zvl\u00e1dol \u010doko\u013evek, \u010do v\u00e1m pustatina postav\u00ed do cesty.<\/p>\n<p>\u010ci u\u017e sa chyst\u00e1te na cosplay udalos\u0165, alebo len chcete za\u017eiari\u0165 v naozaj \u0161t\u00fdlovom outfite, s t\u00fdmto kab\u00e1tom budete v\u017edy pripraven\u00ed. Je to k\u00fasok, ktor\u00fd ot\u00e1\u010da hlavy a za\u010d\u00edna konverz\u00e1cie. Tak smelo do toho, objavte svojho vn\u00fatorn\u00e9ho bojovn\u00edka pustatiny s na\u0161\u00edm INHIDE NCR Ranger Cosplay Duster Tren\u010dkotom od INHIDE.<\/p>\n<p>Farba: \u0164avia hned\u00e1<\/p>","protected":false},"excerpt":{"rendered":"<p>Get ready to feel like you&#8217;ve stepped straight out of the wasteland with our INHIDE NCR Ranger Cosplay Duster Trench [&hellip;]<\/p>","protected":false},"featured_media":120,"comment_status":"open","ping_status":"closed","template":"","meta":{"site-sidebar-layout":"default","site-content-layout":"","ast-site-content-layout":"default","site-content-style":"default","site-sidebar-style":"default","ast-global-header-display":"","ast-banner-title-visibility":"","ast-main-header-display":"","ast-hfb-above-header-display":"","ast-hfb-below-header-display":"","ast-hfb-mobile-header-display":"","site-post-title":"","ast-breadcrumbs-content":"","ast-featured-img":"","footer-sml-layout":"","theme-transparent-header-meta":"default","adv-header-id-meta":"","stick-header-meta":"","header-above-stick-meta":"","header-main-stick-meta":"","header-below-stick-meta":"","astra-migrate-meta-layouts":"set","ast-page-background-enabled":"default","ast-page-background-meta":{"desktop":{"background-color":"var(--ast-global-color-4)","background-image":"","background-repeat":"repeat","background-position":"center center","background-size":"auto","background-attachment":"scroll","background-type":"","background-media":"","overlay-type":"","overlay-color":"","overlay-opacity":"","overlay-gradient":""},"tablet":{"background-color":"","background-image":"","background-repeat":"repeat","background-position":"center center","background-size":"auto","background-attachment":"scroll","background-type":"","background-media":"","overlay-type":"","overlay-color":"","overlay-opacity":"","overlay-gradient":""},"mobile":{"background-color":"","background-image":"","background-repeat":"repeat","background-position":"center center","background-size":"auto","background-attachment":"scroll","background-type":"","background-media":"","overlay-type":"","overlay-color":"","overlay-opacity":"","overlay-gradient":""}},"ast-content-background-meta":{"desktop":{"background-color":"var(--ast-global-color-5)","background-image":"","background-repeat":"repeat","background-position":"center center","background-size":"auto","background-attachment":"scroll","background-type":"","background-media":"","overlay-type":"","overlay-color":"","overlay-opacity":"","overlay-gradient":""},"tablet":{"background-color":"var(--ast-global-color-5)","background-image":"","background-repeat":"repeat","background-position":"center center","background-size":"auto","background-attachment":"scroll","background-type":"","background-media":"","overlay-type":"","overlay-color":"","overlay-opacity":"","overlay-gradient":""},"mobile":{"background-color":"var(--ast-global-color-5)","background-image":"","background-repeat":"repeat","background-position":"center center","background-size":"auto","background-attachment":"scroll","background-type":"","background-media":"","overlay-type":"","overlay-color":"","overlay-opacity":"","overlay-gradient":""}}},"product_brand":[],"product_cat":[17,18],"product_tag":[],"class_list":{"0":"post-168","1":"product","2":"type-product","3":"status-publish","4":"has-post-thumbnail","6":"product_cat-men","7":"product_cat-coats","8":"desktop-align-left","9":"tablet-align-left","10":"mobile-align-left","12":"first","13":"instock","14":"shipping-taxable","15":"purchasable","16":"product-type-variable"},"_links":{"self":[{"href":"https:\/\/inhidestore.com\/sk\/wp-json\/wp\/v2\/product\/168","targetHints":{"allow":["GET"]}}],"collection":[{"href":"https:\/\/inhidestore.com\/sk\/wp-json\/wp\/v2\/product"}],"about":[{"href":"https:\/\/inhidestore.com\/sk\/wp-json\/wp\/v2\/types\/product"}],"replies":[{"embeddable":true,"href":"https:\/\/inhidestore.com\/sk\/wp-json\/wp\/v2\/comments?post=168"}],"version-history":[{"count":3,"href":"https:\/\/inhidestore.com\/sk\/wp-json\/wp\/v2\/product\/168\/revisions"}],"predecessor-version":[{"id":3130,"href":"https:\/\/inhidestore.com\/sk\/wp-json\/wp\/v2\/product\/168\/revisions\/3130"}],"wp:featuredmedia":[{"embeddable":true,"href":"https:\/\/inhidestore.com\/sk\/wp-json\/wp\/v2\/media\/120"}],"wp:attachment":[{"href":"https:\/\/inhidestore.com\/sk\/wp-json\/wp\/v2\/media?parent=168"}],"wp:term":[{"taxonomy":"product_brand","embeddable":true,"href":"https:\/\/inhidestore.com\/sk\/wp-json\/wp\/v2\/product_brand?post=168"},{"taxonomy":"product_cat","embeddable":true,"href":"https:\/\/inhidestore.com\/sk\/wp-json\/wp\/v2\/product_cat?post=168"},{"taxonomy":"product_tag","embeddable":true,"href":"https:\/\/inhidestore.com\/sk\/wp-json\/wp\/v2\/product_tag?post=168"}],"curies":[{"name":"wp","href":"https:\/\/api.w.org\/{rel}","templated":true}]}}