{"id":509,"date":"2024-11-24T00:33:17","date_gmt":"2024-11-24T00:33:17","guid":{"rendered":"https:\/\/inhidestore.com\/?post_type=product&#038;p=509"},"modified":"2025-08-18T23:12:39","modified_gmt":"2025-08-18T23:12:39","slug":"inhide-sleekedge-panska-premiova-semisova-bunda-7","status":"publish","type":"product","link":"https:\/\/inhidestore.com\/sk\/obchod\/muzi\/panska-kozena-bunda\/inhide-sleekedge-panska-premiova-semisova-bunda-7\/","title":{"rendered":"INHIDE SleekEdge P\u00e1nska pr\u00e9miov\u00e1 semi\u0161ov\u00e1 ko\u017een\u00e1 bunda"},"content":{"rendered":"<div class=\"product-description\" style=\"font-family: Helvetica, Arial, sans-serif;\">\n<p>Predstavujeme INHIDE SleekEdge: Nie je to len ko\u017een\u00e1 bunda, ale v\u00fdrazn\u00fd k\u00fasok, ktor\u00fd sa stane va\u0161\u00edm vern\u00fdm spolo\u010dn\u00edkom na dlh\u00e9 roky. Hovor\u00edme o desa\u0165ro\u010d\u00ed alebo aj viac \u0161t\u00fdlu \u2013 tento fe\u0161\u00e1k je stvoren\u00fd, aby vydr\u017eal, s \u017eivotnos\u0165ou 10\u201315 rokov.<\/p>\n<p><strong>Ko\u017ea najvy\u0161\u0161ej kvality:<\/strong> Ke\u010f hovor\u00edme o 100% \u010distej ov\u010dej ko\u017ei, mysl\u00edme t\u00fdm t\u00fa najlep\u0161iu kvalitu, ak\u00fa si m\u00f4\u017eete zaobstara\u0165. Je to semi\u0161, ktor\u00fd \u0161epk\u00e1 luxus a kri\u010d\u00ed odolnos\u0165. Nie je len dobr\u00e1; je najlep\u0161ia.<\/p>\n<p><strong>Remeseln\u00e9 spracovanie:<\/strong> Toto nie je len tak\u00e1 oby\u010dajn\u00e1 bunda. Je v\u00fdsledkom v\u00e1\u0161ne, prec\u00edznosti a k\u00faska tej INHIDE m\u00e1gie. Semi\u0161ov\u00fd pocit je rovnako luxusn\u00fd ako odoln\u00fd, v\u010faka pr\u00e9miovej ov\u010dej ko\u017ei, ktor\u00e1 s \u010dasom len z\u00edskava na kr\u00e1se.<\/p>\n<p><strong>Farba:<\/strong> Svetl\u00fd ko\u0148ak \u2013 tepl\u00fd, l\u00e1kav\u00fd a bez n\u00e1mahy \u0161t\u00fdlov\u00fd. Je to farba, ktor\u00e1 dopln\u00ed ak\u00fdko\u013evek outfit, \u010di u\u017e sa obliekate elegantne alebo le\u017e\u00e9rne.<\/p>\n<p><strong>Detaily:<\/strong> Pos\u00favame latku vy\u0161\u0161ie s prvotriednymi zipsami a gomb\u00edkmi. Nie s\u00fa len leskl\u00e9; s\u00fa aj pevn\u00e9.<\/p>\n<p><strong>V\u0161estrannos\u0165:<\/strong> Motork\u00e1rsky \u0161t\u00fdl? Jasn\u00e9. Ale ne\u0161katu\u013ekujte ju \u2014 t\u00e1to bunda je v\u0161estrann\u00e1. \u010ci u\u017e je chladn\u00fd ve\u010der alebo vetern\u00fd de\u0148, je to va\u0161a vo\u013eba pre v\u0161etky ro\u010dn\u00e9 obdobia.<\/p>\n<p><strong>Perfektn\u00fd strih:<\/strong> U\u0161it\u00e1 tak, aby vynikala nad ostatn\u00fdmi, SleekEdge s\u013eubuje strih, ktor\u00fd p\u00f4sob\u00ed ako u\u0161it\u00fd na mieru. Preto\u017ee pokia\u013e ide o ko\u017een\u00e9 bundy, spr\u00e1vny strih rob\u00ed v\u0161etok rozdiel. Je priliehav\u00e1 tam, kde m\u00e1 by\u0165, vo\u013en\u00e1 tam, kde to chcete, a celkovo \u00fa\u017easn\u00e1.<\/p>\n<p>Tak\u017ee, \u010di u\u017e vyr\u00e1\u017eate na cesty alebo len do mesta, INHIDE SleekEdge vo svetlohnedej farbe je v\u00e1\u0161 dokonal\u00fd spolo\u010dn\u00edk na dobrodru\u017estv\u00e1. Nie je to len bunda; je to cesta. Pripraven\u00ed vyrazi\u0165?<\/p>\n<\/div>","protected":false},"excerpt":{"rendered":"<p>Meet the INHIDE SleekEdge: Not just a leather jacket, but a statement piece that\u2019s bound to become your trusty sidekick [&hellip;]<\/p>","protected":false},"featured_media":152,"comment_status":"open","ping_status":"closed","template":"","meta":{"site-sidebar-layout":"default","site-content-layout":"","ast-site-content-layout":"default","site-content-style":"default","site-sidebar-style":"default","ast-global-header-display":"","ast-banner-title-visibility":"","ast-main-header-display":"","ast-hfb-above-header-display":"","ast-hfb-below-header-display":"","ast-hfb-mobile-header-display":"","site-post-title":"","ast-breadcrumbs-content":"","ast-featured-img":"","footer-sml-layout":"","theme-transparent-header-meta":"default","adv-header-id-meta":"","stick-header-meta":"","header-above-stick-meta":"","header-main-stick-meta":"","header-below-stick-meta":"","astra-migrate-meta-layouts":"set","ast-page-background-enabled":"default","ast-page-background-meta":{"desktop":{"background-color":"var(--ast-global-color-4)","background-image":"","background-repeat":"repeat","background-position":"center center","background-size":"auto","background-attachment":"scroll","background-type":"","background-media":"","overlay-type":"","overlay-color":"","overlay-opacity":"","overlay-gradient":""},"tablet":{"background-color":"","background-image":"","background-repeat":"repeat","background-position":"center center","background-size":"auto","background-attachment":"scroll","background-type":"","background-media":"","overlay-type":"","overlay-color":"","overlay-opacity":"","overlay-gradient":""},"mobile":{"background-color":"","background-image":"","background-repeat":"repeat","background-position":"center center","background-size":"auto","background-attachment":"scroll","background-type":"","background-media":"","overlay-type":"","overlay-color":"","overlay-opacity":"","overlay-gradient":""}},"ast-content-background-meta":{"desktop":{"background-color":"var(--ast-global-color-5)","background-image":"","background-repeat":"repeat","background-position":"center center","background-size":"auto","background-attachment":"scroll","background-type":"","background-media":"","overlay-type":"","overlay-color":"","overlay-opacity":"","overlay-gradient":""},"tablet":{"background-color":"var(--ast-global-color-5)","background-image":"","background-repeat":"repeat","background-position":"center center","background-size":"auto","background-attachment":"scroll","background-type":"","background-media":"","overlay-type":"","overlay-color":"","overlay-opacity":"","overlay-gradient":""},"mobile":{"background-color":"var(--ast-global-color-5)","background-image":"","background-repeat":"repeat","background-position":"center center","background-size":"auto","background-attachment":"scroll","background-type":"","background-media":"","overlay-type":"","overlay-color":"","overlay-opacity":"","overlay-gradient":""}}},"product_brand":[],"product_cat":[34],"product_tag":[],"class_list":{"0":"post-509","1":"product","2":"type-product","3":"status-publish","4":"has-post-thumbnail","6":"product_cat-leatherjacketformen","7":"desktop-align-left","8":"tablet-align-left","9":"mobile-align-left","11":"first","12":"instock","13":"shipping-taxable","14":"purchasable","15":"product-type-variable"},"_links":{"self":[{"href":"https:\/\/inhidestore.com\/sk\/wp-json\/wp\/v2\/product\/509","targetHints":{"allow":["GET"]}}],"collection":[{"href":"https:\/\/inhidestore.com\/sk\/wp-json\/wp\/v2\/product"}],"about":[{"href":"https:\/\/inhidestore.com\/sk\/wp-json\/wp\/v2\/types\/product"}],"replies":[{"embeddable":true,"href":"https:\/\/inhidestore.com\/sk\/wp-json\/wp\/v2\/comments?post=509"}],"version-history":[{"count":2,"href":"https:\/\/inhidestore.com\/sk\/wp-json\/wp\/v2\/product\/509\/revisions"}],"predecessor-version":[{"id":2700,"href":"https:\/\/inhidestore.com\/sk\/wp-json\/wp\/v2\/product\/509\/revisions\/2700"}],"wp:featuredmedia":[{"embeddable":true,"href":"https:\/\/inhidestore.com\/sk\/wp-json\/wp\/v2\/media\/152"}],"wp:attachment":[{"href":"https:\/\/inhidestore.com\/sk\/wp-json\/wp\/v2\/media?parent=509"}],"wp:term":[{"taxonomy":"product_brand","embeddable":true,"href":"https:\/\/inhidestore.com\/sk\/wp-json\/wp\/v2\/product_brand?post=509"},{"taxonomy":"product_cat","embeddable":true,"href":"https:\/\/inhidestore.com\/sk\/wp-json\/wp\/v2\/product_cat?post=509"},{"taxonomy":"product_tag","embeddable":true,"href":"https:\/\/inhidestore.com\/sk\/wp-json\/wp\/v2\/product_tag?post=509"}],"curies":[{"name":"wp","href":"https:\/\/api.w.org\/{rel}","templated":true}]}}