{"id":533,"date":"2024-11-24T00:33:20","date_gmt":"2024-11-24T00:33:20","guid":{"rendered":"https:\/\/inhidestore.com\/?post_type=product&#038;p=533"},"modified":"2025-08-18T23:08:16","modified_gmt":"2025-08-18T23:08:16","slug":"inhide-roxy-damska-premiova-kozena-bunda","status":"publish","type":"product","link":"https:\/\/inhidestore.com\/sk\/obchod\/zeny\/damska-kozena-bunda\/inhide-roxy-damska-premiova-kozena-bunda\/","title":{"rendered":"INHIDE Roxy D\u00e1mska pr\u00e9miov\u00e1 ko\u017een\u00e1 bunda"},"content":{"rendered":"<p style=\"font-family: Helvetica, Arial, sans-serif;\">Predstavujeme INHIDE Roxy, \u010diernu ko\u017een\u00fa bundu pre \u017eeny, ktor\u00e1 je dokonalou zmesou luxusu a reb\u00e9lie. Vyroben\u00e1 z maslovo jemnej, 100% \u010distej a pr\u00e9miovej ov\u010dej ko\u017ee, tak jemnej, \u017ee ju nebudete chcie\u0165 vyzliec\u0165! P\u00f4sob\u00ed ako druh\u00e1 ko\u017ea. S\u00fdta \u010dierna farba je tmav\u00e1 ako noc, zv\u00fdraznen\u00e1 gomb\u00edkmi a zipsami vo farbe kovu.<\/p>\n<p style=\"font-family: Helvetica, Arial, sans-serif;\">Toto nie je oby\u010dajn\u00e1 bunda; je to nad\u010dasov\u00fd k\u00fasok stvoren\u00fd, aby bol va\u0161\u00edm m\u00f3dnym spolo\u010dn\u00edkom na viac ako desa\u0165ro\u010die. Je ide\u00e1lna na prehodenie cez letn\u00e9 \u0161aty na svie\u017ei ve\u010der, alebo na vrstvenie proti zimn\u00fdm vetrom. C\u00edtite sa dobrodru\u017ene? Roxy sa premen\u00ed na \u00fa\u017easn\u00fa motork\u00e1rsku bundu, v\u010faka \u010domu budete naj\u0161t\u00fdlovej\u0161ou rebelkou na dvoch koles\u00e1ch.<\/p>\n<p style=\"font-family: Helvetica, Arial, sans-serif;\">Tak\u017ee sa pripravte a bu\u010fte pripraven\u00e9 p\u00fata\u0165 poh\u013eady s INHIDE. Je to miesto, kde sa elegancia stret\u00e1va s dravos\u0165ou.<\/p>\n<p style=\"font-family: Helvetica, Arial, sans-serif;\">Farba: \u010cierna<\/p>","protected":false},"excerpt":{"rendered":"<p>Introducing the INHIDE Roxy, a Black leather jacket for women that\u2019s a perfect blend of luxury and rebellion. Made from [&hellip;]<\/p>","protected":false},"featured_media":164,"comment_status":"open","ping_status":"closed","template":"","meta":{"site-sidebar-layout":"default","site-content-layout":"","ast-site-content-layout":"default","site-content-style":"default","site-sidebar-style":"default","ast-global-header-display":"","ast-banner-title-visibility":"","ast-main-header-display":"","ast-hfb-above-header-display":"","ast-hfb-below-header-display":"","ast-hfb-mobile-header-display":"","site-post-title":"","ast-breadcrumbs-content":"","ast-featured-img":"","footer-sml-layout":"","theme-transparent-header-meta":"default","adv-header-id-meta":"","stick-header-meta":"","header-above-stick-meta":"","header-main-stick-meta":"","header-below-stick-meta":"","astra-migrate-meta-layouts":"set","ast-page-background-enabled":"default","ast-page-background-meta":{"desktop":{"background-color":"var(--ast-global-color-4)","background-image":"","background-repeat":"repeat","background-position":"center center","background-size":"auto","background-attachment":"scroll","background-type":"","background-media":"","overlay-type":"","overlay-color":"","overlay-opacity":"","overlay-gradient":""},"tablet":{"background-color":"","background-image":"","background-repeat":"repeat","background-position":"center center","background-size":"auto","background-attachment":"scroll","background-type":"","background-media":"","overlay-type":"","overlay-color":"","overlay-opacity":"","overlay-gradient":""},"mobile":{"background-color":"","background-image":"","background-repeat":"repeat","background-position":"center center","background-size":"auto","background-attachment":"scroll","background-type":"","background-media":"","overlay-type":"","overlay-color":"","overlay-opacity":"","overlay-gradient":""}},"ast-content-background-meta":{"desktop":{"background-color":"var(--ast-global-color-5)","background-image":"","background-repeat":"repeat","background-position":"center center","background-size":"auto","background-attachment":"scroll","background-type":"","background-media":"","overlay-type":"","overlay-color":"","overlay-opacity":"","overlay-gradient":""},"tablet":{"background-color":"var(--ast-global-color-5)","background-image":"","background-repeat":"repeat","background-position":"center center","background-size":"auto","background-attachment":"scroll","background-type":"","background-media":"","overlay-type":"","overlay-color":"","overlay-opacity":"","overlay-gradient":""},"mobile":{"background-color":"var(--ast-global-color-5)","background-image":"","background-repeat":"repeat","background-position":"center center","background-size":"auto","background-attachment":"scroll","background-type":"","background-media":"","overlay-type":"","overlay-color":"","overlay-opacity":"","overlay-gradient":""}}},"product_brand":[],"product_cat":[37],"product_tag":[],"class_list":{"0":"post-533","1":"product","2":"type-product","3":"status-publish","4":"has-post-thumbnail","6":"product_cat-leatherjacketforwomen","7":"desktop-align-left","8":"tablet-align-left","9":"mobile-align-left","11":"first","12":"instock","13":"shipping-taxable","14":"purchasable","15":"product-type-variable"},"_links":{"self":[{"href":"https:\/\/inhidestore.com\/sk\/wp-json\/wp\/v2\/product\/533","targetHints":{"allow":["GET"]}}],"collection":[{"href":"https:\/\/inhidestore.com\/sk\/wp-json\/wp\/v2\/product"}],"about":[{"href":"https:\/\/inhidestore.com\/sk\/wp-json\/wp\/v2\/types\/product"}],"replies":[{"embeddable":true,"href":"https:\/\/inhidestore.com\/sk\/wp-json\/wp\/v2\/comments?post=533"}],"version-history":[{"count":3,"href":"https:\/\/inhidestore.com\/sk\/wp-json\/wp\/v2\/product\/533\/revisions"}],"predecessor-version":[{"id":2692,"href":"https:\/\/inhidestore.com\/sk\/wp-json\/wp\/v2\/product\/533\/revisions\/2692"}],"wp:featuredmedia":[{"embeddable":true,"href":"https:\/\/inhidestore.com\/sk\/wp-json\/wp\/v2\/media\/164"}],"wp:attachment":[{"href":"https:\/\/inhidestore.com\/sk\/wp-json\/wp\/v2\/media?parent=533"}],"wp:term":[{"taxonomy":"product_brand","embeddable":true,"href":"https:\/\/inhidestore.com\/sk\/wp-json\/wp\/v2\/product_brand?post=533"},{"taxonomy":"product_cat","embeddable":true,"href":"https:\/\/inhidestore.com\/sk\/wp-json\/wp\/v2\/product_cat?post=533"},{"taxonomy":"product_tag","embeddable":true,"href":"https:\/\/inhidestore.com\/sk\/wp-json\/wp\/v2\/product_tag?post=533"}],"curies":[{"name":"wp","href":"https:\/\/api.w.org\/{rel}","templated":true}]}}