{"id":572,"date":"2024-11-24T00:33:22","date_gmt":"2024-11-24T00:33:22","guid":{"rendered":"https:\/\/inhidestore.com\/?post_type=product&#038;p=572"},"modified":"2025-08-18T23:04:41","modified_gmt":"2025-08-18T23:04:41","slug":"inhide-sleekedge-panska-premiova-kozena-bunda-2","status":"publish","type":"product","link":"https:\/\/inhidestore.com\/sk\/obchod\/muzi\/panska-kozena-bunda\/inhide-sleekedge-panska-premiova-kozena-bunda-2\/","title":{"rendered":"INHIDE SleekEdge P\u00e1nska pr\u00e9miov\u00e1 ko\u017een\u00e1 bunda"},"content":{"rendered":"<p style=\"font-family: Helvetica, Arial, sans-serif;\">P\u00e1nska ko\u017een\u00e1 bunda INHIDE SleekEdge je nad\u010dasov\u00fd a v\u0161estrann\u00fd k\u00fasok vrchn\u00e9ho oble\u010denia, ktor\u00fd sp\u00e1ja \u0161t\u00fdl, odolnos\u0165 a sofistikovanos\u0165. Vyroben\u00e1 z prvotriednej, 100% \u010distej, maslovo jemnej ov\u010dej ko\u017ee, je t\u00e1to bunda navrhnut\u00e1 tak, aby pozdvihla v\u00e1\u0161 \u0161atn\u00edk a odolala sk\u00fa\u0161ke \u010dasu.<\/p>\n<p style=\"font-family: Helvetica, Arial, sans-serif;\"><strong>Materi\u00e1l:<\/strong> Vyroben\u00e1 z vysokokvalitnej ov\u010dej ko\u017ee, bunda je neuverite\u013ene jemn\u00e1 a poddajn\u00e1 na dotyk. Prirodzen\u00e1 \u0161trukt\u00fara a text\u00fara ko\u017ee dod\u00e1vaj\u00fa jej luxusn\u00fd vzh\u013ead.<\/p>\n<p style=\"font-family: Helvetica, Arial, sans-serif;\"><strong>Farba:<\/strong> Ko\u0148akov\u00e1 farba vy\u017earuje teplo a eleganciu, v\u010faka \u010domu je vhodn\u00e1 na be\u017en\u00e9 aj form\u00e1lne pr\u00edle\u017eitosti. Skvele sa hod\u00ed k r\u00f4znym outfitom a dop\u013a\u0148a r\u00f4zne t\u00f3ny pleti.<\/p>\n<p style=\"font-family: Helvetica, Arial, sans-serif;\"><strong>Dizajn:<\/strong> Elegantn\u00fd dizajn sa vyzna\u010duje \u010dist\u00fdmi l\u00edniami a prisp\u00f4soben\u00fdm strihom. Bunda sa prisp\u00f4sob\u00ed v\u00e1\u0161mu telu, zv\u00fdrazn\u00ed va\u0161u siluetu bez pocitu obmedzenia. \u010ci u\u017e jazd\u00edte na motorke alebo sa z\u00fa\u010dast\u0148ujete obchodn\u00e9ho stretnutia, bunda INHIDE SleekEdge zaru\u010duje, \u017ee budete vyzera\u0165 bez n\u00e1mahy \u0161t\u00fdlovo.<\/p>\n<p style=\"font-family: Helvetica, Arial, sans-serif;\"><strong>Zipsy a gomb\u00edky:<\/strong> Zipsy a gomb\u00edky vo farbe kovu dod\u00e1vaj\u00fa bunde drsn\u00fd n\u00e1dych. Asymetrick\u00e9 zap\u00ednanie na predn\u00fd zips jej prepo\u017ei\u010diava klasick\u00fd vzh\u013ead motork\u00e1rskej bundy, zatia\u013e \u010do golier na gomb\u00edky dotv\u00e1ra celkov\u00fd vzh\u013ead.<\/p>\n<p style=\"font-family: Helvetica, Arial, sans-serif;\"><strong>Odolnos\u0165:<\/strong> Pri spr\u00e1vnej starostlivosti v\u00e1m t\u00e1to bunda vydr\u017e\u00ed 10-15 rokov. Vysokokvalitn\u00e1 ko\u017ea je odoln\u00e1 vo\u010di opotrebovaniu, \u010do zaru\u010duje, \u017ee zostane z\u00e1kladom v\u00e1\u0161ho \u0161atn\u00edka po mnoho rokov.<\/p>\n<p style=\"font-family: Helvetica, Arial, sans-serif;\"><strong>V\u0161estrannos\u0165:<\/strong> Noste ju elegantne alebo le\u017e\u00e9rne \u2013 bunda INHIDE SleekEdge sa prisp\u00f4sob\u00ed r\u00f4znym prostrediam. Skombinujte ju s d\u017e\u00ednsami a \u010di\u017emami pre le\u017e\u00e9rny v\u00edkendov\u00fd vzh\u013ead, alebo ju oble\u010dte cez ko\u0161e\u013eu a nohavice pre elegantn\u00fd, no uvo\u013enen\u00fd outfit.<\/p>\n<p style=\"font-family: Helvetica, Arial, sans-serif;\"><strong>Vn\u00fatorn\u00e1 pod\u0161\u00edvka:<\/strong> Bunda m\u00e1 hladk\u00fa a pohodln\u00fa pod\u0161\u00edvku, ktor\u00e1 prispieva k celkov\u00e9mu komfortu. Umo\u017e\u0148uje \u013eahk\u00e9 vrstvenie po cel\u00fd rok.<\/p>\n<p style=\"font-family: Helvetica, Arial, sans-serif;\">P\u00e1nska ko\u017een\u00e1 bunda INHIDE SleekEdge bez probl\u00e9mov sp\u00e1ja \u0161t\u00fdl, pohodlie a odolnos\u0165 \u2013 je to nevyhnutnos\u0165 pre ka\u017ed\u00e9ho mu\u017ea, ktor\u00fd db\u00e1 na m\u00f3du. \u010ci u\u017e ste sk\u00fasen\u00fd jazdec alebo jednoducho oce\u0148ujete nad\u010dasov\u00fa m\u00f3du, t\u00e1to bunda je invest\u00edciou, ktor\u00e1 sa vyplat\u00ed z h\u013eadiska estetiky aj dlhej \u017eivotnosti.<\/p>\n<p style=\"font-family: Helvetica, Arial, sans-serif;\">Farba: Ko\u0148akov\u00e1<\/p>","protected":false},"excerpt":{"rendered":"<p>The INHIDE SleekEdge Men&#8217;s Leather Jacket is a timeless and versatile piece of outerwear that combines style, durability, and sophistication. [&hellip;]<\/p>","protected":false},"featured_media":131,"comment_status":"open","ping_status":"closed","template":"","meta":{"site-sidebar-layout":"default","site-content-layout":"","ast-site-content-layout":"default","site-content-style":"default","site-sidebar-style":"default","ast-global-header-display":"","ast-banner-title-visibility":"","ast-main-header-display":"","ast-hfb-above-header-display":"","ast-hfb-below-header-display":"","ast-hfb-mobile-header-display":"","site-post-title":"","ast-breadcrumbs-content":"","ast-featured-img":"","footer-sml-layout":"","theme-transparent-header-meta":"default","adv-header-id-meta":"","stick-header-meta":"","header-above-stick-meta":"","header-main-stick-meta":"","header-below-stick-meta":"","astra-migrate-meta-layouts":"set","ast-page-background-enabled":"default","ast-page-background-meta":{"desktop":{"background-color":"var(--ast-global-color-4)","background-image":"","background-repeat":"repeat","background-position":"center center","background-size":"auto","background-attachment":"scroll","background-type":"","background-media":"","overlay-type":"","overlay-color":"","overlay-opacity":"","overlay-gradient":""},"tablet":{"background-color":"","background-image":"","background-repeat":"repeat","background-position":"center center","background-size":"auto","background-attachment":"scroll","background-type":"","background-media":"","overlay-type":"","overlay-color":"","overlay-opacity":"","overlay-gradient":""},"mobile":{"background-color":"","background-image":"","background-repeat":"repeat","background-position":"center center","background-size":"auto","background-attachment":"scroll","background-type":"","background-media":"","overlay-type":"","overlay-color":"","overlay-opacity":"","overlay-gradient":""}},"ast-content-background-meta":{"desktop":{"background-color":"var(--ast-global-color-5)","background-image":"","background-repeat":"repeat","background-position":"center center","background-size":"auto","background-attachment":"scroll","background-type":"","background-media":"","overlay-type":"","overlay-color":"","overlay-opacity":"","overlay-gradient":""},"tablet":{"background-color":"var(--ast-global-color-5)","background-image":"","background-repeat":"repeat","background-position":"center center","background-size":"auto","background-attachment":"scroll","background-type":"","background-media":"","overlay-type":"","overlay-color":"","overlay-opacity":"","overlay-gradient":""},"mobile":{"background-color":"var(--ast-global-color-5)","background-image":"","background-repeat":"repeat","background-position":"center center","background-size":"auto","background-attachment":"scroll","background-type":"","background-media":"","overlay-type":"","overlay-color":"","overlay-opacity":"","overlay-gradient":""}}},"product_brand":[],"product_cat":[34],"product_tag":[],"class_list":{"0":"post-572","1":"product","2":"type-product","3":"status-publish","4":"has-post-thumbnail","6":"product_cat-leatherjacketformen","7":"desktop-align-left","8":"tablet-align-left","9":"mobile-align-left","11":"first","12":"instock","13":"shipping-taxable","14":"purchasable","15":"product-type-variable"},"_links":{"self":[{"href":"https:\/\/inhidestore.com\/sk\/wp-json\/wp\/v2\/product\/572","targetHints":{"allow":["GET"]}}],"collection":[{"href":"https:\/\/inhidestore.com\/sk\/wp-json\/wp\/v2\/product"}],"about":[{"href":"https:\/\/inhidestore.com\/sk\/wp-json\/wp\/v2\/types\/product"}],"replies":[{"embeddable":true,"href":"https:\/\/inhidestore.com\/sk\/wp-json\/wp\/v2\/comments?post=572"}],"version-history":[{"count":3,"href":"https:\/\/inhidestore.com\/sk\/wp-json\/wp\/v2\/product\/572\/revisions"}],"predecessor-version":[{"id":2687,"href":"https:\/\/inhidestore.com\/sk\/wp-json\/wp\/v2\/product\/572\/revisions\/2687"}],"wp:featuredmedia":[{"embeddable":true,"href":"https:\/\/inhidestore.com\/sk\/wp-json\/wp\/v2\/media\/131"}],"wp:attachment":[{"href":"https:\/\/inhidestore.com\/sk\/wp-json\/wp\/v2\/media?parent=572"}],"wp:term":[{"taxonomy":"product_brand","embeddable":true,"href":"https:\/\/inhidestore.com\/sk\/wp-json\/wp\/v2\/product_brand?post=572"},{"taxonomy":"product_cat","embeddable":true,"href":"https:\/\/inhidestore.com\/sk\/wp-json\/wp\/v2\/product_cat?post=572"},{"taxonomy":"product_tag","embeddable":true,"href":"https:\/\/inhidestore.com\/sk\/wp-json\/wp\/v2\/product_tag?post=572"}],"curies":[{"name":"wp","href":"https:\/\/api.w.org\/{rel}","templated":true}]}}