{"id":593,"date":"2024-11-24T00:33:24","date_gmt":"2024-11-24T00:33:24","guid":{"rendered":"https:\/\/inhidestore.com\/?post_type=product&#038;p=593"},"modified":"2025-08-18T23:00:10","modified_gmt":"2025-08-18T23:00:10","slug":"inhide-royal-miss-womens-premium-leather-jacket","status":"publish","type":"product","link":"https:\/\/inhidestore.com\/sk\/obchod\/zeny\/damska-kozena-bunda\/inhide-royal-miss-womens-premium-leather-jacket\/","title":{"rendered":"INHIDE Royal Miss D\u00e1mska pr\u00e9miov\u00e1 ko\u017een\u00e1 bunda"},"content":{"rendered":"<p style=\"font-family: Helvetica, Arial, sans-serif;\">Doprajte si luxus v podobe d\u00e1mskej pr\u00e9miovej bundy z ov\u010dej ko\u017ee zna\u010dky INHIDE, ktor\u00e1 je povinnou jazdou pre ka\u017ed\u00fa \u0161t\u00fdlov\u00fa \u017eenu. T\u00e1to bunda, vyroben\u00e1 zo 100% pravej ov\u010dej ko\u017ee, predstavuje dokonal\u00e9 spojenie pohodlia a odolnosti. Jej maslovo jemn\u00e1 text\u00fara je mimoriadne pr\u00edjemn\u00e1 k poko\u017eke, zatia\u013e \u010do kvalitn\u00e9 spracovanie s\u013eubuje dlh\u00fa \u017eivotnos\u0165.<\/p>\n<p style=\"font-family: Helvetica, Arial, sans-serif;\"><strong>Elegantn\u00fd dizajn:<\/strong> Tmavomodr\u00fd odtie\u0148 bundy a asymetrick\u00e9 zap\u00ednanie na zips dod\u00e1vaj\u00fa klasick\u00e9mu \u0161t\u00fdlu modern\u00fd \u0161mrnc.<\/p>\n<p style=\"font-family: Helvetica, Arial, sans-serif;\"><strong>Prepracovan\u00e9 detaily:<\/strong> Doplnky v zlatom t\u00f3ne, patentn\u00e9 gomb\u00edky a zipsy na man\u017eet\u00e1ch umo\u017e\u0148uj\u00fa prisp\u00f4sobi\u0165 si strih a dod\u00e1vaj\u00fa bunde \u0161ik vzh\u013ead.<\/p>\n<p style=\"font-family: Helvetica, Arial, sans-serif;\"><strong>V\u0161estrann\u00e1 m\u00f3da:<\/strong> Skvele pozdvihne ak\u00fdko\u013evek outfit a bez probl\u00e9mov v\u00e1s sprev\u00e1dza od r\u00e1na a\u017e do ve\u010dera, pri\u010dom sa postar\u00e1 o to, aby ste v\u017edy vyzerali \u0161t\u00fdlovo a upravene.<\/p>\n<p style=\"font-family: Helvetica, Arial, sans-serif;\">Objavte dokonal\u00fa harm\u00f3niu \u0161t\u00fdlu a kvality s touto exkluz\u00edvnou ko\u017eenou bundou, ktor\u00e1 sa stane nad\u010dasov\u00fdm k\u00faskom vo va\u0161om \u0161atn\u00edku.<\/p>\n<p style=\"font-family: Helvetica, Arial, sans-serif;\"><strong>Farba:<\/strong> Tmavomodr\u00e1<\/p>","protected":false},"excerpt":{"rendered":"<p>Indulge in the luxury of INHIDE Women&#8217;s Premium Sheep Leather Jacket, a must-have for the fashion-forward woman. Crafted from 100% [&hellip;]<\/p>","protected":false},"featured_media":124,"comment_status":"open","ping_status":"closed","template":"","meta":{"site-sidebar-layout":"default","site-content-layout":"","ast-site-content-layout":"default","site-content-style":"default","site-sidebar-style":"default","ast-global-header-display":"","ast-banner-title-visibility":"","ast-main-header-display":"","ast-hfb-above-header-display":"","ast-hfb-below-header-display":"","ast-hfb-mobile-header-display":"","site-post-title":"","ast-breadcrumbs-content":"","ast-featured-img":"","footer-sml-layout":"","theme-transparent-header-meta":"default","adv-header-id-meta":"","stick-header-meta":"","header-above-stick-meta":"","header-main-stick-meta":"","header-below-stick-meta":"","astra-migrate-meta-layouts":"set","ast-page-background-enabled":"default","ast-page-background-meta":{"desktop":{"background-color":"var(--ast-global-color-4)","background-image":"","background-repeat":"repeat","background-position":"center center","background-size":"auto","background-attachment":"scroll","background-type":"","background-media":"","overlay-type":"","overlay-color":"","overlay-opacity":"","overlay-gradient":""},"tablet":{"background-color":"","background-image":"","background-repeat":"repeat","background-position":"center center","background-size":"auto","background-attachment":"scroll","background-type":"","background-media":"","overlay-type":"","overlay-color":"","overlay-opacity":"","overlay-gradient":""},"mobile":{"background-color":"","background-image":"","background-repeat":"repeat","background-position":"center center","background-size":"auto","background-attachment":"scroll","background-type":"","background-media":"","overlay-type":"","overlay-color":"","overlay-opacity":"","overlay-gradient":""}},"ast-content-background-meta":{"desktop":{"background-color":"var(--ast-global-color-5)","background-image":"","background-repeat":"repeat","background-position":"center center","background-size":"auto","background-attachment":"scroll","background-type":"","background-media":"","overlay-type":"","overlay-color":"","overlay-opacity":"","overlay-gradient":""},"tablet":{"background-color":"var(--ast-global-color-5)","background-image":"","background-repeat":"repeat","background-position":"center center","background-size":"auto","background-attachment":"scroll","background-type":"","background-media":"","overlay-type":"","overlay-color":"","overlay-opacity":"","overlay-gradient":""},"mobile":{"background-color":"var(--ast-global-color-5)","background-image":"","background-repeat":"repeat","background-position":"center center","background-size":"auto","background-attachment":"scroll","background-type":"","background-media":"","overlay-type":"","overlay-color":"","overlay-opacity":"","overlay-gradient":""}}},"product_brand":[],"product_cat":[37],"product_tag":[],"class_list":{"0":"post-593","1":"product","2":"type-product","3":"status-publish","4":"has-post-thumbnail","6":"product_cat-leatherjacketforwomen","7":"desktop-align-left","8":"tablet-align-left","9":"mobile-align-left","11":"first","12":"instock","13":"shipping-taxable","14":"purchasable","15":"product-type-variable"},"_links":{"self":[{"href":"https:\/\/inhidestore.com\/sk\/wp-json\/wp\/v2\/product\/593","targetHints":{"allow":["GET"]}}],"collection":[{"href":"https:\/\/inhidestore.com\/sk\/wp-json\/wp\/v2\/product"}],"about":[{"href":"https:\/\/inhidestore.com\/sk\/wp-json\/wp\/v2\/types\/product"}],"replies":[{"embeddable":true,"href":"https:\/\/inhidestore.com\/sk\/wp-json\/wp\/v2\/comments?post=593"}],"version-history":[{"count":3,"href":"https:\/\/inhidestore.com\/sk\/wp-json\/wp\/v2\/product\/593\/revisions"}],"predecessor-version":[{"id":2684,"href":"https:\/\/inhidestore.com\/sk\/wp-json\/wp\/v2\/product\/593\/revisions\/2684"}],"wp:featuredmedia":[{"embeddable":true,"href":"https:\/\/inhidestore.com\/sk\/wp-json\/wp\/v2\/media\/124"}],"wp:attachment":[{"href":"https:\/\/inhidestore.com\/sk\/wp-json\/wp\/v2\/media?parent=593"}],"wp:term":[{"taxonomy":"product_brand","embeddable":true,"href":"https:\/\/inhidestore.com\/sk\/wp-json\/wp\/v2\/product_brand?post=593"},{"taxonomy":"product_cat","embeddable":true,"href":"https:\/\/inhidestore.com\/sk\/wp-json\/wp\/v2\/product_cat?post=593"},{"taxonomy":"product_tag","embeddable":true,"href":"https:\/\/inhidestore.com\/sk\/wp-json\/wp\/v2\/product_tag?post=593"}],"curies":[{"name":"wp","href":"https:\/\/api.w.org\/{rel}","templated":true}]}}