{"id":602,"date":"2024-11-24T00:33:24","date_gmt":"2024-11-24T00:33:24","guid":{"rendered":"https:\/\/inhidestore.com\/?post_type=product&#038;p=602"},"modified":"2025-08-18T22:41:05","modified_gmt":"2025-08-18T22:41:05","slug":"inhide-damska-premiova-semisova-kozena-bunda","status":"publish","type":"product","link":"https:\/\/inhidestore.com\/sk\/obchod\/zeny\/damska-kozena-bunda\/inhide-damska-premiova-semisova-kozena-bunda\/","title":{"rendered":"INHIDE D\u00e1mska pr\u00e9miov\u00e1 semi\u0161ov\u00e1 ko\u017een\u00e1 bunda"},"content":{"rendered":"<p style=\"font-family: Helvetica, Arial, sans-serif;\">Pozdvihnite svoj \u0161atn\u00edk s D\u00e1mskou pr\u00e9miovou semi\u0161ovou ko\u017eenou bundou INHIDE \u2013 nad\u010dasov\u00fdm k\u00faskom, ktor\u00fd vy\u017earuje eleganciu a sofistikovanos\u0165. Vyroben\u00e1 zo 100% \u010distej a pr\u00e9miovej ov\u010dej ko\u017ee, t\u00e1to bunda nie je len m\u00f3dnym vyhl\u00e1sen\u00edm, je to invest\u00edcia do trval\u00e9ho \u0161t\u00fdlu.<\/p>\n<p style=\"font-family: Helvetica, Arial, sans-serif;\">Luxusn\u00fd materi\u00e1l: Za\u017eite maslovo jemn\u00fd dotyk vysokokvalitn\u00e9ho semi\u0161u, pon\u00fakaj\u00faci bezkonkuren\u010dn\u00fd komfort a odolnos\u0165.<\/p>\n<p style=\"font-family: Helvetica, Arial, sans-serif;\">V\u0161estrann\u00fd \u0161t\u00fdl: \u010ci u\u017e sa chyst\u00e1te na ve\u010der do spolo\u010dnosti alebo na be\u017en\u00fd de\u0148 v meste, elegantn\u00fd dizajn tejto bundy sa prisp\u00f4sob\u00ed ka\u017edej pr\u00edle\u017eitosti.<\/p>\n<p style=\"font-family: Helvetica, Arial, sans-serif;\">D\u00f4raz na detail: Starostlivo pre\u0161it\u00e1 s prec\u00edznos\u0165ou, ka\u017ed\u00fd \u0161ev a gomb\u00edk je d\u00f4kazom remeselnej zru\u010dnosti, ktor\u00e1 stoj\u00ed za t\u00fdmto exkluz\u00edvnym k\u00faskom.<\/p>\n<p style=\"font-family: Helvetica, Arial, sans-serif;\">Objavte rozdiel INHIDE e\u0161te dnes a vykro\u010dte s istotou a gr\u00e1ciou.<\/p>\n<p style=\"font-family: Helvetica, Arial, sans-serif;\">Farba: \u010cokol\u00e1dovo hned\u00e1<\/p>","protected":false},"excerpt":{"rendered":"<p>Elevate your wardrobe with the INHIDE Women&#8217;s Premium Suede Leather Jacket \u2013 a timeless piece that exudes elegance and sophistication. [&hellip;]<\/p>","protected":false},"featured_media":149,"comment_status":"open","ping_status":"closed","template":"","meta":{"site-sidebar-layout":"default","site-content-layout":"","ast-site-content-layout":"default","site-content-style":"default","site-sidebar-style":"default","ast-global-header-display":"","ast-banner-title-visibility":"","ast-main-header-display":"","ast-hfb-above-header-display":"","ast-hfb-below-header-display":"","ast-hfb-mobile-header-display":"","site-post-title":"","ast-breadcrumbs-content":"","ast-featured-img":"","footer-sml-layout":"","theme-transparent-header-meta":"default","adv-header-id-meta":"","stick-header-meta":"","header-above-stick-meta":"","header-main-stick-meta":"","header-below-stick-meta":"","astra-migrate-meta-layouts":"set","ast-page-background-enabled":"default","ast-page-background-meta":{"desktop":{"background-color":"var(--ast-global-color-4)","background-image":"","background-repeat":"repeat","background-position":"center center","background-size":"auto","background-attachment":"scroll","background-type":"","background-media":"","overlay-type":"","overlay-color":"","overlay-opacity":"","overlay-gradient":""},"tablet":{"background-color":"","background-image":"","background-repeat":"repeat","background-position":"center center","background-size":"auto","background-attachment":"scroll","background-type":"","background-media":"","overlay-type":"","overlay-color":"","overlay-opacity":"","overlay-gradient":""},"mobile":{"background-color":"","background-image":"","background-repeat":"repeat","background-position":"center center","background-size":"auto","background-attachment":"scroll","background-type":"","background-media":"","overlay-type":"","overlay-color":"","overlay-opacity":"","overlay-gradient":""}},"ast-content-background-meta":{"desktop":{"background-color":"var(--ast-global-color-5)","background-image":"","background-repeat":"repeat","background-position":"center center","background-size":"auto","background-attachment":"scroll","background-type":"","background-media":"","overlay-type":"","overlay-color":"","overlay-opacity":"","overlay-gradient":""},"tablet":{"background-color":"var(--ast-global-color-5)","background-image":"","background-repeat":"repeat","background-position":"center center","background-size":"auto","background-attachment":"scroll","background-type":"","background-media":"","overlay-type":"","overlay-color":"","overlay-opacity":"","overlay-gradient":""},"mobile":{"background-color":"var(--ast-global-color-5)","background-image":"","background-repeat":"repeat","background-position":"center center","background-size":"auto","background-attachment":"scroll","background-type":"","background-media":"","overlay-type":"","overlay-color":"","overlay-opacity":"","overlay-gradient":""}}},"product_brand":[],"product_cat":[37],"product_tag":[],"class_list":{"0":"post-602","1":"product","2":"type-product","3":"status-publish","4":"has-post-thumbnail","6":"product_cat-leatherjacketforwomen","7":"desktop-align-left","8":"tablet-align-left","9":"mobile-align-left","11":"first","12":"instock","13":"shipping-taxable","14":"purchasable","15":"product-type-variable"},"_links":{"self":[{"href":"https:\/\/inhidestore.com\/sk\/wp-json\/wp\/v2\/product\/602","targetHints":{"allow":["GET"]}}],"collection":[{"href":"https:\/\/inhidestore.com\/sk\/wp-json\/wp\/v2\/product"}],"about":[{"href":"https:\/\/inhidestore.com\/sk\/wp-json\/wp\/v2\/types\/product"}],"replies":[{"embeddable":true,"href":"https:\/\/inhidestore.com\/sk\/wp-json\/wp\/v2\/comments?post=602"}],"version-history":[{"count":4,"href":"https:\/\/inhidestore.com\/sk\/wp-json\/wp\/v2\/product\/602\/revisions"}],"predecessor-version":[{"id":2681,"href":"https:\/\/inhidestore.com\/sk\/wp-json\/wp\/v2\/product\/602\/revisions\/2681"}],"wp:featuredmedia":[{"embeddable":true,"href":"https:\/\/inhidestore.com\/sk\/wp-json\/wp\/v2\/media\/149"}],"wp:attachment":[{"href":"https:\/\/inhidestore.com\/sk\/wp-json\/wp\/v2\/media?parent=602"}],"wp:term":[{"taxonomy":"product_brand","embeddable":true,"href":"https:\/\/inhidestore.com\/sk\/wp-json\/wp\/v2\/product_brand?post=602"},{"taxonomy":"product_cat","embeddable":true,"href":"https:\/\/inhidestore.com\/sk\/wp-json\/wp\/v2\/product_cat?post=602"},{"taxonomy":"product_tag","embeddable":true,"href":"https:\/\/inhidestore.com\/sk\/wp-json\/wp\/v2\/product_tag?post=602"}],"curies":[{"name":"wp","href":"https:\/\/api.w.org\/{rel}","templated":true}]}}