{"id":2274,"date":"2025-01-22T21:18:48","date_gmt":"2025-01-22T21:18:48","guid":{"rendered":"https:\/\/inhidestore.com\/?page_id=2274"},"modified":"2025-07-17T22:53:51","modified_gmt":"2025-07-17T22:53:51","slug":"shipping-policy","status":"publish","type":"page","link":"https:\/\/inhidestore.com\/sv\/shipping-policy\/","title":{"rendered":"Fraktpolicy"},"content":{"rendered":"<p>P\u00e5 Inhide \u00e4r vi stolta \u00f6ver att leverera premium l\u00e4derjackor till kunder \u00f6ver hela v\u00e4rlden. V\u00e5r fraktpolicy beskriver hur vi hanterar, behandlar och levererar dina best\u00e4llningar. V\u00e4nligen ta en stund att l\u00e4sa igenom informationen nedan f\u00f6r att f\u00f6rst\u00e5 hur vi s\u00e4kerst\u00e4ller en smidig fraktupplevelse.<\/p>\n\n\n\n<hr class=\"wp-block-separator has-alpha-channel-opacity\"\/>\n\n\n\n<p><strong>Skr\u00e4ddarsytt hantverk p\u00e5 best\u00e4llning<\/strong><\/p>\n\n\n\n<p>Varje jacka fr\u00e5n Inhide tillverkas med omsorg, precision och k\u00e4nsla f\u00f6r detaljer. Eftersom v\u00e5ra jackor tillverkas p\u00e5 best\u00e4llning lagerh\u00e5ller vi inga f\u00e4rdiga produkter. Detta g\u00f6r att vi kan erbjuda dig en produkt som uppfyller dina specifika \u00f6nskem\u00e5l och bibeh\u00e5ller v\u00e5ra h\u00f6ga kvalitetsstandarder.<\/p>\n\n\n\n<ul class=\"wp-block-list\">\n<li><strong>Produktionstid:<\/strong><br>Att tillverka din jacka tar vanligtvis<strong> 5-8 arbetsdagar<\/strong> innan den \u00e4r redo att skickas. Detta inkluderar tid f\u00f6r materialval, skr\u00e4ddarsydd tillverkning och noggranna kvalitetskontroller.<\/li>\n\n\n\n<li><strong>Specialbest\u00e4llningar:<\/strong><br>Om din best\u00e4llning inkluderar n\u00e5gra anpassningar, v\u00e4nligen notera att produktionstiderna kan variera n\u00e5got beroende p\u00e5 designens komplexitet.<\/li>\n<\/ul>\n\n\n\n<hr class=\"wp-block-separator has-alpha-channel-opacity\"\/>\n\n\n\n<p><strong>Fri frakt \u00f6ver hela v\u00e4rlden<\/strong><\/p>\n\n\n\n<p>Vi tror p\u00e5 att f\u00f6renkla din shoppingupplevelse. D\u00e4rf\u00f6r erbjuder vi <strong>fri frakt \u00f6ver hela v\u00e4rlden<\/strong> p\u00e5 alla best\u00e4llningar. Oavsett om du befinner dig i Nordamerika, Europa, Asien eller n\u00e5gon annanstans, tillkommer inga dolda fraktavgifter.<\/p>\n\n\n\n<hr class=\"wp-block-separator has-alpha-channel-opacity\"\/>\n\n\n\n<p><strong>Ber\u00e4knade leveranstider<\/strong><\/p>\n\n\n\n<p>N\u00e4r din jacka \u00e4r tillverkad och skickad, kommer leveranstiderna att bero p\u00e5 din plats. H\u00e4r \u00e4r vad du kan f\u00f6rv\u00e4nta dig:<\/p>\n\n\n\n<ul class=\"wp-block-list\">\n<li><strong>Nordamerika:<\/strong> 3-5 arbetsdagar<\/li>\n\n\n\n<li><strong>Europa:<\/strong> 3-5 arbetsdagar<\/li>\n\n\n\n<li><strong>Asien-Stillahavsomr\u00e5det:<\/strong> 3-5 arbetsdagar<\/li>\n\n\n\n<li><strong>\u00d6vriga v\u00e4rlden:<\/strong> 3-5 arbetsdagar<\/li>\n<\/ul>\n\n\n\n<p>V\u00e4nligen notera att dessa \u00e4r ber\u00e4knade leveranstider och kan variera p\u00e5 grund av externa faktorer som tullhantering eller f\u00f6rseningar hos lokala budfirmor.<\/p>\n\n\n\n<hr class=\"wp-block-separator has-alpha-channel-opacity\"\/>\n\n\n\n<p><strong>Sp\u00e5ra din best\u00e4llning<\/strong><\/p>\n\n\n\n<p>N\u00e4r din best\u00e4llning har skickats f\u00e5r du ett e-postmeddelande med ett sp\u00e5rningsnummer och instruktioner om hur du sp\u00e5rar din f\u00f6rs\u00e4ndelse. Detta g\u00f6r att du kan f\u00f6lja din best\u00e4llnings framsteg i realtid.<\/p>\n\n\n\n<hr class=\"wp-block-separator has-alpha-channel-opacity\"\/>\n\n\n\n<p><strong>Tull, avgifter och skatter<\/strong><\/p>\n\n\n\n<p>\u00c4ven om vi erbjuder fri frakt, kan kunder vara ansvariga f\u00f6r <strong>moms\/skatter, importtullar eller andra avgifter<\/strong> som tas ut av deras lokala tullmyndigheter. Dessa avgifter varierar beroende p\u00e5 land och ing\u00e5r inte i kostnaden f\u00f6r din best\u00e4llning.<\/p>\n\n\n\n<p>Vi rekommenderar att du kontrollerar med ditt lokala tullkontor f\u00f6r information om till\u00e4mpliga avgifter.<\/p>\n\n\n\n<hr class=\"wp-block-separator has-alpha-channel-opacity\"\/>\n\n\n\n<p><strong>Paket som inte kan levereras<\/strong><\/p>\n\n\n\n<p>Om ett paket returneras till oss p\u00e5 grund av felaktig eller ofullst\u00e4ndig leveransinformation fr\u00e5n kunden, v\u00e4gran att betala tullavgifter, eller underl\u00e5tenhet att ta emot leveransen:<\/p>\n\n\n\n<ul class=\"wp-block-list\">\n<li>Vi kommer att kontakta dig f\u00f6r att ordna en ny f\u00f6rs\u00e4ndelse.<\/li>\n\n\n\n<li>Eventuella ytterligare fraktkostnader kommer att vara kundens ansvar.<\/li>\n<\/ul>\n\n\n\n<hr class=\"wp-block-separator has-alpha-channel-opacity\"\/>\n\n\n\n<p><strong>Skadade eller saknade f\u00f6rs\u00e4ndelser<\/strong><\/p>\n\n\n\n<p>Vi vidtar alla f\u00f6rsiktighets\u00e5tg\u00e4rder f\u00f6r att s\u00e4kerst\u00e4lla att din jacka anl\u00e4nder i perfekt skick. Men om din best\u00e4llning anl\u00e4nder skadad eller f\u00f6rsvinner under transporten:<\/p>\n\n\n\n<ul class=\"wp-block-list\">\n<li>Meddela oss omedelbart p\u00e5 customerservice@inhidestore.com<\/li>\n\n\n\n<li>Tillhandah\u00e5ll foton av paketet (om skadat) och eventuella relevanta detaljer.<\/li>\n<\/ul>\n\n\n\n<p>Vi kommer omg\u00e5ende att unders\u00f6ka \u00e4rendet och ordna med en ers\u00e4ttning eller l\u00e4mplig l\u00f6sning.<\/p>\n\n\n\n<hr class=\"wp-block-separator has-alpha-channel-opacity\"\/>\n\n\n\n<p><strong>Leveransrestriktioner<\/strong><\/p>\n\n\n\n<p>\u00c4ven om vi skickar \u00f6ver hela v\u00e4rlden kan vissa avl\u00e4gsna eller begr\u00e4nsade omr\u00e5den ha l\u00e4ngre leveranstider eller begr\u00e4nsade budtj\u00e4nster. I s\u00e5dana fall kommer vi att kommunicera direkt med dig f\u00f6r att s\u00e4kerst\u00e4lla att din best\u00e4llning n\u00e5r dig.<\/p>\n\n\n\n<hr class=\"wp-block-separator has-alpha-channel-opacity\"\/>\n\n\n\n<p><strong>Leveransf\u00f6rseningar under helger<\/strong><\/p>\n\n\n\n<p>Under h\u00f6gs\u00e4songer och helger kan produktions- och leveranstiderna f\u00f6rl\u00e4ngas n\u00e5got p\u00e5 grund av \u00f6kad efterfr\u00e5gan. F\u00f6r att s\u00e4kerst\u00e4lla en snabb leverans rekommenderar vi att du l\u00e4gger dina best\u00e4llningar i god tid f\u00f6re st\u00f6rre helgdagar.<\/p>\n\n\n\n<hr class=\"wp-block-separator has-alpha-channel-opacity\"\/>\n\n\n\n<p><strong>Kundtj\u00e4nst<\/strong><\/p>\n\n\n\n<p>Om du har n\u00e5gra fr\u00e5gor eller funderingar ang\u00e5ende din best\u00e4llning eller v\u00e5r fraktprocess, tveka inte att kontakta oss:<\/p>\n\n\n\n<ul class=\"wp-block-list\">\n<li><strong>E-post:<\/strong> customerservice@inhidestore.com<\/li>\n\n\n\n<li><strong>Telefon:<\/strong> +92 330-225-4099<\/li>\n<\/ul>\n\n\n\n<hr class=\"wp-block-separator has-alpha-channel-opacity\"\/>\n\n\n\n<p>P\u00e5 Inhide \u00e4r vi engagerade i att erbjuda enast\u00e5ende service och leverera kvalitetsl\u00e4derjackor direkt till din d\u00f6rr. Tack f\u00f6r att du v\u00e4ljer oss som din p\u00e5litliga partner inom stil!<\/p>\n\n\n\n<p><\/p>","protected":false},"excerpt":{"rendered":"<p>At Inhide, we pride ourselves on delivering premium leather jackets to customers worldwide. Our Shipping Policy outlines the details of [&hellip;]<\/p>","protected":false},"author":1,"featured_media":0,"parent":0,"menu_order":0,"comment_status":"closed","ping_status":"closed","template":"","meta":{"site-sidebar-layout":"default","site-content-layout":"","ast-site-content-layout":"","site-content-style":"default","site-sidebar-style":"default","ast-global-header-display":"","ast-banner-title-visibility":"","ast-main-header-display":"","ast-hfb-above-header-display":"","ast-hfb-below-header-display":"","ast-hfb-mobile-header-display":"","site-post-title":"","ast-breadcrumbs-content":"","ast-featured-img":"","footer-sml-layout":"","theme-transparent-header-meta":"","adv-header-id-meta":"","stick-header-meta":"","header-above-stick-meta":"","header-main-stick-meta":"","header-below-stick-meta":"","astra-migrate-meta-layouts":"default","ast-page-background-enabled":"default","ast-page-background-meta":{"desktop":{"background-color":"var(--ast-global-color-4)","background-image":"","background-repeat":"repeat","background-position":"center center","background-size":"auto","background-attachment":"scroll","background-type":"","background-media":"","overlay-type":"","overlay-color":"","overlay-opacity":"","overlay-gradient":""},"tablet":{"background-color":"","background-image":"","background-repeat":"repeat","background-position":"center center","background-size":"auto","background-attachment":"scroll","background-type":"","background-media":"","overlay-type":"","overlay-color":"","overlay-opacity":"","overlay-gradient":""},"mobile":{"background-color":"","background-image":"","background-repeat":"repeat","background-position":"center center","background-size":"auto","background-attachment":"scroll","background-type":"","background-media":"","overlay-type":"","overlay-color":"","overlay-opacity":"","overlay-gradient":""}},"ast-content-background-meta":{"desktop":{"background-color":"var(--ast-global-color-5)","background-image":"","background-repeat":"repeat","background-position":"center center","background-size":"auto","background-attachment":"scroll","background-type":"","background-media":"","overlay-type":"","overlay-color":"","overlay-opacity":"","overlay-gradient":""},"tablet":{"background-color":"var(--ast-global-color-5)","background-image":"","background-repeat":"repeat","background-position":"center center","background-size":"auto","background-attachment":"scroll","background-type":"","background-media":"","overlay-type":"","overlay-color":"","overlay-opacity":"","overlay-gradient":""},"mobile":{"background-color":"var(--ast-global-color-5)","background-image":"","background-repeat":"repeat","background-position":"center center","background-size":"auto","background-attachment":"scroll","background-type":"","background-media":"","overlay-type":"","overlay-color":"","overlay-opacity":"","overlay-gradient":""}},"footnotes":""},"class_list":["post-2274","page","type-page","status-publish","hentry"],"_links":{"self":[{"href":"https:\/\/inhidestore.com\/sv\/wp-json\/wp\/v2\/pages\/2274","targetHints":{"allow":["GET"]}}],"collection":[{"href":"https:\/\/inhidestore.com\/sv\/wp-json\/wp\/v2\/pages"}],"about":[{"href":"https:\/\/inhidestore.com\/sv\/wp-json\/wp\/v2\/types\/page"}],"author":[{"embeddable":true,"href":"https:\/\/inhidestore.com\/sv\/wp-json\/wp\/v2\/users\/1"}],"replies":[{"embeddable":true,"href":"https:\/\/inhidestore.com\/sv\/wp-json\/wp\/v2\/comments?post=2274"}],"version-history":[{"count":2,"href":"https:\/\/inhidestore.com\/sv\/wp-json\/wp\/v2\/pages\/2274\/revisions"}],"predecessor-version":[{"id":3064,"href":"https:\/\/inhidestore.com\/sv\/wp-json\/wp\/v2\/pages\/2274\/revisions\/3064"}],"wp:attachment":[{"href":"https:\/\/inhidestore.com\/sv\/wp-json\/wp\/v2\/media?parent=2274"}],"curies":[{"name":"wp","href":"https:\/\/api.w.org\/{rel}","templated":true}]}}