{"id":366,"date":"2024-09-23T23:38:58","date_gmt":"2024-09-23T23:38:58","guid":{"rendered":"https:\/\/inhidestore.com\/?page_id=366"},"modified":"2025-05-31T15:36:08","modified_gmt":"2025-05-31T15:36:08","slug":"our-story","status":"publish","type":"page","link":"https:\/\/inhidestore.com\/sv\/our-story\/","title":{"rendered":"V\u00e5r historia"},"content":{"rendered":"<p>Allt b\u00f6rjade i en enkel lokal, d\u00e4r doften av fylligt l\u00e4der blandades med ambition och fantasi. I den enkla lokalen, <strong>Inhide<\/strong> f\u00f6ddes \u2013 ett varum\u00e4rke som inte bara skapades f\u00f6r att tillverka jackor, utan f\u00f6r att skapa best\u00e5ende arv \u2013 arv du kan b\u00e4ra.<\/p>\n\n\n\n<p>P\u00e5 Inhide tror vi att en l\u00e4derjacka \u00e4r mer \u00e4n bara ett plagg. Den \u00e4r en f\u00f6ljeslagare. En minnesb\u00e4rare. En andra hud som f\u00f6ljer dig genom livets avg\u00f6rande \u00f6gonblick \u2013 lugna kaffestunder, nattliga turer, dj\u00e4rva nystarter.<\/p>\n\n\n\n<p>Varje plagg vi skapar \u00e4r ett bevis p\u00e5 tidl\u00f6s design och medvetet hantverk. Handsydda av erfarna hantverkare, tillverkas v\u00e5ra jackor av <strong>etiskt framtaget, f\u00f6rstklassigt l\u00e4der<\/strong>\u2013 den typen som \u00e5ldras med karakt\u00e4r och ber\u00e4ttar sin egen historia \u00f6ver tid.<\/p>\n\n\n\n<p>Men Inhide handlar inte bara om kvalitet. Det handlar om <strong>identitet<\/strong>. Vi designar f\u00f6r individen som sticker ut. V\u00e5ra kollektioner blandar klassiska silhuetter med moderna inslag, och erbjuder plagg som k\u00e4nns b\u00e5de bekanta och nya. Oavsett om du kl\u00e4r upp dig eller varvar ner, finns det en Inhide-jacka som passar inte bara din kropp, utan ocks\u00e5 din sj\u00e4l.<\/p>\n\n\n\n<p>Med integritet som grund, detaljer som drivkraft och sj\u00e4lvuttryck som br\u00e4nsle \u2013<strong>Inhide \u00e4r f\u00f6r dig som b\u00e4r sj\u00e4lvf\u00f6rtroende som en andra hud.<\/strong>.<\/p>\n\n\n\n<p>Det h\u00e4r \u00e4r mer \u00e4n mode.<br><strong>Det h\u00e4r \u00e4r din historia, omdefinierad.<\/strong><\/p>","protected":false},"excerpt":{"rendered":"<p>It all began in a small workshop, where the scent of rich leather mingled with ambition and imagination. In that [&hellip;]<\/p>","protected":false},"author":1,"featured_media":0,"parent":0,"menu_order":0,"comment_status":"closed","ping_status":"closed","template":"","meta":{"site-sidebar-layout":"default","site-content-layout":"","ast-site-content-layout":"","site-content-style":"default","site-sidebar-style":"default","ast-global-header-display":"","ast-banner-title-visibility":"","ast-main-header-display":"","ast-hfb-above-header-display":"","ast-hfb-below-header-display":"","ast-hfb-mobile-header-display":"","site-post-title":"","ast-breadcrumbs-content":"","ast-featured-img":"","footer-sml-layout":"","theme-transparent-header-meta":"","adv-header-id-meta":"","stick-header-meta":"","header-above-stick-meta":"","header-main-stick-meta":"","header-below-stick-meta":"","astra-migrate-meta-layouts":"default","ast-page-background-enabled":"default","ast-page-background-meta":{"desktop":{"background-color":"var(--ast-global-color-4)","background-image":"","background-repeat":"repeat","background-position":"center center","background-size":"auto","background-attachment":"scroll","background-type":"","background-media":"","overlay-type":"","overlay-color":"","overlay-opacity":"","overlay-gradient":""},"tablet":{"background-color":"","background-image":"","background-repeat":"repeat","background-position":"center center","background-size":"auto","background-attachment":"scroll","background-type":"","background-media":"","overlay-type":"","overlay-color":"","overlay-opacity":"","overlay-gradient":""},"mobile":{"background-color":"","background-image":"","background-repeat":"repeat","background-position":"center center","background-size":"auto","background-attachment":"scroll","background-type":"","background-media":"","overlay-type":"","overlay-color":"","overlay-opacity":"","overlay-gradient":""}},"ast-content-background-meta":{"desktop":{"background-color":"var(--ast-global-color-5)","background-image":"","background-repeat":"repeat","background-position":"center center","background-size":"auto","background-attachment":"scroll","background-type":"","background-media":"","overlay-type":"","overlay-color":"","overlay-opacity":"","overlay-gradient":""},"tablet":{"background-color":"var(--ast-global-color-5)","background-image":"","background-repeat":"repeat","background-position":"center center","background-size":"auto","background-attachment":"scroll","background-type":"","background-media":"","overlay-type":"","overlay-color":"","overlay-opacity":"","overlay-gradient":""},"mobile":{"background-color":"var(--ast-global-color-5)","background-image":"","background-repeat":"repeat","background-position":"center center","background-size":"auto","background-attachment":"scroll","background-type":"","background-media":"","overlay-type":"","overlay-color":"","overlay-opacity":"","overlay-gradient":""}},"footnotes":""},"class_list":["post-366","page","type-page","status-publish","hentry"],"_links":{"self":[{"href":"https:\/\/inhidestore.com\/sv\/wp-json\/wp\/v2\/pages\/366","targetHints":{"allow":["GET"]}}],"collection":[{"href":"https:\/\/inhidestore.com\/sv\/wp-json\/wp\/v2\/pages"}],"about":[{"href":"https:\/\/inhidestore.com\/sv\/wp-json\/wp\/v2\/types\/page"}],"author":[{"embeddable":true,"href":"https:\/\/inhidestore.com\/sv\/wp-json\/wp\/v2\/users\/1"}],"replies":[{"embeddable":true,"href":"https:\/\/inhidestore.com\/sv\/wp-json\/wp\/v2\/comments?post=366"}],"version-history":[{"count":3,"href":"https:\/\/inhidestore.com\/sv\/wp-json\/wp\/v2\/pages\/366\/revisions"}],"predecessor-version":[{"id":2736,"href":"https:\/\/inhidestore.com\/sv\/wp-json\/wp\/v2\/pages\/366\/revisions\/2736"}],"wp:attachment":[{"href":"https:\/\/inhidestore.com\/sv\/wp-json\/wp\/v2\/media?parent=366"}],"curies":[{"name":"wp","href":"https:\/\/api.w.org\/{rel}","templated":true}]}}