{"id":168,"date":"2024-09-06T23:06:27","date_gmt":"2024-09-06T23:06:27","guid":{"rendered":"https:\/\/inhidestore.com\/?post_type=product&#038;p=168"},"modified":"2025-08-18T23:27:02","modified_gmt":"2025-08-18T23:27:02","slug":"inhide-inspirerad-ncr-ranger-cosplay-duster-trenchcoat-i-mocka","status":"publish","type":"product","link":"https:\/\/inhidestore.com\/sv\/shoppa\/herr\/kappor-rockar\/inhide-inspirerad-ncr-ranger-cosplay-duster-trenchcoat-i-mocka\/","title":{"rendered":"INHIDE Inspirerad av NCR Ranger Cosplay Duster-trenchcoat i mocka"},"content":{"rendered":"<p>G\u00f6r dig redo att k\u00e4nna det som om du klivit direkt ut ur \u00f6demarken med v\u00e5r INHIDE NCR Ranger Cosplay Duster Trench Coat. Allt handlar om att v\u00e4cka den legendariska NCR Ranger-k\u00e4nslan till liv!<\/p>\n<p>Den h\u00e4r kappan \u00e4r skapad med ett \u00f6ga f\u00f6r detaljer och s\u00e4tter verkligen den robusta, autentiska looken du letar efter. Vi har lagt ner v\u00e5r sj\u00e4l i varje s\u00f6m f\u00f6r att s\u00e4kerst\u00e4lla h\u00f6gsta kvalitet. Och n\u00e4r det g\u00e4ller materialet \u2013 vi pratar \u00e4kta premiummocka av f\u00e5rskinn, s\u00e5 du vet att det \u00e4r \u00e4kta vara. Mjuk att ta p\u00e5, men tillr\u00e4ckligt slitstark f\u00f6r att klara allt vad \u00f6demarken \u00e4n bjuder p\u00e5.<\/p>\n<p>Oavsett om du laddar upp f\u00f6r ett cosplay-event eller bara vill rocka en riktigt cool stil, s\u00e5 \u00e4r den h\u00e4r kappan det perfekta valet. Det \u00e4r ett plagg som drar blickarna till sig och v\u00e4cker intresse. S\u00e5 vars\u00e5god, bejaka din inre \u00f6demarkskrigare med v\u00e5r NCR Ranger Cosplay Duster Trench Coat fr\u00e5n INHIDE.<\/p>\n<p>F\u00e4rg: Camelbrun<\/p>","protected":false},"excerpt":{"rendered":"<p>Get ready to feel like you&#8217;ve stepped straight out of the wasteland with our INHIDE NCR Ranger Cosplay Duster Trench [&hellip;]<\/p>","protected":false},"featured_media":120,"comment_status":"open","ping_status":"closed","template":"","meta":{"site-sidebar-layout":"default","site-content-layout":"","ast-site-content-layout":"default","site-content-style":"default","site-sidebar-style":"default","ast-global-header-display":"","ast-banner-title-visibility":"","ast-main-header-display":"","ast-hfb-above-header-display":"","ast-hfb-below-header-display":"","ast-hfb-mobile-header-display":"","site-post-title":"","ast-breadcrumbs-content":"","ast-featured-img":"","footer-sml-layout":"","theme-transparent-header-meta":"default","adv-header-id-meta":"","stick-header-meta":"","header-above-stick-meta":"","header-main-stick-meta":"","header-below-stick-meta":"","astra-migrate-meta-layouts":"set","ast-page-background-enabled":"default","ast-page-background-meta":{"desktop":{"background-color":"var(--ast-global-color-4)","background-image":"","background-repeat":"repeat","background-position":"center center","background-size":"auto","background-attachment":"scroll","background-type":"","background-media":"","overlay-type":"","overlay-color":"","overlay-opacity":"","overlay-gradient":""},"tablet":{"background-color":"","background-image":"","background-repeat":"repeat","background-position":"center center","background-size":"auto","background-attachment":"scroll","background-type":"","background-media":"","overlay-type":"","overlay-color":"","overlay-opacity":"","overlay-gradient":""},"mobile":{"background-color":"","background-image":"","background-repeat":"repeat","background-position":"center center","background-size":"auto","background-attachment":"scroll","background-type":"","background-media":"","overlay-type":"","overlay-color":"","overlay-opacity":"","overlay-gradient":""}},"ast-content-background-meta":{"desktop":{"background-color":"var(--ast-global-color-5)","background-image":"","background-repeat":"repeat","background-position":"center center","background-size":"auto","background-attachment":"scroll","background-type":"","background-media":"","overlay-type":"","overlay-color":"","overlay-opacity":"","overlay-gradient":""},"tablet":{"background-color":"var(--ast-global-color-5)","background-image":"","background-repeat":"repeat","background-position":"center center","background-size":"auto","background-attachment":"scroll","background-type":"","background-media":"","overlay-type":"","overlay-color":"","overlay-opacity":"","overlay-gradient":""},"mobile":{"background-color":"var(--ast-global-color-5)","background-image":"","background-repeat":"repeat","background-position":"center center","background-size":"auto","background-attachment":"scroll","background-type":"","background-media":"","overlay-type":"","overlay-color":"","overlay-opacity":"","overlay-gradient":""}}},"product_brand":[],"product_cat":[17,18],"product_tag":[],"class_list":{"0":"post-168","1":"product","2":"type-product","3":"status-publish","4":"has-post-thumbnail","6":"product_cat-men","7":"product_cat-coats","8":"desktop-align-left","9":"tablet-align-left","10":"mobile-align-left","12":"first","13":"instock","14":"shipping-taxable","15":"purchasable","16":"product-type-variable"},"_links":{"self":[{"href":"https:\/\/inhidestore.com\/sv\/wp-json\/wp\/v2\/product\/168","targetHints":{"allow":["GET"]}}],"collection":[{"href":"https:\/\/inhidestore.com\/sv\/wp-json\/wp\/v2\/product"}],"about":[{"href":"https:\/\/inhidestore.com\/sv\/wp-json\/wp\/v2\/types\/product"}],"replies":[{"embeddable":true,"href":"https:\/\/inhidestore.com\/sv\/wp-json\/wp\/v2\/comments?post=168"}],"version-history":[{"count":3,"href":"https:\/\/inhidestore.com\/sv\/wp-json\/wp\/v2\/product\/168\/revisions"}],"predecessor-version":[{"id":3130,"href":"https:\/\/inhidestore.com\/sv\/wp-json\/wp\/v2\/product\/168\/revisions\/3130"}],"wp:featuredmedia":[{"embeddable":true,"href":"https:\/\/inhidestore.com\/sv\/wp-json\/wp\/v2\/media\/120"}],"wp:attachment":[{"href":"https:\/\/inhidestore.com\/sv\/wp-json\/wp\/v2\/media?parent=168"}],"wp:term":[{"taxonomy":"product_brand","embeddable":true,"href":"https:\/\/inhidestore.com\/sv\/wp-json\/wp\/v2\/product_brand?post=168"},{"taxonomy":"product_cat","embeddable":true,"href":"https:\/\/inhidestore.com\/sv\/wp-json\/wp\/v2\/product_cat?post=168"},{"taxonomy":"product_tag","embeddable":true,"href":"https:\/\/inhidestore.com\/sv\/wp-json\/wp\/v2\/product_tag?post=168"}],"curies":[{"name":"wp","href":"https:\/\/api.w.org\/{rel}","templated":true}]}}