{"id":497,"date":"2024-11-24T00:33:17","date_gmt":"2024-11-24T00:33:17","guid":{"rendered":"https:\/\/inhidestore.com\/?post_type=product&#038;p=497"},"modified":"2025-08-18T23:13:47","modified_gmt":"2025-08-18T23:13:47","slug":"inhide-nova-bomberjacka-i-premiumlader-for-herr","status":"publish","type":"product","link":"https:\/\/inhidestore.com\/sv\/shoppa\/herr\/skinnjackorforherr\/inhide-nova-bomberjacka-i-premiumlader-for-herr\/","title":{"rendered":"INHIDE Nova Bomberjacka i premiuml\u00e4der f\u00f6r m\u00e4n"},"content":{"rendered":"<div class=\"product-description\" style=\"font-family: Helvetica, Arial, sans-serif;\">\n<p>INHIDE Nova bomberjacka f\u00f6r m\u00e4n \u00e4r ett enast\u00e5ende plagg som omdefinierar vad en l\u00e4derjacka kan vara. H\u00e4r \u00e4r varf\u00f6r den \u00e4r jackan du dr\u00f6mt om:<\/p>\n<p><strong>Mjukt premiuml\u00e4der:<\/strong> Svep in dig i lyxen av 100% f\u00e5rskinnsl\u00e4der som \u00e4r s\u00e5 mjukt att du gl\u00f6mmer att du har en l\u00e4derjacka p\u00e5 dig. Den \u00e4r designad f\u00f6r att anpassa sig efter din kropp och blir mer personlig f\u00f6r varje g\u00e5ng du b\u00e4r den.<\/p>\n<p><strong>Kontrast i marinbl\u00e5tt och vitt:<\/strong> Nova har en sl\u00e5ende marinbl\u00e5 kropp kombinerad med vita \u00e4rmar, vilket ger en skarp kontrast som garanterat kommer att dra blickarna till sig. Denna f\u00e4rgkombination \u00e4r lika m\u00e5ngsidig som den \u00e4r i\u00f6gonfallande, perfekt f\u00f6r alla \u00e5rstider.<\/p>\n<p><strong>Byggd f\u00f6r att h\u00e5lla:<\/strong> Tuff nog f\u00f6r en spontan roadtrip, men \u00e4nd\u00e5 elegant nog f\u00f6r en utekv\u00e4ll \u2013 Novas h\u00f6gkvalitativa konstruktion s\u00e4kerst\u00e4ller att den klarar vardagens p\u00e5frestningar. Med en livsl\u00e4ngd p\u00e5 10\u201315 \u00e5r \u00e4r den en f\u00f6ljeslagare f\u00f6r l\u00e5ng tid fram\u00f6ver.<\/p>\n<p><strong>Perfekt passform, garanterat:<\/strong> Konstruerad f\u00f6r en felfri passform eliminerar Nova den vanliga klumpigheten hos bomberjackor. Den \u00e4r skuren f\u00f6r att smickra, inte f\u00f6r att k\u00e4nnas klumpig, vilket s\u00e4kerst\u00e4ller att du ser bra ut och m\u00e5r bra.<\/p>\n<p><strong>Anv\u00e4ndbar \u00e5ret runt:<\/strong> Oavsett om det \u00e4r den friska v\u00e5rbrisen eller den krispiga h\u00f6stluften \u00e4r Nova din sj\u00e4lvklara jacka. Dess andningsbara l\u00e4der g\u00f6r den idealisk f\u00f6r varmare dagar, medan dess f\u00f6rm\u00e5ga att b\u00e4ras i lager g\u00f6r den lika l\u00e4mplig f\u00f6r kallare tider.<\/p>\n<p>Kort sagt \u00e4r INHIDE Nova inte bara \u00e4nnu en jacka; det \u00e4r en livsstilsf\u00f6rb\u00e4ttring. Det \u00e4r den perfekta fusionen av modern design, premiummaterial och oklanderlig passform. Redo att g\u00f6ra ett intryck? Nova v\u00e4ntar p\u00e5 dig.<\/p>\n<p>F\u00e4rg: Marinbl\u00e5 &amp; Vit<\/p>\n<\/div>","protected":false},"excerpt":{"rendered":"<p>The INHIDE Nova Men\u2019s Bomber Jacket is a standout piece that redefines the leather jacket game. Here\u2019s why it\u2019s the [&hellip;]<\/p>","protected":false},"featured_media":145,"comment_status":"open","ping_status":"closed","template":"","meta":{"site-sidebar-layout":"default","site-content-layout":"","ast-site-content-layout":"default","site-content-style":"default","site-sidebar-style":"default","ast-global-header-display":"","ast-banner-title-visibility":"","ast-main-header-display":"","ast-hfb-above-header-display":"","ast-hfb-below-header-display":"","ast-hfb-mobile-header-display":"","site-post-title":"","ast-breadcrumbs-content":"","ast-featured-img":"","footer-sml-layout":"","theme-transparent-header-meta":"default","adv-header-id-meta":"","stick-header-meta":"","header-above-stick-meta":"","header-main-stick-meta":"","header-below-stick-meta":"","astra-migrate-meta-layouts":"set","ast-page-background-enabled":"default","ast-page-background-meta":{"desktop":{"background-color":"var(--ast-global-color-4)","background-image":"","background-repeat":"repeat","background-position":"center center","background-size":"auto","background-attachment":"scroll","background-type":"","background-media":"","overlay-type":"","overlay-color":"","overlay-opacity":"","overlay-gradient":""},"tablet":{"background-color":"","background-image":"","background-repeat":"repeat","background-position":"center center","background-size":"auto","background-attachment":"scroll","background-type":"","background-media":"","overlay-type":"","overlay-color":"","overlay-opacity":"","overlay-gradient":""},"mobile":{"background-color":"","background-image":"","background-repeat":"repeat","background-position":"center center","background-size":"auto","background-attachment":"scroll","background-type":"","background-media":"","overlay-type":"","overlay-color":"","overlay-opacity":"","overlay-gradient":""}},"ast-content-background-meta":{"desktop":{"background-color":"var(--ast-global-color-5)","background-image":"","background-repeat":"repeat","background-position":"center center","background-size":"auto","background-attachment":"scroll","background-type":"","background-media":"","overlay-type":"","overlay-color":"","overlay-opacity":"","overlay-gradient":""},"tablet":{"background-color":"var(--ast-global-color-5)","background-image":"","background-repeat":"repeat","background-position":"center center","background-size":"auto","background-attachment":"scroll","background-type":"","background-media":"","overlay-type":"","overlay-color":"","overlay-opacity":"","overlay-gradient":""},"mobile":{"background-color":"var(--ast-global-color-5)","background-image":"","background-repeat":"repeat","background-position":"center center","background-size":"auto","background-attachment":"scroll","background-type":"","background-media":"","overlay-type":"","overlay-color":"","overlay-opacity":"","overlay-gradient":""}}},"product_brand":[],"product_cat":[34],"product_tag":[],"class_list":{"0":"post-497","1":"product","2":"type-product","3":"status-publish","4":"has-post-thumbnail","6":"product_cat-leatherjacketformen","7":"desktop-align-left","8":"tablet-align-left","9":"mobile-align-left","11":"first","12":"instock","13":"shipping-taxable","14":"purchasable","15":"product-type-variable"},"_links":{"self":[{"href":"https:\/\/inhidestore.com\/sv\/wp-json\/wp\/v2\/product\/497","targetHints":{"allow":["GET"]}}],"collection":[{"href":"https:\/\/inhidestore.com\/sv\/wp-json\/wp\/v2\/product"}],"about":[{"href":"https:\/\/inhidestore.com\/sv\/wp-json\/wp\/v2\/types\/product"}],"replies":[{"embeddable":true,"href":"https:\/\/inhidestore.com\/sv\/wp-json\/wp\/v2\/comments?post=497"}],"version-history":[{"count":4,"href":"https:\/\/inhidestore.com\/sv\/wp-json\/wp\/v2\/product\/497\/revisions"}],"predecessor-version":[{"id":2702,"href":"https:\/\/inhidestore.com\/sv\/wp-json\/wp\/v2\/product\/497\/revisions\/2702"}],"wp:featuredmedia":[{"embeddable":true,"href":"https:\/\/inhidestore.com\/sv\/wp-json\/wp\/v2\/media\/145"}],"wp:attachment":[{"href":"https:\/\/inhidestore.com\/sv\/wp-json\/wp\/v2\/media?parent=497"}],"wp:term":[{"taxonomy":"product_brand","embeddable":true,"href":"https:\/\/inhidestore.com\/sv\/wp-json\/wp\/v2\/product_brand?post=497"},{"taxonomy":"product_cat","embeddable":true,"href":"https:\/\/inhidestore.com\/sv\/wp-json\/wp\/v2\/product_cat?post=497"},{"taxonomy":"product_tag","embeddable":true,"href":"https:\/\/inhidestore.com\/sv\/wp-json\/wp\/v2\/product_tag?post=497"}],"curies":[{"name":"wp","href":"https:\/\/api.w.org\/{rel}","templated":true}]}}