{"id":521,"date":"2024-11-24T00:33:17","date_gmt":"2024-11-24T00:33:17","guid":{"rendered":"https:\/\/inhidestore.com\/?post_type=product&#038;p=521"},"modified":"2025-08-18T23:11:28","modified_gmt":"2025-08-18T23:11:28","slug":"inhide-sleekedge-premium-mockajacka-for-herr-8","status":"publish","type":"product","link":"https:\/\/inhidestore.com\/sv\/shoppa\/herr\/skinnjackorforherr\/inhide-sleekedge-premium-mockajacka-for-herr-8\/","title":{"rendered":"INHIDE SleekEdge Premium Jacka i Mockal\u00e4der f\u00f6r Herr"},"content":{"rendered":"<div class=\"product-description\" style=\"font-family: Helvetica, Arial, sans-serif;\">\n<p>M\u00f6t INHIDE SleekEdge: Inte bara en skinnjacka, utan ett statementplagg som garanterat blir din trogna f\u00f6ljeslagare i m\u00e5nga \u00e5r fram\u00f6ver. Vi pratar ett decennium eller mer av stil \u2013 den h\u00e4r pj\u00e4sen \u00e4r byggd f\u00f6r att h\u00e5lla med en livsl\u00e4ngd p\u00e5 10\u201315 \u00e5r. H\u00e4r \u00e4r vad som g\u00e4ller:<\/p>\n<p><strong>L\u00e4der av finaste kvalitet:<\/strong> N\u00e4r vi s\u00e4ger 100% rent f\u00e5rskinn, menar vi den finaste kvalitet du kan hitta. Det \u00e4r den typen av mocka som viskar lyx och skriker h\u00e5llbarhet. Den \u00e4r inte bara bra; den \u00e4r b\u00e4st.<\/p>\n<p><strong>Hantverksskicklighet:<\/strong> Det h\u00e4r \u00e4r ingen vanlig jacka. Den \u00e4r ett resultat av passion, precision och lite av den d\u00e4r INHIDE-magin. Mockak\u00e4nslan \u00e4r lika lyxig som den \u00e4r slitstark, tack vare det premiumf\u00e5rskinn som bara blir b\u00e4ttre med tiden.<\/p>\n<p><strong>F\u00e4rg:<\/strong> Marinbl\u00e5 \u2013 f\u00f6r att klassiskt aldrig g\u00e5r ur tiden. Det \u00e4r den typen av f\u00e4rg som f\u00e5r folk att v\u00e4nda sig om och startar samtal.<\/p>\n<p><strong>Detaljer:<\/strong> Vi h\u00f6jer ribban med dragkedjor och knappar av toppkvalitet. De \u00e4r inte bara snygga; de \u00e4r robusta.<\/p>\n<p><strong>M\u00e5ngsidighet:<\/strong> Biker-k\u00e4nsla? Absolut. Men begr\u00e4nsa den inte \u2014 den h\u00e4r jackan \u00e4r en riktig allround-favorit. Oavsett om det \u00e4r en kylig kv\u00e4ll eller en bl\u00e5sig dag, \u00e4r den din sj\u00e4lvklara f\u00f6ljeslagare f\u00f6r alla s\u00e4songer.<\/p>\n<p><strong>Perfekt passform:<\/strong> Skr\u00e4ddarsydd f\u00f6r att sticka ut fr\u00e5n m\u00e4ngden, lovar SleekEdge en passform som k\u00e4nns skr\u00e4ddarsydd. F\u00f6r n\u00e4r det kommer till skinnjackor, g\u00f6r r\u00e4tt passform hela skillnaden. Den sitter \u00e5t d\u00e4r den ska, \u00e4r avslappnad d\u00e4r du vill ha den, och helt enkelt fantastisk.<\/p>\n<p>S\u00e5, oavsett om du \u00e4r ute p\u00e5 v\u00e4garna eller bara p\u00e5 stan, \u00e4r INHIDE SleekEdge din perfekta partner in crime. Det \u00e4r inte bara en jacka; det \u00e4r en resa. Redo f\u00f6r \u00e4ventyr?<\/p>\n<\/div>","protected":false},"excerpt":{"rendered":"<p>Meet the INHIDE SleekEdge: Not just a leather jacket, but a statement piece that\u2019s bound to become your trusty sidekick [&hellip;]<\/p>","protected":false},"featured_media":142,"comment_status":"open","ping_status":"closed","template":"","meta":{"site-sidebar-layout":"default","site-content-layout":"","ast-site-content-layout":"default","site-content-style":"default","site-sidebar-style":"default","ast-global-header-display":"","ast-banner-title-visibility":"","ast-main-header-display":"","ast-hfb-above-header-display":"","ast-hfb-below-header-display":"","ast-hfb-mobile-header-display":"","site-post-title":"","ast-breadcrumbs-content":"","ast-featured-img":"","footer-sml-layout":"","theme-transparent-header-meta":"default","adv-header-id-meta":"","stick-header-meta":"","header-above-stick-meta":"","header-main-stick-meta":"","header-below-stick-meta":"","astra-migrate-meta-layouts":"set","ast-page-background-enabled":"default","ast-page-background-meta":{"desktop":{"background-color":"var(--ast-global-color-4)","background-image":"","background-repeat":"repeat","background-position":"center center","background-size":"auto","background-attachment":"scroll","background-type":"","background-media":"","overlay-type":"","overlay-color":"","overlay-opacity":"","overlay-gradient":""},"tablet":{"background-color":"","background-image":"","background-repeat":"repeat","background-position":"center center","background-size":"auto","background-attachment":"scroll","background-type":"","background-media":"","overlay-type":"","overlay-color":"","overlay-opacity":"","overlay-gradient":""},"mobile":{"background-color":"","background-image":"","background-repeat":"repeat","background-position":"center center","background-size":"auto","background-attachment":"scroll","background-type":"","background-media":"","overlay-type":"","overlay-color":"","overlay-opacity":"","overlay-gradient":""}},"ast-content-background-meta":{"desktop":{"background-color":"var(--ast-global-color-5)","background-image":"","background-repeat":"repeat","background-position":"center center","background-size":"auto","background-attachment":"scroll","background-type":"","background-media":"","overlay-type":"","overlay-color":"","overlay-opacity":"","overlay-gradient":""},"tablet":{"background-color":"var(--ast-global-color-5)","background-image":"","background-repeat":"repeat","background-position":"center center","background-size":"auto","background-attachment":"scroll","background-type":"","background-media":"","overlay-type":"","overlay-color":"","overlay-opacity":"","overlay-gradient":""},"mobile":{"background-color":"var(--ast-global-color-5)","background-image":"","background-repeat":"repeat","background-position":"center center","background-size":"auto","background-attachment":"scroll","background-type":"","background-media":"","overlay-type":"","overlay-color":"","overlay-opacity":"","overlay-gradient":""}}},"product_brand":[],"product_cat":[34],"product_tag":[],"class_list":{"0":"post-521","1":"product","2":"type-product","3":"status-publish","4":"has-post-thumbnail","6":"product_cat-leatherjacketformen","7":"desktop-align-left","8":"tablet-align-left","9":"mobile-align-left","11":"first","12":"instock","13":"shipping-taxable","14":"purchasable","15":"product-type-variable"},"_links":{"self":[{"href":"https:\/\/inhidestore.com\/sv\/wp-json\/wp\/v2\/product\/521","targetHints":{"allow":["GET"]}}],"collection":[{"href":"https:\/\/inhidestore.com\/sv\/wp-json\/wp\/v2\/product"}],"about":[{"href":"https:\/\/inhidestore.com\/sv\/wp-json\/wp\/v2\/types\/product"}],"replies":[{"embeddable":true,"href":"https:\/\/inhidestore.com\/sv\/wp-json\/wp\/v2\/comments?post=521"}],"version-history":[{"count":2,"href":"https:\/\/inhidestore.com\/sv\/wp-json\/wp\/v2\/product\/521\/revisions"}],"predecessor-version":[{"id":2698,"href":"https:\/\/inhidestore.com\/sv\/wp-json\/wp\/v2\/product\/521\/revisions\/2698"}],"wp:featuredmedia":[{"embeddable":true,"href":"https:\/\/inhidestore.com\/sv\/wp-json\/wp\/v2\/media\/142"}],"wp:attachment":[{"href":"https:\/\/inhidestore.com\/sv\/wp-json\/wp\/v2\/media?parent=521"}],"wp:term":[{"taxonomy":"product_brand","embeddable":true,"href":"https:\/\/inhidestore.com\/sv\/wp-json\/wp\/v2\/product_brand?post=521"},{"taxonomy":"product_cat","embeddable":true,"href":"https:\/\/inhidestore.com\/sv\/wp-json\/wp\/v2\/product_cat?post=521"},{"taxonomy":"product_tag","embeddable":true,"href":"https:\/\/inhidestore.com\/sv\/wp-json\/wp\/v2\/product_tag?post=521"}],"curies":[{"name":"wp","href":"https:\/\/api.w.org\/{rel}","templated":true}]}}