{"id":533,"date":"2024-11-24T00:33:20","date_gmt":"2024-11-24T00:33:20","guid":{"rendered":"https:\/\/inhidestore.com\/?post_type=product&#038;p=533"},"modified":"2025-08-18T23:08:16","modified_gmt":"2025-08-18T23:08:16","slug":"inhide-roxy-premiumskinnjacka-for-dam","status":"publish","type":"product","link":"https:\/\/inhidestore.com\/sv\/shoppa\/dam\/skinnjacka-for-dam\/inhide-roxy-premiumskinnjacka-for-dam\/","title":{"rendered":"INHIDE Roxy Premium L\u00e4derjacka f\u00f6r dam"},"content":{"rendered":"<p style=\"font-family: Helvetica, Arial, sans-serif;\">M\u00f6t INHIDE Roxy, en svart skinnjacka f\u00f6r dam som \u00e4r en perfekt blandning av lyx och uppror. Tillverkad av sm\u00f6rmjukt, 100% rent och premium f\u00e5rskinn \u2013 den \u00e4r s\u00e5 mjuk att du n\u00e4stan vill \u00e4ta upp den! Den k\u00e4nns som en andra hud. Den djupsvarta f\u00e4rgen \u00e4r lika m\u00f6rk som natten, accentuerad av knappar och dragkedjor i gunmetal.<\/p>\n<p style=\"font-family: Helvetica, Arial, sans-serif;\">Det h\u00e4r \u00e4r ingen vanlig jacka; det \u00e4r ett tidl\u00f6st plagg byggt f\u00f6r att vara din modekompis i \u00f6ver ett decennium. Den \u00e4r perfekt att sl\u00e4nga p\u00e5 sig \u00f6ver en sommarkl\u00e4nning f\u00f6r en sval kv\u00e4ll ute, eller att b\u00e4ra i lager mot vintervindar. K\u00e4nner du dig \u00e4ventyrlig? Roxy fungerar \u00e4ven som en fantastisk bikerjacka, vilket g\u00f6r dig till den chicaste rebellen p\u00e5 tv\u00e5 hjul.<\/p>\n<p style=\"font-family: Helvetica, Arial, sans-serif;\">S\u00e5 g\u00f6r dig redo att v\u00e4nda blickar med INHIDE. Det \u00e4r d\u00e4r elegans m\u00f6ter attityd.<\/p>\n<p style=\"font-family: Helvetica, Arial, sans-serif;\">F\u00e4rg: Svart<\/p>","protected":false},"excerpt":{"rendered":"<p>Introducing the INHIDE Roxy, a Black leather jacket for women that\u2019s a perfect blend of luxury and rebellion. Made from [&hellip;]<\/p>","protected":false},"featured_media":164,"comment_status":"open","ping_status":"closed","template":"","meta":{"site-sidebar-layout":"default","site-content-layout":"","ast-site-content-layout":"default","site-content-style":"default","site-sidebar-style":"default","ast-global-header-display":"","ast-banner-title-visibility":"","ast-main-header-display":"","ast-hfb-above-header-display":"","ast-hfb-below-header-display":"","ast-hfb-mobile-header-display":"","site-post-title":"","ast-breadcrumbs-content":"","ast-featured-img":"","footer-sml-layout":"","theme-transparent-header-meta":"default","adv-header-id-meta":"","stick-header-meta":"","header-above-stick-meta":"","header-main-stick-meta":"","header-below-stick-meta":"","astra-migrate-meta-layouts":"set","ast-page-background-enabled":"default","ast-page-background-meta":{"desktop":{"background-color":"var(--ast-global-color-4)","background-image":"","background-repeat":"repeat","background-position":"center center","background-size":"auto","background-attachment":"scroll","background-type":"","background-media":"","overlay-type":"","overlay-color":"","overlay-opacity":"","overlay-gradient":""},"tablet":{"background-color":"","background-image":"","background-repeat":"repeat","background-position":"center center","background-size":"auto","background-attachment":"scroll","background-type":"","background-media":"","overlay-type":"","overlay-color":"","overlay-opacity":"","overlay-gradient":""},"mobile":{"background-color":"","background-image":"","background-repeat":"repeat","background-position":"center center","background-size":"auto","background-attachment":"scroll","background-type":"","background-media":"","overlay-type":"","overlay-color":"","overlay-opacity":"","overlay-gradient":""}},"ast-content-background-meta":{"desktop":{"background-color":"var(--ast-global-color-5)","background-image":"","background-repeat":"repeat","background-position":"center center","background-size":"auto","background-attachment":"scroll","background-type":"","background-media":"","overlay-type":"","overlay-color":"","overlay-opacity":"","overlay-gradient":""},"tablet":{"background-color":"var(--ast-global-color-5)","background-image":"","background-repeat":"repeat","background-position":"center center","background-size":"auto","background-attachment":"scroll","background-type":"","background-media":"","overlay-type":"","overlay-color":"","overlay-opacity":"","overlay-gradient":""},"mobile":{"background-color":"var(--ast-global-color-5)","background-image":"","background-repeat":"repeat","background-position":"center center","background-size":"auto","background-attachment":"scroll","background-type":"","background-media":"","overlay-type":"","overlay-color":"","overlay-opacity":"","overlay-gradient":""}}},"product_brand":[],"product_cat":[37],"product_tag":[],"class_list":{"0":"post-533","1":"product","2":"type-product","3":"status-publish","4":"has-post-thumbnail","6":"product_cat-leatherjacketforwomen","7":"desktop-align-left","8":"tablet-align-left","9":"mobile-align-left","11":"first","12":"instock","13":"shipping-taxable","14":"purchasable","15":"product-type-variable"},"_links":{"self":[{"href":"https:\/\/inhidestore.com\/sv\/wp-json\/wp\/v2\/product\/533","targetHints":{"allow":["GET"]}}],"collection":[{"href":"https:\/\/inhidestore.com\/sv\/wp-json\/wp\/v2\/product"}],"about":[{"href":"https:\/\/inhidestore.com\/sv\/wp-json\/wp\/v2\/types\/product"}],"replies":[{"embeddable":true,"href":"https:\/\/inhidestore.com\/sv\/wp-json\/wp\/v2\/comments?post=533"}],"version-history":[{"count":3,"href":"https:\/\/inhidestore.com\/sv\/wp-json\/wp\/v2\/product\/533\/revisions"}],"predecessor-version":[{"id":2692,"href":"https:\/\/inhidestore.com\/sv\/wp-json\/wp\/v2\/product\/533\/revisions\/2692"}],"wp:featuredmedia":[{"embeddable":true,"href":"https:\/\/inhidestore.com\/sv\/wp-json\/wp\/v2\/media\/164"}],"wp:attachment":[{"href":"https:\/\/inhidestore.com\/sv\/wp-json\/wp\/v2\/media?parent=533"}],"wp:term":[{"taxonomy":"product_brand","embeddable":true,"href":"https:\/\/inhidestore.com\/sv\/wp-json\/wp\/v2\/product_brand?post=533"},{"taxonomy":"product_cat","embeddable":true,"href":"https:\/\/inhidestore.com\/sv\/wp-json\/wp\/v2\/product_cat?post=533"},{"taxonomy":"product_tag","embeddable":true,"href":"https:\/\/inhidestore.com\/sv\/wp-json\/wp\/v2\/product_tag?post=533"}],"curies":[{"name":"wp","href":"https:\/\/api.w.org\/{rel}","templated":true}]}}