{"id":10,"date":"2025-01-21T23:27:18","date_gmt":"2025-01-21T23:27:18","guid":{"rendered":"http:\/\/inhidestore.com\/?page_id=10"},"modified":"2025-01-25T23:27:14","modified_gmt":"2025-01-25T23:27:14","slug":"refund_returns","status":"publish","type":"page","link":"https:\/\/inhidestore.com\/tr\/refund_returns\/","title":{"rendered":"\u0130ade ve Geri \u00d6deme Politikas\u0131"},"content":{"rendered":"<div data-elementor-type=\"wp-page\" data-elementor-id=\"10\" class=\"elementor elementor-10\">\n\t\t\t\t<div class=\"elementor-element elementor-element-5aa6f187 e-flex e-con-boxed e-con e-parent\" data-id=\"5aa6f187\" data-element_type=\"container\">\n\t\t\t\t\t<div class=\"e-con-inner\">\n\t\t\t\t<div class=\"elementor-element elementor-element-fb9ab1b elementor-widget elementor-widget-text-editor\" data-id=\"fb9ab1b\" data-element_type=\"widget\" data-widget_type=\"text-editor.default\">\n\t\t\t\t<div class=\"elementor-widget-container\">\n\t\t\t\t\t\t\t\t\t\n<p>Inhide olarak, memnuniyetinize de\u011fer veriyor ve sorunsuz bir al\u0131\u015fveri\u015f deneyimi sa\u011flamak i\u00e7in \u00e7al\u0131\u015f\u0131yoruz. Al\u0131\u015fveri\u015fleriniz i\u00e7in ge\u00e7erli ko\u015fullar\u0131 anlamak ad\u0131na l\u00fctfen detayl\u0131 iade ve geri \u00f6deme politikam\u0131z\u0131 dikkatlice okuyun.<\/p>\n<hr class=\"wp-block-separator has-alpha-channel-opacity\" \/>\n<h3 class=\"wp-block-heading\"><strong>1. De\u011fi\u015fim Politikas\u0131<\/strong><\/h3>\n\n<p>A\u015fa\u011f\u0131daki ko\u015fullar alt\u0131nda <strong>sorunsuz 14 g\u00fcnl\u00fck de\u011fi\u015fim garantisi<\/strong> sunuyoruz:<\/p>\n\n<ul class=\"wp-block-list\">\n<li><strong>Beden Uyu\u015fmazl\u0131klar\u0131<\/strong>: Gelen \u00fcr\u00fcn sipari\u015f edilen bedenle uyu\u015fmuyorsa.<\/li>\n\n<li><strong>\u015eirket Hatalar\u0131<\/strong>: Yanl\u0131\u015f \u00fcr\u00fcn g\u00f6nderildiyse veya \u00fcr\u00fcn a\u00e7\u0131klamas\u0131 uyu\u015fmuyorsa.<\/li>\n\n<li><strong>\u00dcr\u00fcn Kusurlar\u0131<\/strong>: \u00dcr\u00fcn teslimat an\u0131nda hasarl\u0131 veya kusurlu ise.<\/li>\n<\/ul>\n\n<h4 class=\"wp-block-heading\"><strong>\u00dccretsiz De\u011fi\u015fim<\/strong>:<\/h4>\n\n<p>Yukar\u0131daki durumlarda, de\u011fi\u015fimler \u00fccretsizdir. T\u00fcm kargo masraflar\u0131n\u0131 biz kar\u015f\u0131layaca\u011f\u0131z.<\/p>\n\n<h4 class=\"wp-block-heading\"><strong>M\u00fc\u015fteri Hatalar\u0131<\/strong>:<\/h4>\n\n<p>De\u011fi\u015fim, yanl\u0131\u015f beden se\u00e7imi veya sipari\u015f s\u00fcrecinde yap\u0131lan ba\u015fka bir hata nedeniyle isteniyorsa:<\/p>\n\n<ul class=\"wp-block-list\">\n<li>\u0130ade ve de\u011fi\u015fim kargo masraflar\u0131 m\u00fc\u015fteriye ait olacakt\u0131r.<\/li>\n<\/ul>\n<hr class=\"wp-block-separator has-alpha-channel-opacity\" \/>\n<h3 class=\"wp-block-heading\"><strong>2. Geri \u00d6deme Politikas\u0131<\/strong><\/h3>\n\n<p>Geri \u00f6demeler a\u015fa\u011f\u0131daki ko\u015fullar alt\u0131nda yap\u0131lmaktad\u0131r:<\/p>\n\n<ul class=\"wp-block-list\">\n<li>\u00dcr\u00fcnler orijinal durumunda, kullan\u0131lmam\u0131\u015f ve t\u00fcm orijinal etiketleri ve ambalaj\u0131 bozulmam\u0131\u015f olarak iade edilmelidir.<\/li>\n\n<li>Geri \u00f6deme talepleri, \u00fcr\u00fcn\u00fcn teslim al\u0131nmas\u0131ndan itibaren <strong>14 g\u00fcn i\u00e7inde<\/strong> ba\u015flat\u0131lmal\u0131d\u0131r.<\/li>\n<\/ul>\n\n<h4 class=\"wp-block-heading\"><strong>Yeniden Stoklama \u00dccreti<\/strong>:<\/h4>\n\n<ul class=\"wp-block-list\">\n<li>A <strong>% yeniden stoklama \u00fccreti<\/strong> m\u00fc\u015fteri hatalar\u0131 (\u00f6rne\u011fin yanl\u0131\u015f beden se\u00e7imi veya fikir de\u011fi\u015fikli\u011fi) nedeniyle talep edilen geri \u00f6demelerde uygulanacakt\u0131r.<\/li>\n\n<li>Yeniden stoklama \u00fccreti, Inhide'dan kaynaklanan hatalarda uygulanmaz.<\/li>\n<\/ul>\n\n<h4 class=\"wp-block-heading\"><strong>\u0130ade Edilemez Durumlar<\/strong>:<\/h4>\n\n<ul class=\"wp-block-list\">\n<li>Ki\u015fiselle\u015ftirilmi\u015f veya \u00f6zel \u00fcretim \u00fcr\u00fcnler (\u00f6rne\u011fin \u00f6zel tasar\u0131m deri ceketler).<\/li>\n\n<li>M\u00fc\u015fteri taraf\u0131ndan kullan\u0131ld\u0131\u011f\u0131na, hasar g\u00f6rd\u00fc\u011f\u00fcne veya \u00fczerinde de\u011fi\u015fiklik yap\u0131ld\u0131\u011f\u0131na dair belirtiler g\u00f6steren \u00fcr\u00fcnler.<\/li>\n\n<li>14 g\u00fcnl\u00fck s\u00fcrenin ard\u0131ndan iade edilen \u00fcr\u00fcnler.<\/li>\n<\/ul>\n<hr class=\"wp-block-separator has-alpha-channel-opacity\" \/>\n<h3 class=\"wp-block-heading\"><strong>3. \u0130ade S\u00fcreci<\/strong><\/h3>\n\n<p>\u0130ade ba\u015flatmak i\u00e7in l\u00fctfen a\u015fa\u011f\u0131daki ad\u0131mlar\u0131 izleyin:<\/p>\n\n<ol class=\"wp-block-list\">\n<li><strong>Bize Ula\u015f\u0131n<\/strong>: M\u00fc\u015fteri hizmetleri ekibimize e-posta g\u00f6nderin: <strong>customerservice@inhidestore.com<\/strong> veya web sitemizdeki <strong>Bize Ula\u015f\u0131n<\/strong> formu kullan\u0131n. Sipari\u015f numaran\u0131z\u0131, iade nedeninizi ve varsa ilgili foto\u011fraflar\u0131 belirtin.<\/li>\n\n<li><strong>Onay<\/strong>: \u0130ade talebiniz onayland\u0131ktan sonra, size detayl\u0131 iade talimatlar\u0131 ve (varsa) bir kargo etiketi g\u00f6nderece\u011fiz.<\/li>\n\n<li><strong>Paketleme<\/strong>: \u00dcr\u00fcn\u00fcn ta\u015f\u0131ma s\u0131ras\u0131nda zarar g\u00f6rmemesi i\u00e7in g\u00fcvenli bir \u015fekilde paketlendi\u011finden emin olun.<\/li>\n\n<li><strong>Kargo<\/strong>: \u00dcr\u00fcn\u00fc belirtilen adrese geri g\u00f6nderin.<\/li>\n<\/ol>\n<hr class=\"wp-block-separator has-alpha-channel-opacity\" \/>\n<h3 class=\"wp-block-heading\"><strong>4. Geri \u00d6deme S\u00fcresi<\/strong><\/h3>\n\n<ul class=\"wp-block-list\">\n<li>Geri \u00f6demeler, <strong>7-10 i\u015f g\u00fcn\u00fc i\u00e7inde<\/strong> iade edilen \u00fcr\u00fcn taraf\u0131m\u0131za ula\u015f\u0131p incelendikten sonra i\u015fleme al\u0131n\u0131r.<\/li>\n\n<li>Geri \u00f6deme, orijinal \u00f6deme y\u00f6nteminize yap\u0131lacakt\u0131r. Bankan\u0131za veya \u00f6deme sa\u011flay\u0131c\u0131n\u0131za ba\u011fl\u0131 olarak, hesab\u0131n\u0131za yans\u0131mas\u0131 ek s\u00fcre alabilir.<\/li>\n<\/ul>\n<hr class=\"wp-block-separator has-alpha-channel-opacity\" \/>\n<h3 class=\"wp-block-heading\"><strong>5. De\u011fi\u015fim Politikas\u0131<\/strong><\/h3>\n\n<p>Bir \u00fcr\u00fcn\u00fc farkl\u0131 bir beden veya tasar\u0131mla de\u011fi\u015ftirmek isterseniz:<\/p>\n\n<ul class=\"wp-block-list\">\n<li>De\u011fi\u015fimler stok durumuna ba\u011fl\u0131d\u0131r.<\/li>\n\n<li>Orijinal \u00fcr\u00fcn\u00fc, orijinal durumunda, \u00fcr\u00fcn\u00fcn teslim al\u0131nmas\u0131ndan itibaren <strong>14 g\u00fcn<\/strong>.<\/li>\n\n<li>De\u011fi\u015fimlerde kargo \u00fccreti, de\u011fi\u015fim nedenine ba\u011fl\u0131 olarak de\u011fi\u015fiklik g\u00f6sterecektir.<\/li>\n<\/ul>\n<hr class=\"wp-block-separator has-alpha-channel-opacity\" \/>\n<h3 class=\"wp-block-heading\"><strong>6. \u0130ade Kargo \u00dccretleri<\/strong><\/h3>\n\n<ul class=\"wp-block-list\">\n<li>M\u00fc\u015fteri kaynakl\u0131 hatalardan (\u00f6rn. yanl\u0131\u015f beden veya tercih) kaynaklanan iade veya de\u011fi\u015fim kargo \u00fccretleri m\u00fc\u015fteriye aittir.<\/li>\n\n<li>\u015eirketimizden kaynaklanan hatalarda ise t\u00fcm kargo \u00fccretleri taraf\u0131m\u0131zca kar\u015f\u0131lanacakt\u0131r.<\/li>\n<\/ul>\n<hr class=\"wp-block-separator has-alpha-channel-opacity\" \/>\n<h3 class=\"wp-block-heading\"><strong>7. \u0130ade Edilemeyen \u00dcr\u00fcnler<\/strong><\/h3>\n\n<p>A\u015fa\u011f\u0131daki \u00fcr\u00fcnlerin iadesi yap\u0131lamamaktad\u0131r:<\/p>\n\n<ul class=\"wp-block-list\">\n<li>Ki\u015fiselle\u015ftirilmi\u015f veya \u00f6zel \u00fcretim \u00fcr\u00fcnler.<\/li>\n\n<li>Hediye kartlar\u0131.<\/li>\n\n<li>\u0130ndirimli veya son sat\u0131\u015f kapsam\u0131nda sat\u0131n al\u0131nan \u00fcr\u00fcnler.<\/li>\n<\/ul>\n<hr class=\"wp-block-separator has-alpha-channel-opacity\" \/>\n<h3 class=\"wp-block-heading\"><strong>8. Hasarl\u0131 veya Kusurlu \u00dcr\u00fcnler<\/strong><\/h3>\n\n<p>\u00dcr\u00fcn\u00fcn\u00fcz hasarl\u0131 veya kusurlu ula\u015ft\u0131ysa:<\/p>\n\n<ul class=\"wp-block-list\">\n<li>\u00dcr\u00fcn\u00fc teslim ald\u0131ktan sonra <strong>48 saat i\u00e7inde<\/strong> bizimle ileti\u015fime ge\u00e7in.<\/li>\n\n<li>Hasar\u0131n foto\u011frafl\u0131 kan\u0131t\u0131n\u0131 sa\u011flay\u0131n.<\/li>\n\n<li>Ekstra hi\u00e7bir \u00fccret talep etmeden \u00fcr\u00fcn de\u011fi\u015fimi veya para iadesi ayarlayaca\u011f\u0131z.<\/li>\n<\/ul>\n<hr class=\"wp-block-separator has-alpha-channel-opacity\" \/>\n<h3 class=\"wp-block-heading\"><strong>9. Sipari\u015f \u0130ptalleri<\/strong><\/h3>\n\n<ul class=\"wp-block-list\">\n<li>Sipari\u015fler, verildi\u011fi tarihten itibaren <strong>24 saat i\u00e7inde<\/strong> tam para iadesiyle iptal edilebilir.<\/li>\n\n<li>24 saat sonra, sipari\u015f \u00fcretim a\u015famas\u0131na girdiyse iptaller m\u00fcmk\u00fcn olmayabilir.<\/li>\n<\/ul>\n<hr class=\"wp-block-separator has-alpha-channel-opacity\" \/>\n<h3 class=\"wp-block-heading\"><strong>10. \u00d6nemli Notlar<\/strong><\/h3>\n\n<ul class=\"wp-block-list\">\n<li>Sipari\u015f vermeden \u00f6nce beden ve tercihlerinizi iki kez kontrol etti\u011finizden emin olun.<\/li>\n\n<li>S\u00fcre\u00e7 tamamlanana kadar sipari\u015f fi\u015finizi ve ilgili t\u00fcm belgeleri saklay\u0131n.<\/li>\n<\/ul>\n<hr class=\"wp-block-separator has-alpha-channel-opacity\" \/>\n<p>\u0130ade ve Geri \u00d6deme Politikam\u0131z hakk\u0131nda herhangi bir sorunuz varsa, l\u00fctfen bizimle ileti\u015fime ge\u00e7mekten \u00e7ekinmeyin: <strong>customerservice@inhidestore.com.<\/strong><\/p>\n\n<p>Memnuniyetiniz bizim \u00f6nceli\u011fimizdir ve her t\u00fcrl\u00fc endi\u015fenizde size yard\u0131mc\u0131 olmak i\u00e7in buraday\u0131z!<\/p>\n\n<p>\u00a0<\/p>\n\t\t\t\t\t\t\t\t<\/div>\n\t\t\t\t<\/div>\n\t\t\t\t\t<\/div>\n\t\t\t\t<\/div>\n\t\t\t\t<\/div>","protected":false},"excerpt":{"rendered":"<p>At Inhide, we value your satisfaction and are committed to ensuring a seamless shopping experience. Please read our detailed returns [&hellip;]<\/p>","protected":false},"author":1,"featured_media":0,"parent":0,"menu_order":0,"comment_status":"closed","ping_status":"closed","template":"","meta":{"site-sidebar-layout":"default","site-content-layout":"","ast-site-content-layout":"","site-content-style":"default","site-sidebar-style":"default","ast-global-header-display":"","ast-banner-title-visibility":"","ast-main-header-display":"","ast-hfb-above-header-display":"","ast-hfb-below-header-display":"","ast-hfb-mobile-header-display":"","site-post-title":"","ast-breadcrumbs-content":"","ast-featured-img":"","footer-sml-layout":"","theme-transparent-header-meta":"","adv-header-id-meta":"","stick-header-meta":"","header-above-stick-meta":"","header-main-stick-meta":"","header-below-stick-meta":"","astra-migrate-meta-layouts":"default","ast-page-background-enabled":"default","ast-page-background-meta":{"desktop":{"background-color":"var(--ast-global-color-4)","background-image":"","background-repeat":"repeat","background-position":"center center","background-size":"auto","background-attachment":"scroll","background-type":"","background-media":"","overlay-type":"","overlay-color":"","overlay-opacity":"","overlay-gradient":""},"tablet":{"background-color":"","background-image":"","background-repeat":"repeat","background-position":"center center","background-size":"auto","background-attachment":"scroll","background-type":"","background-media":"","overlay-type":"","overlay-color":"","overlay-opacity":"","overlay-gradient":""},"mobile":{"background-color":"","background-image":"","background-repeat":"repeat","background-position":"center center","background-size":"auto","background-attachment":"scroll","background-type":"","background-media":"","overlay-type":"","overlay-color":"","overlay-opacity":"","overlay-gradient":""}},"ast-content-background-meta":{"desktop":{"background-color":"var(--ast-global-color-5)","background-image":"","background-repeat":"repeat","background-position":"center center","background-size":"auto","background-attachment":"scroll","background-type":"","background-media":"","overlay-type":"","overlay-color":"","overlay-opacity":"","overlay-gradient":""},"tablet":{"background-color":"var(--ast-global-color-5)","background-image":"","background-repeat":"repeat","background-position":"center center","background-size":"auto","background-attachment":"scroll","background-type":"","background-media":"","overlay-type":"","overlay-color":"","overlay-opacity":"","overlay-gradient":""},"mobile":{"background-color":"var(--ast-global-color-5)","background-image":"","background-repeat":"repeat","background-position":"center center","background-size":"auto","background-attachment":"scroll","background-type":"","background-media":"","overlay-type":"","overlay-color":"","overlay-opacity":"","overlay-gradient":""}},"footnotes":""},"class_list":["post-10","page","type-page","status-publish","hentry"],"_links":{"self":[{"href":"https:\/\/inhidestore.com\/tr\/wp-json\/wp\/v2\/pages\/10","targetHints":{"allow":["GET"]}}],"collection":[{"href":"https:\/\/inhidestore.com\/tr\/wp-json\/wp\/v2\/pages"}],"about":[{"href":"https:\/\/inhidestore.com\/tr\/wp-json\/wp\/v2\/types\/page"}],"author":[{"embeddable":true,"href":"https:\/\/inhidestore.com\/tr\/wp-json\/wp\/v2\/users\/1"}],"replies":[{"embeddable":true,"href":"https:\/\/inhidestore.com\/tr\/wp-json\/wp\/v2\/comments?post=10"}],"version-history":[{"count":8,"href":"https:\/\/inhidestore.com\/tr\/wp-json\/wp\/v2\/pages\/10\/revisions"}],"predecessor-version":[{"id":2287,"href":"https:\/\/inhidestore.com\/tr\/wp-json\/wp\/v2\/pages\/10\/revisions\/2287"}],"wp:attachment":[{"href":"https:\/\/inhidestore.com\/tr\/wp-json\/wp\/v2\/media?parent=10"}],"curies":[{"name":"wp","href":"https:\/\/api.w.org\/{rel}","templated":true}]}}