{"id":2274,"date":"2025-01-22T21:18:48","date_gmt":"2025-01-22T21:18:48","guid":{"rendered":"https:\/\/inhidestore.com\/?page_id=2274"},"modified":"2025-07-17T22:53:51","modified_gmt":"2025-07-17T22:53:51","slug":"kargo-politikasi","status":"publish","type":"page","link":"https:\/\/inhidestore.com\/tr\/kargo-politikasi\/","title":{"rendered":"Kargo Politikas\u0131"},"content":{"rendered":"<p>Inhide olarak, d\u00fcnya genelindeki m\u00fc\u015fterilerimize birinci s\u0131n\u0131f deri ceketler sunmaktan gurur duyuyoruz. Kargo Politikam\u0131z, sipari\u015flerinizi nas\u0131l i\u015fledi\u011fimizi, haz\u0131rlad\u0131\u011f\u0131m\u0131z\u0131 ve teslim etti\u011fimizi detayland\u0131rmaktad\u0131r. Sorunsuz bir kargo deneyimi sa\u011flamak i\u00e7in l\u00fctfen a\u015fa\u011f\u0131daki bilgileri incelemeye zaman ay\u0131r\u0131n.<\/p>\n\n\n\n<hr class=\"wp-block-separator has-alpha-channel-opacity\"\/>\n\n\n\n<p><strong>Sipari\u015fe \u00d6zel \u00dcretim<\/strong><\/p>\n\n\n\n<p>Inhide'daki her ceket, \u00f6zenle, hassasiyetle ve detaylara dikkat edilerek \u00fcretilir. Ceketlerimiz sipari\u015fe \u00f6zel \u00fcretildi\u011fi i\u00e7in, \u00f6nceden haz\u0131rlanm\u0131\u015f \u00fcr\u00fcnleri stoklam\u0131yoruz. Bu sayede size \u00f6zel tercihlerinize uygun ve y\u00fcksek kalite standartlar\u0131m\u0131z\u0131 koruyan bir \u00fcr\u00fcn sunabiliyoruz.<\/p>\n\n\n\n<ul class=\"wp-block-list\">\n<li><strong>\u00dcretim S\u00fcresi:<\/strong><br>Ceketinizin \u00fcretimi genellikle s\u00fcrer<strong> 5-8 i\u015f g\u00fcn\u00fc<\/strong> kargoya verilmeye haz\u0131r hale gelmeden \u00f6nce. Bu s\u00fcre, malzeme se\u00e7imi, dikim ve kapsaml\u0131 kalite kontrolleri i\u00e7in gereken zaman\u0131 i\u00e7erir.<\/li>\n\n\n\n<li><strong>\u00d6zel Sipari\u015fler:<\/strong><br>Sipari\u015finiz herhangi bir ki\u015fiselle\u015ftirme i\u00e7eriyorsa, \u00fcretim s\u00fcrelerinin tasar\u0131m\u0131n karma\u015f\u0131kl\u0131\u011f\u0131na ba\u011fl\u0131 olarak biraz de\u011fi\u015febilece\u011fini l\u00fctfen unutmay\u0131n.<\/li>\n<\/ul>\n\n\n\n<hr class=\"wp-block-separator has-alpha-channel-opacity\"\/>\n\n\n\n<p><strong>D\u00fcnya Geneli \u00dccretsiz Kargo<\/strong><\/p>\n\n\n\n<p>Al\u0131\u015fveri\u015f deneyiminizi kolayla\u015ft\u0131rmaya inan\u0131yoruz. Bu y\u00fczden size sunuyoruz <strong>d\u00fcnya genelinde \u00fccretsiz kargo<\/strong> t\u00fcm sipari\u015flerde. \u0130ster Kuzey Amerika'da, ister Avrupa'da, ister Asya'da veya \u00f6tesinde olun, hi\u00e7bir gizli kargo \u00fccreti yoktur.<\/p>\n\n\n\n<hr class=\"wp-block-separator has-alpha-channel-opacity\"\/>\n\n\n\n<p><strong>Tahmini Teslimat S\u00fcreleri<\/strong><\/p>\n\n\n\n<p>Ceketiniz \u00fcretilip kargoya verildikten sonra, teslimat s\u00fcreleri bulundu\u011funuz yere g\u00f6re de\u011fi\u015fecektir. \u0130\u015fte bekleyebilecekleriniz:<\/p>\n\n\n\n<ul class=\"wp-block-list\">\n<li><strong>Kuzey Amerika:<\/strong> 3-5 i\u015f g\u00fcn\u00fc<\/li>\n\n\n\n<li><strong>Avrupa:<\/strong> 3-5 i\u015f g\u00fcn\u00fc<\/li>\n\n\n\n<li><strong>Asya-Pasifik:<\/strong> 3-5 i\u015f g\u00fcn\u00fc<\/li>\n\n\n\n<li><strong>D\u00fcnyan\u0131n Geri Kalan\u0131:<\/strong> 3-5 i\u015f g\u00fcn\u00fc<\/li>\n<\/ul>\n\n\n\n<p>Bunlar\u0131n tahmini teslimat s\u00fcreleri oldu\u011funu ve g\u00fcmr\u00fck i\u015flemleri veya yerel kurye gecikmeleri gibi d\u0131\u015f fakt\u00f6rler nedeniyle de\u011fi\u015febilece\u011fini l\u00fctfen unutmay\u0131n.<\/p>\n\n\n\n<hr class=\"wp-block-separator has-alpha-channel-opacity\"\/>\n\n\n\n<p><strong>Sipari\u015f Takibi<\/strong><\/p>\n\n\n\n<p>Sipari\u015finiz kargoya verildi\u011finde, size bir takip numaras\u0131 ve g\u00f6nderinizi nas\u0131l takip edece\u011finize dair talimatlar i\u00e7eren bir e-posta alacaks\u0131n\u0131z. Bu, sipari\u015finizin ilerlemesini ger\u00e7ek zamanl\u0131 olarak izlemenizi sa\u011flar.<\/p>\n\n\n\n<hr class=\"wp-block-separator has-alpha-channel-opacity\"\/>\n\n\n\n<p><strong>G\u00fcmr\u00fck, Vergiler ve Har\u00e7lar<\/strong><\/p>\n\n\n\n<p>\u00dccretsiz kargo sunsak da, m\u00fc\u015fteriler <strong>sat\u0131\u015f KDV'si\/vergileri, ithalat vergileri veya di\u011fer \u00fccretlerden<\/strong> yerel g\u00fcmr\u00fck makamlar\u0131 taraf\u0131ndan uygulanan. Bu \u00fccretler \u00fclkeye g\u00f6re de\u011fi\u015fir ve sipari\u015finizin maliyetine dahil de\u011fildir.<\/p>\n\n\n\n<p>Uygulanabilecek \u00fccretler hakk\u0131nda bilgi almak i\u00e7in yerel g\u00fcmr\u00fck idarenizle ileti\u015fime ge\u00e7menizi \u00f6neririz.<\/p>\n\n\n\n<hr class=\"wp-block-separator has-alpha-channel-opacity\"\/>\n\n\n\n<p><strong>Teslim Edilemeyen Paketler<\/strong><\/p>\n\n\n\n<p>Bir paket, m\u00fc\u015fteri taraf\u0131ndan sa\u011flanan yanl\u0131\u015f veya eksik kargo bilgileri, g\u00fcmr\u00fck \u00fccretlerini \u00f6demeyi reddetme veya teslimat\u0131 kabul etmeme nedeniyle bize iade edilirse:<\/p>\n\n\n\n<ul class=\"wp-block-list\">\n<li>Yeniden g\u00f6nderimi ayarlamak i\u00e7in sizinle ileti\u015fime ge\u00e7ece\u011fiz.<\/li>\n\n\n\n<li>Ek kargo \u00fccretleri m\u00fc\u015fterinin sorumlulu\u011funda olacakt\u0131r.<\/li>\n<\/ul>\n\n\n\n<hr class=\"wp-block-separator has-alpha-channel-opacity\"\/>\n\n\n\n<p><strong>Hasarl\u0131 veya Kay\u0131p G\u00f6nderiler<\/strong><\/p>\n\n\n\n<p>Ceketinizin kusursuz durumda ula\u015fmas\u0131n\u0131 sa\u011flamak i\u00e7in her t\u00fcrl\u00fc \u00f6nlemi al\u0131yoruz. Ancak, sipari\u015finiz hasarl\u0131 ula\u015f\u0131rsa veya transit s\u0131ras\u0131nda kaybolursa:<\/p>\n\n\n\n<ul class=\"wp-block-list\">\n<li>customerservice@inhidestore.com adresinden bize hemen bildirin<\/li>\n\n\n\n<li>Paketin foto\u011fraflar\u0131n\u0131 (hasarl\u0131ysa) ve ilgili t\u00fcm detaylar\u0131 sa\u011flay\u0131n.<\/li>\n<\/ul>\n\n\n\n<p>Sorunu derhal inceleyecek ve bir yedek \u00fcr\u00fcn veya uygun bir \u00e7\u00f6z\u00fcm ayarlayaca\u011f\u0131z.<\/p>\n\n\n\n<hr class=\"wp-block-separator has-alpha-channel-opacity\"\/>\n\n\n\n<p><strong>Kargo K\u0131s\u0131tlamalar\u0131<\/strong><\/p>\n\n\n\n<p>D\u00fcnya geneline kargo g\u00f6nderimi yapsak da, baz\u0131 uzak veya k\u0131s\u0131tl\u0131 b\u00f6lgelerde teslimat s\u00fcreleri daha uzun olabilir veya kurye hizmetleri s\u0131n\u0131rl\u0131 olabilir. Bu gibi durumlarda, sipari\u015finizin size ula\u015fmas\u0131n\u0131 sa\u011flamak i\u00e7in do\u011frudan sizinle ileti\u015fime ge\u00e7ece\u011fiz.<\/p>\n\n\n\n<hr class=\"wp-block-separator has-alpha-channel-opacity\"\/>\n\n\n\n<p><strong>Tatil D\u00f6nemi Kargo Gecikmeleri<\/strong><\/p>\n\n\n\n<p>Yo\u011fun tatil sezonlar\u0131nda, artan talep nedeniyle \u00fcretim ve kargo s\u00fcreleri biraz uzayabilir. Zaman\u0131nda teslimat sa\u011flamak i\u00e7in, sipari\u015flerinizi b\u00fcy\u00fck tatillerden \u00e7ok \u00f6nce vermenizi \u00f6neririz.<\/p>\n\n\n\n<hr class=\"wp-block-separator has-alpha-channel-opacity\"\/>\n\n\n\n<p><strong>M\u00fc\u015fteri Deste\u011fi<\/strong><\/p>\n\n\n\n<p>Sipari\u015finiz veya kargo s\u00fcrecimizle ilgili herhangi bir sorunuz veya endi\u015feniz varsa, l\u00fctfen bizimle ileti\u015fime ge\u00e7mekten \u00e7ekinmeyin:<\/p>\n\n\n\n<ul class=\"wp-block-list\">\n<li><strong>E-posta:<\/strong> customerservice@inhidestore.com<\/li>\n\n\n\n<li><strong>Telefon:<\/strong> +92 330-225-4099<\/li>\n<\/ul>\n\n\n\n<hr class=\"wp-block-separator has-alpha-channel-opacity\"\/>\n\n\n\n<p>Inhide olarak, ola\u011fan\u00fcst\u00fc hizmet sunmaya ve kaliteli deri ceketleri kap\u0131n\u0131za kadar ula\u015ft\u0131rmaya kararl\u0131y\u0131z. Tarz\u0131n\u0131zda g\u00fcvenilir orta\u011f\u0131n\u0131z olarak bizi se\u00e7ti\u011finiz i\u00e7in te\u015fekk\u00fcr ederiz!<\/p>\n\n\n\n<p><\/p>","protected":false},"excerpt":{"rendered":"<p>At Inhide, we pride ourselves on delivering premium leather jackets to customers worldwide. Our Shipping Policy outlines the details of [&hellip;]<\/p>","protected":false},"author":1,"featured_media":0,"parent":0,"menu_order":0,"comment_status":"closed","ping_status":"closed","template":"","meta":{"site-sidebar-layout":"default","site-content-layout":"","ast-site-content-layout":"","site-content-style":"default","site-sidebar-style":"default","ast-global-header-display":"","ast-banner-title-visibility":"","ast-main-header-display":"","ast-hfb-above-header-display":"","ast-hfb-below-header-display":"","ast-hfb-mobile-header-display":"","site-post-title":"","ast-breadcrumbs-content":"","ast-featured-img":"","footer-sml-layout":"","theme-transparent-header-meta":"","adv-header-id-meta":"","stick-header-meta":"","header-above-stick-meta":"","header-main-stick-meta":"","header-below-stick-meta":"","astra-migrate-meta-layouts":"default","ast-page-background-enabled":"default","ast-page-background-meta":{"desktop":{"background-color":"var(--ast-global-color-4)","background-image":"","background-repeat":"repeat","background-position":"center center","background-size":"auto","background-attachment":"scroll","background-type":"","background-media":"","overlay-type":"","overlay-color":"","overlay-opacity":"","overlay-gradient":""},"tablet":{"background-color":"","background-image":"","background-repeat":"repeat","background-position":"center center","background-size":"auto","background-attachment":"scroll","background-type":"","background-media":"","overlay-type":"","overlay-color":"","overlay-opacity":"","overlay-gradient":""},"mobile":{"background-color":"","background-image":"","background-repeat":"repeat","background-position":"center center","background-size":"auto","background-attachment":"scroll","background-type":"","background-media":"","overlay-type":"","overlay-color":"","overlay-opacity":"","overlay-gradient":""}},"ast-content-background-meta":{"desktop":{"background-color":"var(--ast-global-color-5)","background-image":"","background-repeat":"repeat","background-position":"center center","background-size":"auto","background-attachment":"scroll","background-type":"","background-media":"","overlay-type":"","overlay-color":"","overlay-opacity":"","overlay-gradient":""},"tablet":{"background-color":"var(--ast-global-color-5)","background-image":"","background-repeat":"repeat","background-position":"center center","background-size":"auto","background-attachment":"scroll","background-type":"","background-media":"","overlay-type":"","overlay-color":"","overlay-opacity":"","overlay-gradient":""},"mobile":{"background-color":"var(--ast-global-color-5)","background-image":"","background-repeat":"repeat","background-position":"center center","background-size":"auto","background-attachment":"scroll","background-type":"","background-media":"","overlay-type":"","overlay-color":"","overlay-opacity":"","overlay-gradient":""}},"footnotes":""},"class_list":["post-2274","page","type-page","status-publish","hentry"],"_links":{"self":[{"href":"https:\/\/inhidestore.com\/tr\/wp-json\/wp\/v2\/pages\/2274","targetHints":{"allow":["GET"]}}],"collection":[{"href":"https:\/\/inhidestore.com\/tr\/wp-json\/wp\/v2\/pages"}],"about":[{"href":"https:\/\/inhidestore.com\/tr\/wp-json\/wp\/v2\/types\/page"}],"author":[{"embeddable":true,"href":"https:\/\/inhidestore.com\/tr\/wp-json\/wp\/v2\/users\/1"}],"replies":[{"embeddable":true,"href":"https:\/\/inhidestore.com\/tr\/wp-json\/wp\/v2\/comments?post=2274"}],"version-history":[{"count":2,"href":"https:\/\/inhidestore.com\/tr\/wp-json\/wp\/v2\/pages\/2274\/revisions"}],"predecessor-version":[{"id":3064,"href":"https:\/\/inhidestore.com\/tr\/wp-json\/wp\/v2\/pages\/2274\/revisions\/3064"}],"wp:attachment":[{"href":"https:\/\/inhidestore.com\/tr\/wp-json\/wp\/v2\/media?parent=2274"}],"curies":[{"name":"wp","href":"https:\/\/api.w.org\/{rel}","templated":true}]}}