{"id":168,"date":"2024-09-06T23:06:27","date_gmt":"2024-09-06T23:06:27","guid":{"rendered":"https:\/\/inhidestore.com\/?post_type=product&#038;p=168"},"modified":"2025-08-18T23:27:02","modified_gmt":"2025-08-18T23:27:02","slug":"inhide-ncr-ranger-cosplay-tasarimi-suet-duster-trenckot","status":"publish","type":"product","link":"https:\/\/inhidestore.com\/tr\/magaza\/erkek\/kabanlar\/inhide-ncr-ranger-cosplay-tasarimi-suet-duster-trenckot\/","title":{"rendered":"INHIDE NCR Ranger Cosplay'inden Esinlenen Duster S\u00fcet Tren\u00e7kot"},"content":{"rendered":"<p>INHIDE NCR Ranger Cosplay Duster Tren\u00e7kotumuzla kendinizi do\u011frudan \u00e7orak topraklardan \u00e7\u0131km\u0131\u015f gibi hissetmeye haz\u0131r olun. Her \u015fey o efsanevi NCR Ranger ruhunu canland\u0131rmakla ilgili!<\/p>\n<p>Detaylara g\u00f6sterilen b\u00fcy\u00fck bir \u00f6zenle haz\u0131rlanan bu ceket, arad\u0131\u011f\u0131n\u0131z o sert ve otantik g\u00f6r\u00fcn\u00fcm\u00fc tam olarak yans\u0131t\u0131yor. Birinci s\u0131n\u0131f kaliteyi yakalamak i\u00e7in her diki\u015fine eme\u011fimizi katt\u0131k. Malzeme konusuna gelirsek; saf ve y\u00fcksek kaliteli koyun s\u00fcet derisinden bahsediyoruz, yani ger\u00e7ek kaliteyi hissedeceksiniz. Dokunu\u015fu yumu\u015fak ama \u00e7orak topraklar\u0131n kar\u015f\u0131n\u0131za \u00e7\u0131karaca\u011f\u0131 her t\u00fcrl\u00fc zorlu\u011fa g\u00f6\u011f\u00fcs gerecek kadar dayan\u0131kl\u0131.<\/p>\n<p>\u0130ster bir cosplay etkinli\u011fine haz\u0131rlan\u0131n, ister sadece ger\u00e7ekten haval\u0131 bir tarza sahip olmak isteyin; bu ceket tam size g\u00f6re. Bak\u0131\u015flar\u0131 \u00fczerinizde toplayacak ve merak uyand\u0131racak t\u00fcrden bir par\u00e7a. \u00d6yleyse durmay\u0131n, INHIDE imzal\u0131 NCR Ranger Cosplay Duster Tren\u00e7kotumuzla i\u00e7inizdeki \u00e7orak topraklar sava\u015f\u00e7\u0131s\u0131n\u0131 d\u0131\u015far\u0131 \u00e7\u0131kar\u0131n.<\/p>\n<p>Renk: Deve T\u00fcy\u00fc Kahvesi<\/p>","protected":false},"excerpt":{"rendered":"<p>Get ready to feel like you&#8217;ve stepped straight out of the wasteland with our INHIDE NCR Ranger Cosplay Duster Trench [&hellip;]<\/p>","protected":false},"featured_media":120,"comment_status":"open","ping_status":"closed","template":"","meta":{"site-sidebar-layout":"default","site-content-layout":"","ast-site-content-layout":"default","site-content-style":"default","site-sidebar-style":"default","ast-global-header-display":"","ast-banner-title-visibility":"","ast-main-header-display":"","ast-hfb-above-header-display":"","ast-hfb-below-header-display":"","ast-hfb-mobile-header-display":"","site-post-title":"","ast-breadcrumbs-content":"","ast-featured-img":"","footer-sml-layout":"","theme-transparent-header-meta":"default","adv-header-id-meta":"","stick-header-meta":"","header-above-stick-meta":"","header-main-stick-meta":"","header-below-stick-meta":"","astra-migrate-meta-layouts":"set","ast-page-background-enabled":"default","ast-page-background-meta":{"desktop":{"background-color":"var(--ast-global-color-4)","background-image":"","background-repeat":"repeat","background-position":"center center","background-size":"auto","background-attachment":"scroll","background-type":"","background-media":"","overlay-type":"","overlay-color":"","overlay-opacity":"","overlay-gradient":""},"tablet":{"background-color":"","background-image":"","background-repeat":"repeat","background-position":"center center","background-size":"auto","background-attachment":"scroll","background-type":"","background-media":"","overlay-type":"","overlay-color":"","overlay-opacity":"","overlay-gradient":""},"mobile":{"background-color":"","background-image":"","background-repeat":"repeat","background-position":"center center","background-size":"auto","background-attachment":"scroll","background-type":"","background-media":"","overlay-type":"","overlay-color":"","overlay-opacity":"","overlay-gradient":""}},"ast-content-background-meta":{"desktop":{"background-color":"var(--ast-global-color-5)","background-image":"","background-repeat":"repeat","background-position":"center center","background-size":"auto","background-attachment":"scroll","background-type":"","background-media":"","overlay-type":"","overlay-color":"","overlay-opacity":"","overlay-gradient":""},"tablet":{"background-color":"var(--ast-global-color-5)","background-image":"","background-repeat":"repeat","background-position":"center center","background-size":"auto","background-attachment":"scroll","background-type":"","background-media":"","overlay-type":"","overlay-color":"","overlay-opacity":"","overlay-gradient":""},"mobile":{"background-color":"var(--ast-global-color-5)","background-image":"","background-repeat":"repeat","background-position":"center center","background-size":"auto","background-attachment":"scroll","background-type":"","background-media":"","overlay-type":"","overlay-color":"","overlay-opacity":"","overlay-gradient":""}}},"product_brand":[],"product_cat":[18,17],"product_tag":[],"class_list":{"0":"post-168","1":"product","2":"type-product","3":"status-publish","4":"has-post-thumbnail","6":"product_cat-coats","7":"product_cat-men","8":"desktop-align-left","9":"tablet-align-left","10":"mobile-align-left","12":"first","13":"instock","14":"shipping-taxable","15":"purchasable","16":"product-type-variable"},"_links":{"self":[{"href":"https:\/\/inhidestore.com\/tr\/wp-json\/wp\/v2\/product\/168","targetHints":{"allow":["GET"]}}],"collection":[{"href":"https:\/\/inhidestore.com\/tr\/wp-json\/wp\/v2\/product"}],"about":[{"href":"https:\/\/inhidestore.com\/tr\/wp-json\/wp\/v2\/types\/product"}],"replies":[{"embeddable":true,"href":"https:\/\/inhidestore.com\/tr\/wp-json\/wp\/v2\/comments?post=168"}],"version-history":[{"count":3,"href":"https:\/\/inhidestore.com\/tr\/wp-json\/wp\/v2\/product\/168\/revisions"}],"predecessor-version":[{"id":3130,"href":"https:\/\/inhidestore.com\/tr\/wp-json\/wp\/v2\/product\/168\/revisions\/3130"}],"wp:featuredmedia":[{"embeddable":true,"href":"https:\/\/inhidestore.com\/tr\/wp-json\/wp\/v2\/media\/120"}],"wp:attachment":[{"href":"https:\/\/inhidestore.com\/tr\/wp-json\/wp\/v2\/media?parent=168"}],"wp:term":[{"taxonomy":"product_brand","embeddable":true,"href":"https:\/\/inhidestore.com\/tr\/wp-json\/wp\/v2\/product_brand?post=168"},{"taxonomy":"product_cat","embeddable":true,"href":"https:\/\/inhidestore.com\/tr\/wp-json\/wp\/v2\/product_cat?post=168"},{"taxonomy":"product_tag","embeddable":true,"href":"https:\/\/inhidestore.com\/tr\/wp-json\/wp\/v2\/product_tag?post=168"}],"curies":[{"name":"wp","href":"https:\/\/api.w.org\/{rel}","templated":true}]}}