{"id":509,"date":"2024-11-24T00:33:17","date_gmt":"2024-11-24T00:33:17","guid":{"rendered":"https:\/\/inhidestore.com\/?post_type=product&#038;p=509"},"modified":"2025-08-18T23:12:39","modified_gmt":"2025-08-18T23:12:39","slug":"inhide-sleekedge-erkek-premium-suet-deri-ceket-7","status":"publish","type":"product","link":"https:\/\/inhidestore.com\/tr\/magaza\/erkek\/erkekdericeket\/inhide-sleekedge-erkek-premium-suet-deri-ceket-7\/","title":{"rendered":"INHIDE SleekEdge Erkek Premium S\u00fcet Deri Ceket"},"content":{"rendered":"<div class=\"product-description\" style=\"font-family: Helvetica, Arial, sans-serif;\">\n<p>INHIDE SleekEdge ile tan\u0131\u015f\u0131n: Bu sadece bir deri ceket de\u011fil, y\u0131llarca size e\u015flik edecek g\u00fcvenilir bir yol arkada\u015f\u0131 olmaya aday, iddial\u0131 bir par\u00e7a. On y\u0131l veya daha uzun s\u00fcreli bir tarzdan bahsediyoruz \u2014 bu sa\u011flam \u00fcr\u00fcn, 10-15 y\u0131ll\u0131k kullan\u0131m \u00f6mr\u00fcyle uzun y\u0131llar dayanacak \u015fekilde tasarland\u0131.<\/p>\n<p><strong>En Kaliteli Deri:<\/strong> 100% saf kuzu derisi dedi\u011fimizde, elinize ge\u00e7ebilecek en kaliteli deriden bahsediyoruz. L\u00fcks\u00fc f\u0131s\u0131ldayan ve dayan\u0131kl\u0131l\u0131\u011f\u0131 hayk\u0131ran s\u00fcet t\u00fcr\u00fc. Sadece iyi de\u011fil; en iyisi.<\/p>\n<p><strong>\u0130\u015f\u00e7ilik:<\/strong> Bu s\u0131radan bir ceket de\u011fil. Tutkunun, hassasiyetin ve biraz da o INHIDE b\u00fcy\u00fcs\u00fcn\u00fcn bir \u00fcr\u00fcn\u00fc. S\u00fcet dokusu, zamanla daha da g\u00fczelle\u015fen birinci s\u0131n\u0131f kuzu derisi sayesinde, l\u00fcks oldu\u011fu kadar dayan\u0131kl\u0131 da.<\/p>\n<p><strong>Renk:<\/strong> A\u00e7\u0131k Konyak Rengi \u2014 s\u0131cak, davetkar ve zahmetsizce \u015f\u0131k. \u0130ster \u015f\u0131k giyinin ister g\u00fcnl\u00fck, her k\u0131yafeti m\u00fckemmel \u015fekilde tamamlayan bir renk.<\/p>\n<p><strong>Detaylar:<\/strong> En kaliteli fermuarlar ve d\u00fc\u011fmelerle fark yarat\u0131yoruz. Sadece parlak de\u011fil; ayn\u0131 zamanda \u00e7ok sa\u011flamlar.<\/p>\n<p><strong>\u00c7ok Y\u00f6nl\u00fcl\u00fck:<\/strong> Motorcu tarz\u0131 m\u0131? Tamamd\u0131r. Ama onu bir kal\u0131ba sokmay\u0131n \u2013 bu ceket tam bir joker par\u00e7a. \u0130ster serin bir ak\u015fam, ister r\u00fczgarl\u0131 bir g\u00fcn olsun, her mevsim i\u00e7in vazge\u00e7ilmeziniz.<\/p>\n<p><strong>M\u00fckemmel Uyum:<\/strong> Di\u011ferlerinden bir ad\u0131m \u00f6nde olmak \u00fczere \u00f6zel olarak tasarlanan SleekEdge, \u00fczerinize \u00f6zel dikilmi\u015f gibi hissettiren bir uyum vaat ediyor. \u00c7\u00fcnk\u00fc deri ceketlerde do\u011fru kal\u0131p her \u015feyi de\u011fi\u015ftirir. Gerekti\u011fi yerde v\u00fccudu saran, istedi\u011finiz yerde rahat b\u0131rakan ve her y\u00f6n\u00fcyle muhte\u015fem bir kesim.<\/p>\n<p>K\u0131sacas\u0131, ister yollara d\u00fc\u015f\u00fcn ister \u015fehirde gezin, a\u00e7\u0131k kahverengi INHIDE SleekEdge size e\u015flik edecek m\u00fckemmel yol arkada\u015f\u0131n\u0131z. Bu sadece bir ceket de\u011fil; bu bir yolculuk. Yola \u00e7\u0131kmaya haz\u0131r m\u0131s\u0131n\u0131z?<\/p>\n<\/div>","protected":false},"excerpt":{"rendered":"<p>Meet the INHIDE SleekEdge: Not just a leather jacket, but a statement piece that\u2019s bound to become your trusty sidekick [&hellip;]<\/p>","protected":false},"featured_media":152,"comment_status":"open","ping_status":"closed","template":"","meta":{"site-sidebar-layout":"default","site-content-layout":"","ast-site-content-layout":"default","site-content-style":"default","site-sidebar-style":"default","ast-global-header-display":"","ast-banner-title-visibility":"","ast-main-header-display":"","ast-hfb-above-header-display":"","ast-hfb-below-header-display":"","ast-hfb-mobile-header-display":"","site-post-title":"","ast-breadcrumbs-content":"","ast-featured-img":"","footer-sml-layout":"","theme-transparent-header-meta":"default","adv-header-id-meta":"","stick-header-meta":"","header-above-stick-meta":"","header-main-stick-meta":"","header-below-stick-meta":"","astra-migrate-meta-layouts":"set","ast-page-background-enabled":"default","ast-page-background-meta":{"desktop":{"background-color":"var(--ast-global-color-4)","background-image":"","background-repeat":"repeat","background-position":"center center","background-size":"auto","background-attachment":"scroll","background-type":"","background-media":"","overlay-type":"","overlay-color":"","overlay-opacity":"","overlay-gradient":""},"tablet":{"background-color":"","background-image":"","background-repeat":"repeat","background-position":"center center","background-size":"auto","background-attachment":"scroll","background-type":"","background-media":"","overlay-type":"","overlay-color":"","overlay-opacity":"","overlay-gradient":""},"mobile":{"background-color":"","background-image":"","background-repeat":"repeat","background-position":"center center","background-size":"auto","background-attachment":"scroll","background-type":"","background-media":"","overlay-type":"","overlay-color":"","overlay-opacity":"","overlay-gradient":""}},"ast-content-background-meta":{"desktop":{"background-color":"var(--ast-global-color-5)","background-image":"","background-repeat":"repeat","background-position":"center center","background-size":"auto","background-attachment":"scroll","background-type":"","background-media":"","overlay-type":"","overlay-color":"","overlay-opacity":"","overlay-gradient":""},"tablet":{"background-color":"var(--ast-global-color-5)","background-image":"","background-repeat":"repeat","background-position":"center center","background-size":"auto","background-attachment":"scroll","background-type":"","background-media":"","overlay-type":"","overlay-color":"","overlay-opacity":"","overlay-gradient":""},"mobile":{"background-color":"var(--ast-global-color-5)","background-image":"","background-repeat":"repeat","background-position":"center center","background-size":"auto","background-attachment":"scroll","background-type":"","background-media":"","overlay-type":"","overlay-color":"","overlay-opacity":"","overlay-gradient":""}}},"product_brand":[],"product_cat":[34],"product_tag":[],"class_list":{"0":"post-509","1":"product","2":"type-product","3":"status-publish","4":"has-post-thumbnail","6":"product_cat-leatherjacketformen","7":"desktop-align-left","8":"tablet-align-left","9":"mobile-align-left","11":"first","12":"instock","13":"shipping-taxable","14":"purchasable","15":"product-type-variable"},"_links":{"self":[{"href":"https:\/\/inhidestore.com\/tr\/wp-json\/wp\/v2\/product\/509","targetHints":{"allow":["GET"]}}],"collection":[{"href":"https:\/\/inhidestore.com\/tr\/wp-json\/wp\/v2\/product"}],"about":[{"href":"https:\/\/inhidestore.com\/tr\/wp-json\/wp\/v2\/types\/product"}],"replies":[{"embeddable":true,"href":"https:\/\/inhidestore.com\/tr\/wp-json\/wp\/v2\/comments?post=509"}],"version-history":[{"count":2,"href":"https:\/\/inhidestore.com\/tr\/wp-json\/wp\/v2\/product\/509\/revisions"}],"predecessor-version":[{"id":2700,"href":"https:\/\/inhidestore.com\/tr\/wp-json\/wp\/v2\/product\/509\/revisions\/2700"}],"wp:featuredmedia":[{"embeddable":true,"href":"https:\/\/inhidestore.com\/tr\/wp-json\/wp\/v2\/media\/152"}],"wp:attachment":[{"href":"https:\/\/inhidestore.com\/tr\/wp-json\/wp\/v2\/media?parent=509"}],"wp:term":[{"taxonomy":"product_brand","embeddable":true,"href":"https:\/\/inhidestore.com\/tr\/wp-json\/wp\/v2\/product_brand?post=509"},{"taxonomy":"product_cat","embeddable":true,"href":"https:\/\/inhidestore.com\/tr\/wp-json\/wp\/v2\/product_cat?post=509"},{"taxonomy":"product_tag","embeddable":true,"href":"https:\/\/inhidestore.com\/tr\/wp-json\/wp\/v2\/product_tag?post=509"}],"curies":[{"name":"wp","href":"https:\/\/api.w.org\/{rel}","templated":true}]}}