{"id":584,"date":"2024-11-24T00:33:22","date_gmt":"2024-11-24T00:33:22","guid":{"rendered":"https:\/\/inhidestore.com\/?post_type=product&#038;p=584"},"modified":"2025-08-18T23:03:15","modified_gmt":"2025-08-18T23:03:15","slug":"inhide-roxy-kadin-premium-deri-ceket-2","status":"publish","type":"product","link":"https:\/\/inhidestore.com\/tr\/magaza\/kadin\/kadin-deri-ceket\/inhide-roxy-kadin-premium-deri-ceket-2\/","title":{"rendered":"INHIDE Roxy Kad\u0131n Premium Deri Ceket"},"content":{"rendered":"<p style=\"font-family: Helvetica, Arial, sans-serif;\">INHIDE Roxy ile tan\u0131\u015f\u0131n: L\u00fcks ve asi ruhun m\u00fckemmel birle\u015fimi olan, kad\u0131nlar i\u00e7in bordo deri ceket. Tereya\u011f\u0131 gibi yumu\u015fak, 100% kuzu derisinden \u00fcretilmi\u015ftir; dokunmaya doyamayacaks\u0131n\u0131z! \u0130kinci bir ten gibi hissettiriyor. Zengin bordo rengi, bir \u00e7\u00f6l g\u00fcn bat\u0131m\u0131 kadar cesur; g\u00fcn y\u00fcz\u00fcne \u00e7\u0131km\u0131\u015f bir hazine gibi parlayan alt\u0131n d\u00fc\u011fmeler ve fermuarlarla vurgulanm\u0131\u015ft\u0131r.<\/p>\n<p style=\"font-family: Helvetica, Arial, sans-serif;\">Bu s\u0131radan bir ceket de\u011fil; on y\u0131ldan uzun s\u00fcre moda arkada\u015f\u0131n\u0131z olacak zamans\u0131z bir par\u00e7a. Serin bir yaz ak\u015fam\u0131nda bir yaz elbisesinin \u00fczerine giymek ya da k\u0131\u015f r\u00fczgarlar\u0131na kar\u015f\u0131 katmanl\u0131 giyinmek i\u00e7in m\u00fckemmel. Maceraya haz\u0131r m\u0131s\u0131n\u0131z? Roxy, ayn\u0131 zamanda g\u00f6z al\u0131c\u0131 bir motorcu ceketi g\u00f6revi de g\u00f6r\u00fcyor ve sizi iki tekerlek \u00fczerindeki en \u015f\u0131k asi yap\u0131yor.<\/p>\n<p style=\"font-family: Helvetica, Arial, sans-serif;\">INHIDE ile t\u00fcm bak\u0131\u015flar\u0131 \u00fczerinize \u00e7ekmeye haz\u0131r olun. Zarafetin cesaretle bulu\u015ftu\u011fu yer.<\/p>\n<p style=\"font-family: Helvetica, Arial, sans-serif;\">Renk: Bordo<\/p>","protected":false},"excerpt":{"rendered":"<p>Introducing the INHIDE Roxy, a maroon leather jacket for women that&#8217;s a perfect blend of luxury and rebellion. Made from [&hellip;]<\/p>","protected":false},"featured_media":135,"comment_status":"open","ping_status":"closed","template":"","meta":{"site-sidebar-layout":"default","site-content-layout":"","ast-site-content-layout":"default","site-content-style":"default","site-sidebar-style":"default","ast-global-header-display":"","ast-banner-title-visibility":"","ast-main-header-display":"","ast-hfb-above-header-display":"","ast-hfb-below-header-display":"","ast-hfb-mobile-header-display":"","site-post-title":"","ast-breadcrumbs-content":"","ast-featured-img":"","footer-sml-layout":"","theme-transparent-header-meta":"default","adv-header-id-meta":"","stick-header-meta":"","header-above-stick-meta":"","header-main-stick-meta":"","header-below-stick-meta":"","astra-migrate-meta-layouts":"set","ast-page-background-enabled":"default","ast-page-background-meta":{"desktop":{"background-color":"var(--ast-global-color-4)","background-image":"","background-repeat":"repeat","background-position":"center center","background-size":"auto","background-attachment":"scroll","background-type":"","background-media":"","overlay-type":"","overlay-color":"","overlay-opacity":"","overlay-gradient":""},"tablet":{"background-color":"","background-image":"","background-repeat":"repeat","background-position":"center center","background-size":"auto","background-attachment":"scroll","background-type":"","background-media":"","overlay-type":"","overlay-color":"","overlay-opacity":"","overlay-gradient":""},"mobile":{"background-color":"","background-image":"","background-repeat":"repeat","background-position":"center center","background-size":"auto","background-attachment":"scroll","background-type":"","background-media":"","overlay-type":"","overlay-color":"","overlay-opacity":"","overlay-gradient":""}},"ast-content-background-meta":{"desktop":{"background-color":"var(--ast-global-color-5)","background-image":"","background-repeat":"repeat","background-position":"center center","background-size":"auto","background-attachment":"scroll","background-type":"","background-media":"","overlay-type":"","overlay-color":"","overlay-opacity":"","overlay-gradient":""},"tablet":{"background-color":"var(--ast-global-color-5)","background-image":"","background-repeat":"repeat","background-position":"center center","background-size":"auto","background-attachment":"scroll","background-type":"","background-media":"","overlay-type":"","overlay-color":"","overlay-opacity":"","overlay-gradient":""},"mobile":{"background-color":"var(--ast-global-color-5)","background-image":"","background-repeat":"repeat","background-position":"center center","background-size":"auto","background-attachment":"scroll","background-type":"","background-media":"","overlay-type":"","overlay-color":"","overlay-opacity":"","overlay-gradient":""}}},"product_brand":[],"product_cat":[37],"product_tag":[],"class_list":{"0":"post-584","1":"product","2":"type-product","3":"status-publish","4":"has-post-thumbnail","6":"product_cat-leatherjacketforwomen","7":"desktop-align-left","8":"tablet-align-left","9":"mobile-align-left","11":"first","12":"instock","13":"shipping-taxable","14":"purchasable","15":"product-type-variable"},"_links":{"self":[{"href":"https:\/\/inhidestore.com\/tr\/wp-json\/wp\/v2\/product\/584","targetHints":{"allow":["GET"]}}],"collection":[{"href":"https:\/\/inhidestore.com\/tr\/wp-json\/wp\/v2\/product"}],"about":[{"href":"https:\/\/inhidestore.com\/tr\/wp-json\/wp\/v2\/types\/product"}],"replies":[{"embeddable":true,"href":"https:\/\/inhidestore.com\/tr\/wp-json\/wp\/v2\/comments?post=584"}],"version-history":[{"count":3,"href":"https:\/\/inhidestore.com\/tr\/wp-json\/wp\/v2\/product\/584\/revisions"}],"predecessor-version":[{"id":3071,"href":"https:\/\/inhidestore.com\/tr\/wp-json\/wp\/v2\/product\/584\/revisions\/3071"}],"wp:featuredmedia":[{"embeddable":true,"href":"https:\/\/inhidestore.com\/tr\/wp-json\/wp\/v2\/media\/135"}],"wp:attachment":[{"href":"https:\/\/inhidestore.com\/tr\/wp-json\/wp\/v2\/media?parent=584"}],"wp:term":[{"taxonomy":"product_brand","embeddable":true,"href":"https:\/\/inhidestore.com\/tr\/wp-json\/wp\/v2\/product_brand?post=584"},{"taxonomy":"product_cat","embeddable":true,"href":"https:\/\/inhidestore.com\/tr\/wp-json\/wp\/v2\/product_cat?post=584"},{"taxonomy":"product_tag","embeddable":true,"href":"https:\/\/inhidestore.com\/tr\/wp-json\/wp\/v2\/product_tag?post=584"}],"curies":[{"name":"wp","href":"https:\/\/api.w.org\/{rel}","templated":true}]}}