{"id":602,"date":"2024-11-24T00:33:24","date_gmt":"2024-11-24T00:33:24","guid":{"rendered":"https:\/\/inhidestore.com\/?post_type=product&#038;p=602"},"modified":"2025-08-18T22:41:05","modified_gmt":"2025-08-18T22:41:05","slug":"inhide-kadin-premium-suet-deri-ceket","status":"publish","type":"product","link":"https:\/\/inhidestore.com\/tr\/magaza\/kadin\/kadin-deri-ceket\/inhide-kadin-premium-suet-deri-ceket\/","title":{"rendered":"INHIDE Kad\u0131n Premium S\u00fcet Deri Ceket"},"content":{"rendered":"<p style=\"font-family: Helvetica, Arial, sans-serif;\">INHIDE Kad\u0131n Premium S\u00fcet Deri Ceket ile gard\u0131robunuza de\u011fer kat\u0131n; zarafet ve sofistike bir duru\u015f sergileyen zamans\u0131z bir par\u00e7a. 100% saf ve birinci s\u0131n\u0131f koyun derisinden \u00fcretilen bu ceket, sadece bir moda tercihi de\u011fil, kal\u0131c\u0131 bir stil yat\u0131r\u0131m\u0131d\u0131r.<\/p>\n<p style=\"font-family: Helvetica, Arial, sans-serif;\">L\u00fcks Materyal: Y\u00fcksek kaliteli s\u00fcetin yumu\u015fac\u0131k dokusunu ke\u015ffedin; e\u015fsiz konfor ve dayan\u0131kl\u0131l\u0131\u011f\u0131n tad\u0131n\u0131 \u00e7\u0131kar\u0131n.<\/p>\n<p style=\"font-family: Helvetica, Arial, sans-serif;\">\u00c7ok Y\u00f6nl\u00fc Stil: \u0130ster gece d\u0131\u015far\u0131 \u00e7\u0131karken \u015f\u0131k bir kombin yap\u0131n, ister \u015fehirde g\u00fcnl\u00fck bir tarz yakalay\u0131n; bu ceketin zarif tasar\u0131m\u0131 her ortama uyum sa\u011flar.<\/p>\n<p style=\"font-family: Helvetica, Arial, sans-serif;\">Detaylardaki \u00d6zen: Hassasiyetle ve titizlikle dikilen her bir diki\u015f ve d\u00fc\u011fme, bu se\u00e7kin par\u00e7an\u0131n arkas\u0131ndaki ustal\u0131\u011f\u0131n bir kan\u0131t\u0131d\u0131r.<\/p>\n<p style=\"font-family: Helvetica, Arial, sans-serif;\">Bug\u00fcn INHIDE fark\u0131n\u0131 ke\u015ffedin, d\u0131\u015far\u0131ya \u00f6zg\u00fcven ve zarafetle ad\u0131m at\u0131n.<\/p>\n<p style=\"font-family: Helvetica, Arial, sans-serif;\">Renk: \u00c7ikolata Kahvesi<\/p>","protected":false},"excerpt":{"rendered":"<p>Elevate your wardrobe with the INHIDE Women&#8217;s Premium Suede Leather Jacket \u2013 a timeless piece that exudes elegance and sophistication. [&hellip;]<\/p>","protected":false},"featured_media":149,"comment_status":"open","ping_status":"closed","template":"","meta":{"site-sidebar-layout":"default","site-content-layout":"","ast-site-content-layout":"default","site-content-style":"default","site-sidebar-style":"default","ast-global-header-display":"","ast-banner-title-visibility":"","ast-main-header-display":"","ast-hfb-above-header-display":"","ast-hfb-below-header-display":"","ast-hfb-mobile-header-display":"","site-post-title":"","ast-breadcrumbs-content":"","ast-featured-img":"","footer-sml-layout":"","theme-transparent-header-meta":"default","adv-header-id-meta":"","stick-header-meta":"","header-above-stick-meta":"","header-main-stick-meta":"","header-below-stick-meta":"","astra-migrate-meta-layouts":"set","ast-page-background-enabled":"default","ast-page-background-meta":{"desktop":{"background-color":"var(--ast-global-color-4)","background-image":"","background-repeat":"repeat","background-position":"center center","background-size":"auto","background-attachment":"scroll","background-type":"","background-media":"","overlay-type":"","overlay-color":"","overlay-opacity":"","overlay-gradient":""},"tablet":{"background-color":"","background-image":"","background-repeat":"repeat","background-position":"center center","background-size":"auto","background-attachment":"scroll","background-type":"","background-media":"","overlay-type":"","overlay-color":"","overlay-opacity":"","overlay-gradient":""},"mobile":{"background-color":"","background-image":"","background-repeat":"repeat","background-position":"center center","background-size":"auto","background-attachment":"scroll","background-type":"","background-media":"","overlay-type":"","overlay-color":"","overlay-opacity":"","overlay-gradient":""}},"ast-content-background-meta":{"desktop":{"background-color":"var(--ast-global-color-5)","background-image":"","background-repeat":"repeat","background-position":"center center","background-size":"auto","background-attachment":"scroll","background-type":"","background-media":"","overlay-type":"","overlay-color":"","overlay-opacity":"","overlay-gradient":""},"tablet":{"background-color":"var(--ast-global-color-5)","background-image":"","background-repeat":"repeat","background-position":"center center","background-size":"auto","background-attachment":"scroll","background-type":"","background-media":"","overlay-type":"","overlay-color":"","overlay-opacity":"","overlay-gradient":""},"mobile":{"background-color":"var(--ast-global-color-5)","background-image":"","background-repeat":"repeat","background-position":"center center","background-size":"auto","background-attachment":"scroll","background-type":"","background-media":"","overlay-type":"","overlay-color":"","overlay-opacity":"","overlay-gradient":""}}},"product_brand":[],"product_cat":[37],"product_tag":[],"class_list":{"0":"post-602","1":"product","2":"type-product","3":"status-publish","4":"has-post-thumbnail","6":"product_cat-leatherjacketforwomen","7":"desktop-align-left","8":"tablet-align-left","9":"mobile-align-left","11":"first","12":"instock","13":"shipping-taxable","14":"purchasable","15":"product-type-variable"},"_links":{"self":[{"href":"https:\/\/inhidestore.com\/tr\/wp-json\/wp\/v2\/product\/602","targetHints":{"allow":["GET"]}}],"collection":[{"href":"https:\/\/inhidestore.com\/tr\/wp-json\/wp\/v2\/product"}],"about":[{"href":"https:\/\/inhidestore.com\/tr\/wp-json\/wp\/v2\/types\/product"}],"replies":[{"embeddable":true,"href":"https:\/\/inhidestore.com\/tr\/wp-json\/wp\/v2\/comments?post=602"}],"version-history":[{"count":4,"href":"https:\/\/inhidestore.com\/tr\/wp-json\/wp\/v2\/product\/602\/revisions"}],"predecessor-version":[{"id":2681,"href":"https:\/\/inhidestore.com\/tr\/wp-json\/wp\/v2\/product\/602\/revisions\/2681"}],"wp:featuredmedia":[{"embeddable":true,"href":"https:\/\/inhidestore.com\/tr\/wp-json\/wp\/v2\/media\/149"}],"wp:attachment":[{"href":"https:\/\/inhidestore.com\/tr\/wp-json\/wp\/v2\/media?parent=602"}],"wp:term":[{"taxonomy":"product_brand","embeddable":true,"href":"https:\/\/inhidestore.com\/tr\/wp-json\/wp\/v2\/product_brand?post=602"},{"taxonomy":"product_cat","embeddable":true,"href":"https:\/\/inhidestore.com\/tr\/wp-json\/wp\/v2\/product_cat?post=602"},{"taxonomy":"product_tag","embeddable":true,"href":"https:\/\/inhidestore.com\/tr\/wp-json\/wp\/v2\/product_tag?post=602"}],"curies":[{"name":"wp","href":"https:\/\/api.w.org\/{rel}","templated":true}]}}